{"id":12804,"date":"2017-02-15T16:58:40","date_gmt":"2017-02-15T15:58:40","guid":{"rendered":"https:\/\/lyonelkaufmann.ch\/histoire\/?page_id=12804"},"modified":"2020-02-19T07:51:19","modified_gmt":"2020-02-19T06:51:19","slug":"bp43mep-9-comment-penser-les-monde-daujourdhui-et-de-demain-par-lintermediaire-des-disciplines-des-sciences-humaines-et-sociales","status":"publish","type":"page","link":"https:\/\/lyonelkaufmann.ch\/histoire\/mes-cours\/bp43mep-9-comment-penser-les-monde-daujourdhui-et-de-demain-par-lintermediaire-des-disciplines-des-sciences-humaines-et-sociales\/","title":{"rendered":"BP43MEP-9 \u00abComment penser le monde d&rsquo;aujourd&rsquo;hui et de demain, par l&rsquo;interm\u00e9diaire des disciplines des sciences humaines et sociales ?\u00bb"},"content":{"rendered":"<h3><b>Pr\u00e9sentation du s\u00e9minaire<\/b><\/h3>\n<hr \/>\n<p>Les finalit\u00e9s que l\u2019institution scolaire assigne aux disciplines des sciences humaines et sociales sont ambitieuses et convergent de mani\u00e8re explicite vers deux \u00ab\u00a0p\u00f4les\u00a0\u00bb : donner aux \u00e9l\u00e8ves les moyens de comprendre le monde actuel et contribuer \u00e0 ce que les \u00e9l\u00e8ves d\u2019aujourd\u2019hui deviennent demain des citoyens responsables.<\/p>\n<p>Les \u00e9l\u00e8ves sont donc amen\u00e9s \u00e0 s\u2019interroger sur les relations qui se construisent dans le temps et dans l\u2019espace \u00e0 l\u2019int\u00e9rieur des soci\u00e9t\u00e9s humaines et entre elles. Ils questionnent les liens que les hommes tissent avec leur environnement culturel, social, \u00e9conomique, politique et biophysique. Cela suppose que les \u00e9l\u00e8ves s\u2019approprient progressivement les connaissances et les outils intellectuels qui permettent de penser le monde, de se forger une opinion fond\u00e9e et d\u2019agir de mani\u00e8re raisonn\u00e9e.<\/p>\n<p><strong>Plusieurs d\u00e9fis didactiques <\/strong>sont actuellement \u00e9tudi\u00e9s par les formatrices et formateurs de l\u2019UER. Ils pourraient servir de point d\u2019ancrage en vue de l\u2019\u00e9laboration d\u2019un m\u00e9moire professionnel :<\/p>\n<ol>\n<li><em>\u00a0Les questions socialement vives <\/em>(QSV) constituent une premi\u00e8re entr\u00e9e possible. Il s\u2019agit d\u2019\u00e9tudier comment une question faisant d\u00e9bat dans le champ scientifique et dans l\u2019espace social peut \u00eatre travaill\u00e9e dans le champ scolaire. Plusieurs recherches ont par exemple montr\u00e9 que l\u2019enqu\u00eate, le jeu de r\u00f4les ou le d\u00e9bat permettent aux \u00e9l\u00e8ves de construire des comp\u00e9tences cognitives, \u00e9thiques et sociales utiles au futur citoyen.<\/li>\n<li><em>L\u2019\u00e9ducation en vue du d\u00e9veloppement durable<\/em> (EDD) est aujourd\u2019hui pos\u00e9e comme un d\u00e9fi qui questionne le r\u00f4le des disciplines scolaires et qui n\u00e9cessite de prendre en compte les relations entre les connaissances et l\u2019action. En outre, l\u2019EDD fournit aux \u00e9l\u00e8ves des outils permettant d\u2019appr\u00e9hender la complexit\u00e9 du monde. Il s\u2019agit donc de distinguer l\u2019essentiel de l\u2019accessoire, de proc\u00e9der \u00e0 des choix sans tomber dans la simplification abusive et de concevoir des situations et des dispositifs scolaires ad\u00e9quats.<\/li>\n<li><em>Les enjeux sp\u00e9cifiques \u00e0 la discipline Ethique et cultures religieuses <\/em>m\u00e9ritent aussi d\u2019\u00eatre investigu\u00e9s : en premier lieu, les croyances en des personnages l\u00e9gendaires qui peuplent le monde de la prime enfance et qui sont transmises par la famille, mais aussi, souvent, par l\u2019\u00e9cole et la soci\u00e9t\u00e9 tout enti\u00e8re (le P\u00e8re No\u00ebl, la petite souris ou le lapin de P\u00e2ques). Comment les traiter en classe et comment r\u00e9pondre aux questions qu\u2019elles suscitent ? Et comment les diff\u00e9rencier des croyances religieuses ? Deuxi\u00e8mement, les sujets portant sur l\u2019interf\u00e9rence des religions dans la vie scolaire. Enfin, la place de la mort \u00e0 l\u2019\u00e9cole : quand elle s\u2019invite inopin\u00e9ment en classe par le biais du d\u00e9c\u00e8s d\u2019un \u00e9l\u00e8ve, d\u2019un parent ou d\u2019un enseignant, ou quand elle suscite des questionnements philosophiques.<\/li>\n<li><em>En Histoire, la question de la place du t\u00e9moignage oral et de sa probl\u00e9matisation <\/em> fait l\u2019objet d\u2019un projet de recherche interinstitutionnel. Dans quelle mesure, la familiarisation avec la d\u00e9marche d\u2019enqu\u00eate dans le cadre d\u2019un projet d\u2019histoire orale d\u00e9veloppe-t-il la pens\u00e9e historienne des \u00e9l\u00e8ves\u00a0? Comment le travail de probl\u00e9matisation et d\u2019historicisation donne-t-il sens aux exp\u00e9riences des t\u00e9moins en tant que contribution \u00e0 la connaissance historique\u00a0? A quelles conditions la r\u00e9colte de t\u00e9moignages oraux permet-elle d\u2019aborder les questions de l\u2019alt\u00e9rit\u00e9 et de l\u2019interculturalit\u00e9\u00a0?<\/li>\n<\/ol>\n<p>Pour tous ces sujets, la question et la place de la <em>culture digitale<\/em> qui modifie nos modes de pens\u00e9e, nos m\u00e9thodes de travail, et, de fait, l\u2019organisation du syst\u00e8me scolaire peut \u00eatre int\u00e9gr\u00e9e ou \u00eatre abord\u00e9e pour elle-m\u00eame concernant les SHS (production de mat\u00e9riel p\u00e9dagogique num\u00e9rique, utilisation de ressources et de dispositifs num\u00e9riques con\u00e7us sp\u00e9cifiquement ou non pour l\u2019enseignement).<\/p>\n<p><b>Planification synth\u00e9tique des s\u00e9ances<\/b><\/p>\n<table style=\"height: 2049px;\" width=\"645\">\n<tbody>\n<tr>\n<td width=\"74\"><strong>Date<\/strong><\/td>\n<td width=\"85\"><strong>Salle<\/strong><\/td>\n<td width=\"463\"><strong>Contenus<\/strong><\/td>\n<td width=\"0\"><\/td>\n<\/tr>\n<tr>\n<td width=\"74\">19.02<\/td>\n<td width=\"85\">C33-823<\/td>\n<td width=\"463\">&#8211; Introduction (formation par la recherche : enjeux et implications)<\/p>\n<p>&#8211; Attentes et craintes\u00a0des \u00e9tudiant-e-s par rapport au module, au MP<\/p>\n<p>&#8211; Pourquoi un MP en SHS ? Comment envisagez-vous votre MP en ce domaine ? Id\u00e9e de th\u00e8me\/sujet ?\u00a0Interrogations\u2026<\/p>\n<p>&#8211; Acc\u00e8s \u00e0 la plate-forme Moodle : cl\u00e9 d\u2019acc\u00e8s \u00ab\u00a0monde\u00a0\u00bb + site internet du formateur (<a href=\"https:\/\/wp.me\/P1rJVM-3kw\">https:\/\/wp.me\/P1rJVM-3kw<\/a>)<\/p>\n<p>&#8211; Pr\u00e9sentation du s\u00e9minaire : horaire, polycopi\u00e9, certification, contenus<\/p>\n<p>&#8211; Liste de sujets de MP<\/td>\n<td width=\"0\">&nbsp;<\/td>\n<\/tr>\n<tr>\n<td width=\"74\">26.02<\/td>\n<td width=\"85\">C33-823<\/td>\n<td width=\"463\">Objet de la recherche et revue de la litt\u00e9rature : a) l&rsquo;EDD<\/p>\n<p>Objet de la recherche et revue de la litt\u00e9rature : b) les QSV (Questions Sociales Vives)<\/td>\n<td width=\"0\">&nbsp;<\/td>\n<\/tr>\n<tr>\n<td width=\"74\">04.03<\/td>\n<td width=\"85\"><strong>C33-229<\/strong><\/td>\n<td width=\"463\">S\u00e9ance recherche bibliographique &#8211; Animation BCU. <strong>Attention au lieu de la s\u00e9ance<\/strong> (C33-229)<\/td>\n<td width=\"0\">&nbsp;<\/td>\n<\/tr>\n<tr>\n<td width=\"74\">11.03<\/td>\n<td width=\"85\">C33-823<\/td>\n<td width=\"463\">Objet de la recherche et revue de la litt\u00e9rature : c) D\u00e9velopper l\u2019enqu\u00eate et la cr\u00e9ativit\u00e9 en classe d\u2019histoire \u00e0 l\u2019appui des t\u00e9moignages oraux<\/td>\n<td width=\"0\">&nbsp;<\/td>\n<\/tr>\n<tr>\n<td width=\"74\">18.03<\/td>\n<td width=\"85\">C33-823<\/td>\n<td width=\"463\">D\u00e9marche quantitative vs qualitative<\/p>\n<p>Trois crit\u00e8res de scientificit\u00e9<\/p>\n<p>Le genre \u00ab\u00a0esquisse\u00a0\u00bb de MP<\/td>\n<td width=\"0\">&nbsp;<\/td>\n<\/tr>\n<tr>\n<td width=\"74\">25.03<\/td>\n<td width=\"85\">C33-823<\/td>\n<td width=\"463\">Les dispositifs de production des donn\u00e9es :<\/p>\n<p>a) l\u2019analyse th\u00e9matique<\/p>\n<p>b) l\u2019analyse par cat\u00e9gories conceptualisantes<\/p>\n<p>c) l\u2019analyse dialogue des interactions<\/td>\n<td width=\"0\">&nbsp;<\/td>\n<\/tr>\n<tr>\n<td width=\"74\">01.04<\/td>\n<td width=\"85\">&nbsp;<\/td>\n<td width=\"463\"><em>Pas de s\u00e9ance (temps de travail pour l\u2019esquisse)<\/em><\/td>\n<td width=\"0\">&nbsp;<\/td>\n<\/tr>\n<tr>\n<td width=\"74\">06.04<\/td>\n<td width=\"85\">&nbsp;<\/td>\n<td width=\"463\"><strong>Restitution de l\u2019esquisse. Ici\u00a0: <\/strong><a href=\"https:\/\/elearning.hepl.ch\/mod\/forum\/discuss.php?d=9225\"><strong>Moodle<\/strong><\/a> | Discussion des esquisses<\/td>\n<td width=\"0\"><\/td>\n<\/tr>\n<tr>\n<td width=\"74\">08.04<\/td>\n<td width=\"85\">Yverdon<\/td>\n<td width=\"463\">Ludovia#CH\u00a0: <a href=\"http:\/\/ludovia.ch\/\">http:\/\/ludovia.ch<\/a> (inscription en ligne)<\/td>\n<td width=\"0\">&nbsp;<\/td>\n<\/tr>\n<tr>\n<td width=\"74\">22.04<\/td>\n<td width=\"85\">C33-823<\/td>\n<td width=\"463\">Discussion des esquisses ()<\/td>\n<td width=\"0\">&nbsp;<\/td>\n<\/tr>\n<tr>\n<td width=\"74\">29.04<\/td>\n<td width=\"85\">C33-823<\/td>\n<td width=\"463\">Discussion des esquisses (2)<\/td>\n<td width=\"0\">&nbsp;<\/td>\n<\/tr>\n<tr>\n<td width=\"74\">06 .05<\/td>\n<td width=\"85\">C33-823<\/td>\n<td width=\"463\">L\u2019\u00e9criture scientifique<\/td>\n<td width=\"0\">&nbsp;<\/td>\n<\/tr>\n<tr>\n<td width=\"74\">13.05<\/td>\n<td width=\"85\">C33-823<\/td>\n<td width=\"463\">La question des r\u00e9f\u00e9rences<\/td>\n<td width=\"0\"><\/td>\n<\/tr>\n<tr>\n<td width=\"74\">20.05<\/td>\n<td width=\"85\">C33-823<\/td>\n<td width=\"463\"><em>Pas de s\u00e9ance |<\/em> R\u00e9daction du projet \/ A disposition pour des questions.<\/td>\n<td width=\"0\">&nbsp;<\/td>\n<\/tr>\n<tr>\n<td width=\"74\">27.05<\/p>\n<p>&nbsp;<\/td>\n<td width=\"85\">C33-823<\/td>\n<td width=\"463\"><em>Pas de s\u00e9ance<\/em> \/ R\u00e9daction du projet \/ A disposition pour des questions. <strong>Restitution du projet de MP (Moodle)<\/strong> pour <strong>le mercredi 10 juin 2020<\/strong><\/td>\n<td width=\"0\"><\/td>\n<\/tr>\n<\/tbody>\n<\/table>\n<hr \/>\n<h2>Archives du s\u00e9minaire (2017)<\/h2>\n<h3><b>Premi\u00e8re s\u00e9ance : Introduction et Pr\u00e9sentation du s\u00e9minaire<\/b><\/h3>\n<hr \/>\n<p>Fil rouge de la s\u00e9ance 1 : <a href=\"https:\/\/www.evernote.com\/shard\/s1\/sh\/7cc4f7fa-8f6f-44fe-9228-3a806b2c77c9\/379209486f9d513da4a421772f66a72f\" target=\"_blank\" rel=\"noopener noreferrer\">https:\/\/www.evernote.com\/shard\/s1\/sh\/7cc4f7fa-8f6f-44fe-9228-3a806b2c77c9\/379209486f9d513da4a421772f66a72f<\/a><br \/>\nProlongement (lecture) : <a href=\"https:\/\/lyonelkaufmann.ch\/histoire\/2017\/02\/22\/bp43mep-9-isidore-et-ganesh-un-carnet-de-recherche-de-memoire-professionnel-en-shs\/\" target=\"_blank\" rel=\"noopener noreferrer\">BP43MEP-9: Isidore et Ganesh, un carnet de recherche de m\u00e9moire professionnel en SHS<\/a><\/p>\n<p>Attentes et craintes exprim\u00e9es par les \u00e9tudiants et premi\u00e8res orientations de th\u00e8mes\/sujets de M\u00e9moire professionnel :\u00a0<a href=\"https:\/\/www.evernote.com\/shard\/s1\/sh\/c711d8c9-cb05-4e30-9089-c5dfbf13b300\/c644d9624ea8ffb12ac527f259e69f24\" target=\"_blank\" rel=\"noopener noreferrer\">https:\/\/www.evernote.com\/shard\/s1\/sh\/c711d8c9-cb05-4e30-9089-c5dfbf13b300\/c644d9624ea8ffb12ac527f259e69f24<\/a><\/p>\n<hr \/>\n<h3><b>Deuxi\u00e8me s\u00e9ance :\u00a0Recherche documentaire (RERO, recherche par sujet, Cairn)<\/b><\/h3>\n<hr \/>\n<p>Compl\u00e9ment \u00e0 la s\u00e9ance :\u00a0<a href=\"https:\/\/lyonelkaufmann.ch\/histoire\/2017\/03\/01\/bp43mep-isidore-une-plateforme-dacces-aux-donnees-numeriques-des-shs\/\" target=\"_blank\" rel=\"noopener noreferrer\">BP43MEP : Isidore, une plateforme d\u2019acc\u00e8s aux donn\u00e9es num\u00e9riques des SHS<\/a>. La plateforme d\u2019acc\u00e8s Isidore offre un acc\u00e8s aux donn\u00e9es num\u00e9riques en SHS. Elle pourrait vous \u00eatre utile.<\/p>\n<hr \/>\n<h3><b>Troisi\u00e8me s\u00e9ance :\u00a0Questions sociales vives (QSV)<\/b><\/h3>\n<hr \/>\n<p>La pr\u00e9sentation :\u00a0<a href=\"https:\/\/lyonelkaufmann.ch\/histoire\/wp-content\/uploads\/2017\/02\/BP43MEP_Seance3_QuestionsSocialesVives-1.pdf\">BP43MEP_Seance3_QuestionsSocialesVives<\/a>\u00a0(.pdf 2mb)<\/p>\n<p>Les autres documents sont sur la plate-forme Moodle.<\/p>\n<hr \/>\n<h3><strong>Quatri\u00e8me s\u00e9ance : Construire une probl\u00e9matique autour de l&rsquo;Education au d\u00e9veloppement durable (EDD)<\/strong><\/h3>\n<hr \/>\n<p>D\u00e9roulement du s\u00e9minaire :\u00a0<a href=\"https:\/\/lyonelkaufmann.ch\/histoire\/wp-content\/uploads\/2017\/02\/BP43MEP_Seance4_EDD_2017.pdf\">BP43MEP_Seance4_EDD_2017<\/a><\/p>\n<p>Les autres documents sont sur la plate-forme Moodle.<\/p>\n<hr \/>\n<h3><strong>Cinqui\u00e8me\u00a0s\u00e9ance :\u00a0Objet de la recherche et revue de la litt\u00e9rature : c) La culture digitale<\/strong><\/h3>\n<hr \/>\n<p>Culture digitale en Sciences humaines et sociales :\u00a0<a href=\"https:\/\/lyonelkaufmann.ch\/histoire\/wp-content\/uploads\/2017\/02\/DigitalCulture2017.pdf\">DigitalCulture2017<\/a>\u00a0(.pdf 1,8 mb)<\/p>\n<p>Les autres documents sont sur la plate-forme Moodle.<\/p>\n<hr \/>\n<h3><strong>Huiti\u00e8me s\u00e9ance :\u00a0Les dispositifs de production des donn\u00e9es<\/strong><\/h3>\n<hr \/>\n<p>Pr\u00e9ambule : retour sur les esquisses et la discussion<\/p>\n<p><a href=\"https:\/\/i0.wp.com\/lyonelkaufmann.ch\/histoire\/wp-content\/uploads\/2017\/02\/M%C3%A9moire-professionnel-crit%C3%A8res-de-rigueur.png?ssl=1\"><img data-recalc-dims=\"1\" loading=\"lazy\" decoding=\"async\" data-attachment-id=\"13057\" data-permalink=\"https:\/\/lyonelkaufmann.ch\/histoire\/mes-cours\/bp43mep-9-comment-penser-les-monde-daujourdhui-et-de-demain-par-lintermediaire-des-disciplines-des-sciences-humaines-et-sociales\/memoire-professionnel-criteres-de-rigueur\/\" data-orig-file=\"https:\/\/i0.wp.com\/lyonelkaufmann.ch\/histoire\/wp-content\/uploads\/2017\/02\/M%C3%A9moire-professionnel-crit%C3%A8res-de-rigueur.png?fit=2683%2C3114&amp;ssl=1\" data-orig-size=\"2683,3114\" data-comments-opened=\"1\" data-image-meta=\"{&quot;aperture&quot;:&quot;0&quot;,&quot;credit&quot;:&quot;&quot;,&quot;camera&quot;:&quot;&quot;,&quot;caption&quot;:&quot;&quot;,&quot;created_timestamp&quot;:&quot;0&quot;,&quot;copyright&quot;:&quot;&quot;,&quot;focal_length&quot;:&quot;0&quot;,&quot;iso&quot;:&quot;0&quot;,&quot;shutter_speed&quot;:&quot;0&quot;,&quot;title&quot;:&quot;&quot;,&quot;orientation&quot;:&quot;0&quot;}\" data-image-title=\"M\u00e9moire professionnel &amp;#8211; crit\u00e8res de rigueur\" data-image-description=\"\" data-image-caption=\"\" data-medium-file=\"https:\/\/i0.wp.com\/lyonelkaufmann.ch\/histoire\/wp-content\/uploads\/2017\/02\/M%C3%A9moire-professionnel-crit%C3%A8res-de-rigueur.png?fit=258%2C300&amp;ssl=1\" data-large-file=\"https:\/\/i0.wp.com\/lyonelkaufmann.ch\/histoire\/wp-content\/uploads\/2017\/02\/M%C3%A9moire-professionnel-crit%C3%A8res-de-rigueur.png?fit=700%2C812&amp;ssl=1\" class=\"aligncenter size-large wp-image-13057\" src=\"https:\/\/i0.wp.com\/lyonelkaufmann.ch\/histoire\/wp-content\/uploads\/2017\/02\/M%C3%A9moire-professionnel-crit%C3%A8res-de-rigueur.png?resize=700%2C812&#038;ssl=1\" alt=\"\" width=\"700\" height=\"812\" srcset=\"https:\/\/i0.wp.com\/lyonelkaufmann.ch\/histoire\/wp-content\/uploads\/2017\/02\/M%C3%A9moire-professionnel-crit%C3%A8res-de-rigueur.png?resize=700%2C812&amp;ssl=1 700w, https:\/\/i0.wp.com\/lyonelkaufmann.ch\/histoire\/wp-content\/uploads\/2017\/02\/M%C3%A9moire-professionnel-crit%C3%A8res-de-rigueur.png?resize=258%2C300&amp;ssl=1 258w, https:\/\/i0.wp.com\/lyonelkaufmann.ch\/histoire\/wp-content\/uploads\/2017\/02\/M%C3%A9moire-professionnel-crit%C3%A8res-de-rigueur.png?resize=768%2C891&amp;ssl=1 768w, https:\/\/i0.wp.com\/lyonelkaufmann.ch\/histoire\/wp-content\/uploads\/2017\/02\/M%C3%A9moire-professionnel-crit%C3%A8res-de-rigueur.png?resize=800%2C929&amp;ssl=1 800w, https:\/\/i0.wp.com\/lyonelkaufmann.ch\/histoire\/wp-content\/uploads\/2017\/02\/M%C3%A9moire-professionnel-crit%C3%A8res-de-rigueur.png?w=2000&amp;ssl=1 2000w\" sizes=\"auto, (max-width: 700px) 100vw, 700px\" \/><\/a><\/p>\n<div>\n<p><strong>Les dispositifs de production des donn\u00e9es<\/strong><\/p>\n<\/div>\n<div>a) <a href=\"https:\/\/www.evernote.com\/l\/AAHlOE0gDB1C2pPm0aI98l7GkTw8RdO5kXY\" target=\"_blank\" rel=\"noopener noreferrer\">L&rsquo;analyse th\u00e9matique<\/a><\/div>\n<div>b) <a href=\"https:\/\/www.evernote.com\/l\/AAGxBBya5_5Cor3L9r9kF5-d6axpnmsKSks\" target=\"_blank\" rel=\"noopener noreferrer\">L\u2019analyse par cat\u00e9gories conceptualisantes<\/a><\/div>\n<div>c) <a href=\"https:\/\/www.evernote.com\/l\/AAHScgeEi6lGGKuE0lia_gVb9xBE43iNkEM\" target=\"_blank\" rel=\"noopener noreferrer\">L&rsquo;analyse dialogue des interactions<\/a><\/div>\n<div>d)\u00a0<a href=\"https:\/\/www.evernote.com\/l\/AAGwUuQcnD5KXIA3LXr5VA_F3gkw57-0rxU\" target=\"_blank\" rel=\"noopener noreferrer\">L&rsquo;analyse textuelle<\/a><\/div>\n<div>d)\u00a0<a href=\"https:\/\/www.evernote.com\/l\/AAFL_FDw33pKRaFCZLTdOSQLw2E0u3sxSn8\" target=\"_blank\" rel=\"noopener noreferrer\">Le tableau synoptique<\/a><\/div>\n<div><\/div>\n<div><\/div>\n<div>\n<hr \/>\n<\/div>\n<div>\n<h3><strong>Neuvi\u00e8me\u00a0s\u00e9ance :\u00a0L&rsquo;\u00e9criture scientifique<\/strong><\/h3>\n<hr \/>\n<p>Fil rouge de la neuvi\u00e8me s\u00e9ance : <a href=\"https:\/\/www.evernote.com\/l\/AAEKFlMOOq1CN6ieAl5lxsEIXggtlURf-w8\" target=\"_blank\" rel=\"noopener noreferrer\">l&rsquo;\u00e9criture scientifique<\/a><\/p>\n<hr \/>\n<h3>Dixi\u00e8me s\u00e9ance : Les r\u00e9f\u00e9rences bibliographiques avec la norme APA<\/h3>\n<hr \/>\n<p>Le document de la s\u00e9ance et l&rsquo;exercice :\u00a0<a href=\"https:\/\/www.evernote.com\/l\/AAHA9qtVwPpDzKgoaaMSiUfqnxCdof5OCOY\" target=\"_blank\" rel=\"noopener noreferrer\">https:\/\/www.evernote.com\/l\/AAHA9qtVwPpDzKgoaaMSiUfqnxCdof5OCOY<\/a><\/p>\n<p>Pour g\u00e9rer ses r\u00e9f\u00e9rences, les int\u00e9grer dans ses travaux et collaborer :\u00a0<a href=\"https:\/\/www.zotero.org\" target=\"_blank\" rel=\"noopener noreferrer\">Zotero<\/a><\/p>\n<\/div>\n","protected":false},"excerpt":{"rendered":"<p>Pr\u00e9sentation du s\u00e9minaire Les finalit\u00e9s que l\u2019institution scolaire assigne aux disciplines des sciences humaines et sociales sont ambitieuses et convergent de mani\u00e8re explicite vers deux \u00ab\u00a0p\u00f4les\u00a0\u00bb : donner aux \u00e9l\u00e8ves les moyens de comprendre le monde actuel et contribuer \u00e0 ce que les \u00e9l\u00e8ves d\u2019aujourd\u2019hui deviennent demain des citoyens responsables. Les \u00e9l\u00e8ves sont donc amen\u00e9s [&hellip;]<\/p>\n","protected":false},"author":1,"featured_media":0,"parent":351,"menu_order":0,"comment_status":"closed","ping_status":"closed","template":"","meta":{"_import_markdown_pro_load_document_selector":0,"_import_markdown_pro_submit_text_textarea":"","_genesis_hide_title":false,"_genesis_hide_breadcrumbs":false,"_genesis_hide_singular_image":false,"_genesis_hide_footer_widgets":false,"_genesis_custom_body_class":"","_genesis_custom_post_class":"","_genesis_layout":"","jetpack_post_was_ever_published":false,"footnotes":""},"class_list":{"0":"post-12804","1":"page","2":"type-page","3":"status-publish","5":"entry"},"featured_image_src":null,"featured_image_src_square":null,"jetpack_sharing_enabled":true,"jetpack_shortlink":"https:\/\/wp.me\/P1rJVM-3kw","jetpack_likes_enabled":true,"jetpack-related-posts":[{"id":11992,"url":"https:\/\/lyonelkaufmann.ch\/histoire\/mes-cours\/msint11-1-10-seminaire-dintegration-s1\/","url_meta":{"origin":12804,"position":0},"title":"MSINT S\u00e9minaire d&rsquo;int\u00e9gration Secondaire 1","author":"Lyonel Kaufmann","date":"20 septembre 2016","format":false,"excerpt":"Le s\u00e9minaire d\u2019int\u00e9gration a pour objectif central d\u2019accompagner l\u2019\u00e9tudiant[1] dans la construction de liens entre la th\u00e9orie et la pratique. Les apports de la didactique et des sciences de l\u2019\u00e9ducation ainsi que la prise en compte de l\u2019exp\u00e9rience et du parcours ant\u00e9rieur de l\u2019\u00e9tudiant sont mis en regard de la\u2026","rel":"","context":"Article similaire","block_context":{"text":"Article similaire","link":""},"img":{"alt_text":"","src":"https:\/\/i0.wp.com\/lyonelkaufmann.ch\/histoire\/wp-content\/uploads\/2016\/09\/RapportAuSavoir_Th%C3%A9ories.png?resize=350%2C200&ssl=1","width":350,"height":200,"srcset":"https:\/\/i0.wp.com\/lyonelkaufmann.ch\/histoire\/wp-content\/uploads\/2016\/09\/RapportAuSavoir_Th%C3%A9ories.png?resize=350%2C200&ssl=1 1x, https:\/\/i0.wp.com\/lyonelkaufmann.ch\/histoire\/wp-content\/uploads\/2016\/09\/RapportAuSavoir_Th%C3%A9ories.png?resize=525%2C300&ssl=1 1.5x, https:\/\/i0.wp.com\/lyonelkaufmann.ch\/histoire\/wp-content\/uploads\/2016\/09\/RapportAuSavoir_Th%C3%A9ories.png?resize=700%2C400&ssl=1 2x, https:\/\/i0.wp.com\/lyonelkaufmann.ch\/histoire\/wp-content\/uploads\/2016\/09\/RapportAuSavoir_Th%C3%A9ories.png?resize=1050%2C600&ssl=1 3x, https:\/\/i0.wp.com\/lyonelkaufmann.ch\/histoire\/wp-content\/uploads\/2016\/09\/RapportAuSavoir_Th%C3%A9ories.png?resize=1400%2C800&ssl=1 4x"},"classes":[]},{"id":4960,"url":"https:\/\/lyonelkaufmann.ch\/histoire\/articles-publications\/","url_meta":{"origin":12804,"position":1},"title":"Mes\u00a0Publications","author":"Lyonel Kaufmann","date":"27 janvier 2012","format":false,"excerpt":"Lyonel Kaufmann : Liste des publications (2008-2024) | Etat au 2 juillet 2025 2024 Kaufmann, L. (2024). Enqu\u00eater en histoire \u00e0 l'\u00e8re num\u00e9rique. Dans N. Fink, S. Doussot et M.-A. Ethier (Eds.), Didactique de l'histoire et comp\u00e9tences critiques. Penser l'apprentissage de l'histoire par la notion d'enqu\u00eate (pp. 41-60). Louvain-la-Neuve, Belgique:\u2026","rel":"","context":"Article similaire","block_context":{"text":"Article similaire","link":""},"img":{"alt_text":"","src":"https:\/\/i0.wp.com\/lyonelkaufmann.ch\/histoire\/wp-content\/uploads\/2018\/04\/AD559835-4347-45F2-BEEA-75C31AC0E818.jpeg?fit=960%2C637&ssl=1&resize=350%2C200","width":350,"height":200,"srcset":"https:\/\/i0.wp.com\/lyonelkaufmann.ch\/histoire\/wp-content\/uploads\/2018\/04\/AD559835-4347-45F2-BEEA-75C31AC0E818.jpeg?fit=960%2C637&ssl=1&resize=350%2C200 1x, https:\/\/i0.wp.com\/lyonelkaufmann.ch\/histoire\/wp-content\/uploads\/2018\/04\/AD559835-4347-45F2-BEEA-75C31AC0E818.jpeg?fit=960%2C637&ssl=1&resize=525%2C300 1.5x, https:\/\/i0.wp.com\/lyonelkaufmann.ch\/histoire\/wp-content\/uploads\/2018\/04\/AD559835-4347-45F2-BEEA-75C31AC0E818.jpeg?fit=960%2C637&ssl=1&resize=700%2C400 2x"},"classes":[]},{"id":3773,"url":"https:\/\/lyonelkaufmann.ch\/histoire\/medias-technologies\/organiser-sa-veille-a-laide-des-tice\/","url_meta":{"origin":12804,"position":2},"title":"Organiser sa veille \u00e0 l&#039;aide des Tice","author":"Lyonel Kaufmann","date":"28 mai 2011","format":false,"excerpt":"Objectifs: Comment veiller? Comment faire pour que l'information vienne directement \u00e0 moi? Quels sont les possibilit\u00e9s d'\u00e9changes et de mise en r\u00e9seau? Il \u00e9tait une fois\u2026 Les signets dans son navigateur web. Pour une br\u00e8ve webographie (tacite.ch). A cette liste, j'ajoute un portail r\u00e9cent d\u00e9di\u00e9 sp\u00e9cifiquement aux sciences historiques en\u2026","rel":"","context":"Article similaire","block_context":{"text":"Article similaire","link":""},"img":{"alt_text":"","src":"","width":0,"height":0},"classes":[]},{"id":13819,"url":"https:\/\/lyonelkaufmann.ch\/histoire\/mes-cours\/bp22shs-dispositifs-didactiques-en-sciences-sociales\/","url_meta":{"origin":12804,"position":3},"title":"BP22SHS &#8211; Dispositifs didactiques en sciences sociales","author":"Lyonel Kaufmann","date":"16 f\u00e9vrier 2018","format":false,"excerpt":"Ann\u00e9e acad\u00e9mique 2018-2019 - Semestre de printemps Calendrier des s\u00e9ances : Groupes 9, 10, 13 et 16\u00a0: les lundis 18 et 25 f\u00e9vrier, 4 et 11 mars 2019 Groupes 8 et 12\u00a0: les lundis 18 et 25 mars, 1eret 8 avril 2019 Groupes 7, 11, 14 et 15\u00a0: les lundis\u2026","rel":"","context":"Article similaire","block_context":{"text":"Article similaire","link":""},"img":{"alt_text":"","src":"https:\/\/i0.wp.com\/img.youtube.com\/vi\/rGW17rtGyEo\/0.jpg?resize=350%2C200","width":350,"height":200},"classes":[]},{"id":132,"url":"https:\/\/lyonelkaufmann.ch\/histoire\/transposer-planifier-evaluer\/histoire-et-pedagogie-differenciee\/","url_meta":{"origin":12804,"position":4},"title":"Histoire et p\u00e9dagogie diff\u00e9renci\u00e9e","author":"Lyonel Kaufmann","date":"22 octobre 2006","format":false,"excerpt":"Ce document a \u00e9t\u00e9 distribu\u00e9 \u00e0 la suite d\u2019une s\u00e9ance de didactique avec des stagiaires du S\u00e9minaire p\u00e9dagogique de l\u2019enseignement secondaire (SPES) en 2000-2001. Sa valeur est celle d\u2019un document de travail et de r\u00e9flexion. Il a \u00e9t\u00e9 \u201ctoilett\u00e9\u201d depuis. G\u00e9n\u00e9ralit\u00e9s 1\u00b0 Pour Przesmycki (P\u00e9dagogie diff\u00e9renci\u00e9e, Hachette Education, 1991), la\u2026","rel":"","context":"Article similaire","block_context":{"text":"Article similaire","link":""},"img":{"alt_text":"","src":"","width":0,"height":0},"classes":[]},{"id":358,"url":"https:\/\/lyonelkaufmann.ch\/histoire\/mes-cours\/mshis31-didactique-de-lhistoire\/","url_meta":{"origin":12804,"position":5},"title":"MSHIS31 &#8211; Didactique de l&rsquo;histoire I","author":"Lyonel Kaufmann","date":"7 septembre 2008","format":false,"excerpt":"S\u00e9minaire S1 - ann\u00e9e 2018-2019 Pour les conditions cadres et les \u00e9l\u00e9ments du cours 2017, je vous laisse le soin de consulter la plate forme eleaning (Moodle) de la HEP Vaud :\u00a0http:\/\/elearning.hepl.ch\/course\/view.php?id=75 La grille d'\u00e9valuation :\u00a0Evaluation MSHIS 31 2017 Liste des s\u00e9ances et th\u00e9matiques abord\u00e9es en s\u00e9minaire S1: 2.10.2018 :\u2026","rel":"","context":"Article similaire","block_context":{"text":"Article similaire","link":""},"img":{"alt_text":"cours_tenochtitlan","src":"https:\/\/i0.wp.com\/lyonelkaufmann.ch\/histoire\/wp-content\/uploads\/2008\/09\/Cours_Tenochtitlan-700x307.png?resize=350%2C200&ssl=1","width":350,"height":200,"srcset":"https:\/\/i0.wp.com\/lyonelkaufmann.ch\/histoire\/wp-content\/uploads\/2008\/09\/Cours_Tenochtitlan-700x307.png?resize=350%2C200&ssl=1 1x, https:\/\/i0.wp.com\/lyonelkaufmann.ch\/histoire\/wp-content\/uploads\/2008\/09\/Cours_Tenochtitlan-700x307.png?resize=525%2C300&ssl=1 1.5x, https:\/\/i0.wp.com\/lyonelkaufmann.ch\/histoire\/wp-content\/uploads\/2008\/09\/Cours_Tenochtitlan-700x307.png?resize=700%2C400&ssl=1 2x"},"classes":[]}],"_links":{"self":[{"href":"https:\/\/lyonelkaufmann.ch\/histoire\/wp-json\/wp\/v2\/pages\/12804","targetHints":{"allow":["GET"]}}],"collection":[{"href":"https:\/\/lyonelkaufmann.ch\/histoire\/wp-json\/wp\/v2\/pages"}],"about":[{"href":"https:\/\/lyonelkaufmann.ch\/histoire\/wp-json\/wp\/v2\/types\/page"}],"author":[{"embeddable":true,"href":"https:\/\/lyonelkaufmann.ch\/histoire\/wp-json\/wp\/v2\/users\/1"}],"replies":[{"embeddable":true,"href":"https:\/\/lyonelkaufmann.ch\/histoire\/wp-json\/wp\/v2\/comments?post=12804"}],"version-history":[{"count":0,"href":"https:\/\/lyonelkaufmann.ch\/histoire\/wp-json\/wp\/v2\/pages\/12804\/revisions"}],"up":[{"embeddable":true,"href":"https:\/\/lyonelkaufmann.ch\/histoire\/wp-json\/wp\/v2\/pages\/351"}],"wp:attachment":[{"href":"https:\/\/lyonelkaufmann.ch\/histoire\/wp-json\/wp\/v2\/media?parent=12804"}],"curies":[{"name":"wp","href":"https:\/\/api.w.org\/{rel}","templated":true}]}}