{"id":13321,"date":"2017-09-21T08:34:25","date_gmt":"2017-09-21T07:34:25","guid":{"rendered":"https:\/\/lyonelkaufmann.ch\/histoire\/?page_id=13321"},"modified":"2017-09-21T13:04:32","modified_gmt":"2017-09-21T12:04:32","slug":"mssh35-2-ludovia-ch","status":"publish","type":"page","link":"https:\/\/lyonelkaufmann.ch\/histoire\/mes-cours\/mssh35-2-ludovia-ch\/","title":{"rendered":"MSSH35\u20132 &#8211; Nom de code : Ludovia.ch"},"content":{"rendered":"<h2>Pr\u00e9sentation du module<\/h2>\n<p>Du 27 au 29 mars 2018, la HEP Vaud organisera, avec une commune vaudoise et d\u2019autres partenaires, la premi\u00e8re universit\u00e9 de printemps consacr\u00e9e dans le canton de Vaud et en Suisse romande au num\u00e9rique, aux nouveaux m\u00e9dias et \u00e0 leur impact dans l\u2019enseignement. Elle r\u00e9unira les actrices et acteurs concern\u00e9\u00b7e\u00b7s par ces importantes questions : enseignant\u00b7e\u00b7s, parents, \u00e9l\u00e8ves, collectivit\u00e9s publiques, institutions de formations, chercheur\u00b7e\u00b7s, milieux \u00e9conomiques.<\/p>\n<p>En suivant ce module, vous avez l\u2019opportunit\u00e9 d\u2019\u00eatre au c\u0153ur de l\u2019\u00e9v\u00e9nement et de travailler concr\u00e8tement \u00e0 la r\u00e9alisation d\u2019un projet porteur et novateur.<\/p>\n<p>Le semestre d\u2019automne sera, pour vous, l\u2019occasion de participer \u00e0 la pr\u00e9paration de l\u2019\u00e9v\u00e9nement (gestion d\u2019un projet, se documenter sur la th\u00e9matique et les intervenant.e.s) et d\u2019acqu\u00e9rir les comp\u00e9tences n\u00e9cessaires pour suivre et rendre compte en direct de l\u2019\u00e9v\u00e9nement (vid\u00e9o, web radio, r\u00e9seaux sociaux).<\/p>\n<p>Durant la manifestation, vous assurerez une partie de l\u2019accueil des participant\u00b7e\u00b7s, participerez aux diff\u00e9rentes activit\u00e9s et \u00e9v\u00e9nements et produirez des contenus en ligne permettant de faire vivre la manifestation sur les r\u00e9seaux sociaux (capsules vid\u00e9o, web radio, live tweets, site internet, etc.).<\/p>\n<p>Apr\u00e8s la manifestation, il vous sera demand\u00e9 un bref bilan de votre implication dans le projet et un bilan de votre regard sur le devenir du num\u00e9rique \u00e0 l\u2019\u00e9cole.<\/p>\n<h2>Comp\u00e9tences vis\u00e9es\u00a0: 2, 8, 9, 10 et 11<\/h2>\n<p>&#8211;\u00a0S\u2019engager dans des d\u00e9marches d\u2019innovation ou de recherche pour enrichir sa pratique professionnelle.<\/p>\n<p>&#8211;\u00a0Faire preuve d\u2019un esprit critique et nuanc\u00e9 par rapport aux avantages et aux limites des technologies comme soutien \u00e0 l\u2019enseignement et \u00e0 l\u2019apprentissage, ainsi qu\u2019aux enjeux pour la soci\u00e9t\u00e9.<\/p>\n<p>&#8211;\u00a0Evaluer le potentiel didactique des technologies en relation avec le d\u00e9veloppement des comp\u00e9tences vis\u00e9es dans le plan d\u2019\u00e9tudes.<\/p>\n<p>&#8211;\u00a0Choisir et utiliser \u00e0 bon escient les technologies pour constituer des r\u00e9seaux d\u2019\u00e9change et de formation continue concernant son propre domaine d\u2019enseignement et sa pratique p\u00e9dagogique.<\/p>\n<p>&#8211;\u00a0Participer au choix, \u00e0 l\u2019\u00e9laboration, \u00e0 la r\u00e9alisation et au bilan de projets de l\u2019\u00e9tablissement scolaire.<\/p>\n<p>&#8211;\u00a0Coordonner ses interventions avec les partenaires de l\u2019\u00e9cole dans un esprit de concertation en d\u00e9limitant les champs d\u2019action et de responsabilit\u00e9s de sa fonction.<\/p>\n<p>&#8211;\u00a0S\u2019impliquer de fa\u00e7on critique et constructive dans les r\u00e9alisations\u00a0de l\u2019\u00e9quipe et apporter des suggestions en mati\u00e8re p\u00e9dagogique.<\/p>\n<p>&#8211;\u00a0Ma\u00eetriser les r\u00e8gles et les usages de la langue orale et \u00e9crite\u00a0de mani\u00e8re \u00e0 \u00eatre compris par l\u2019ensemble de la communaut\u00e9\u00a0francophone.<\/p>\n<p>&#8211;\u00a0S\u2019exprimer dans une langue correcte avec l\u2019aisance, la pr\u00e9cision, l\u2019efficacit\u00e9 et l\u2019exactitude qui conviennent \u00e0 ce que la\u00a0soci\u00e9t\u00e9 attend d\u2019une professionnelle ou d\u2019un professionnel de l\u2019enseignement.<\/p>\n<h2>Organisation du module interdisciplinaire<\/h2>\n<p>Au semestre d\u2019automne, il s\u2019agira pour les \u00e9tudiant.e.s essentiellement de se pr\u00e9parer pour la manifestation qui aura lieu du 27 au 29 mars 2018. La formation aura lieu sur les plages horaires suivantes :<\/p>\n<ul>\n<li>jeudi 21.09, 28.08.2017 : 14h15 \u00e0 15h45<\/li>\n<li>jeudi 26.10, 02.11, 09.11 et 16.11.2017 de 14h15 \u00e0 17h30<\/li>\n<li>jeudi 14.12 de 14h15 \u00e0 15h45<\/li>\n<\/ul>\n<p>Les autres jeudis s\u2019organiseront en fonction des besoins des \u00e9tudiant.e.s et permettront un travail individuel ou par groupe.<\/p>\n<p>Au semestre de printemps, il s\u2019agira pour les \u00e9tudiant.e.s de participer \u00e0 la manifestation qui aura lieu du mardi 27 au jeudi 29 mars \u00e0 Yverdon-les-Bains. Il s\u2019agira donc de <strong>trois jours blocs<\/strong>. Pr\u00e9alablement, il y aura <strong>une ou deux rencontres d\u2019organisation<\/strong> (sur la plage des jeudi de 14h15 \u00e0 15h45, voire 17h45). A l\u2019issue de la manifestation, une s\u00e9ance de bilan sera organis\u00e9e avec les \u00e9tudiant.e.s concern\u00e9.e.s.<\/p>\n<p>Concernant la dotation en cr\u00e9dit, le module \u00e9tant sur deux semestres, il est comptabilis\u00e9 \u00e0 6 cr\u00e9dits ECTS (3 par semestre).<\/p>\n<h2>Certification\u00a0: pour \u00eatre certifi\u00e9, l\u2019\u00e9tudiant\u00b7e devra<\/h2>\n<p>\u25cf attester de sa participation r\u00e9guli\u00e8re d\u2019octobre 2017 \u00e0 avril 2018\u00a0;<\/p>\n<p>\u25cf assurer une pr\u00e9sence active sur le lieu de la manifestation durant les 3 jours de celle-ci (27 au 29 mars 2018)\u00a0;<\/p>\n<p>\u25cf assurer une partie de l\u2019accueil des participant\u00b7e\u00b7s\u00a0;<\/p>\n<p>\u25cf r\u00e9aliser des contenus num\u00e9riques et les mettre en ligne durant la manifestation\u00a0;<\/p>\n<p>\u25cf dresser le bilan de son implication dans le projet et le bilan de son regard sur le devenir du num\u00e9rique \u00e0 l\u2019\u00e9cole (2\u20133 pages A4).<\/p>\n<h2>R\u00e9f\u00e9rences<\/h2>\n<p>Amadieu, F. &amp; Tricot, A. (2014). <em>Apprendre avec le num\u00e9rique.<\/em>. Paris: Retz, Collection \u201dMythes et r\u00e9alit\u00e9s\u201d.<\/p>\n<p>Bordello, I. &amp; Ginestet, J.-P. (2006). <em>Pour une p\u00e9dagogie du projet<\/em>. Paris: Hachette.<\/p>\n<p>Cuban, L. (1986). <em>Teachers and Machines: The Classroom Use of Technology Since 1920<\/em>. Teachers College Press<\/p>\n<p>Cuban, L. (2003). <em>Oversold and Underused. Computers in the Classroom<\/em>. Harvard University Press.<\/p>\n<p>Davidenkoff, E. (2014). <em>Le Tsunami num\u00e9rique. Education. Tout va changer! Etes-vous pr\u00eats ?<\/em> Paris: Stock<\/p>\n<p>Kaufmann, L. (2005). <em>Interdisciplinarit\u00e9 et p\u00e9dagogie de projet<\/em>. Formation \u00e0 l\u2019enseignement interdisciplinaire &#8211; Atelier Bejune 21.04.2005. Support de cours. Lien : <a href=\"https:\/\/www.lyonelkaufmann.ch\/histoire\/pedagogie_projet\/index.html\">https:\/\/www.lyonelkaufmann.ch\/histoire\/pedagogie_projet\/index.html<\/a><\/p>\n<p>Maingain, A. &amp; Dufour, B. (sous la direction de G\u00e9rard Fourez) (2002), <em>Approches didactiques de l\u2019interdisciplinarit\u00e9<\/em>. De Boeck.<\/p>\n<p>Morissette, R. (2002), <em>Accompagner la construction des savoirs<\/em>. Cheneli\u00e8re \/ McGraw-Hill.<\/p>\n<p><a href=\"http:\/\/www.pedagogie-du-projet.org\/Pedagogie_du_projet_et_autonomie\" target=\"_blank\" rel=\"noopener\">La P\u00e9dagogie du Projet.\u00a0La p\u00e9dagogie de l\u2019autonomie<\/a><\/p>\n<p>Tilman. F. (Le Grain) (2004), <em>Penser le projet. Concepts et outils pour une p\u00e9dagogie \u00e9mancipatrice<\/em>. Lyon: Chronique Sociale.<\/p>\n<p>Tricot, A. (2017). <em>L\u2019innovation p\u00e9dagogique<\/em>. Paris: Retz, collection \u201dMythes et r\u00e9alit\u00e9s\u201d.<\/p>\n<p>Ludovia#ch : <a href=\"http:\/\/www.ludovia.ch\">http:\/\/ludovia.ch<\/a><\/p>\n<p>Pour suivre l\u2019actualit\u00e9 du num\u00e9rique :<\/p>\n<ul>\n<li>Ludomag : <a href=\"http:\/\/www.ludovia.com\">http:\/\/www.ludovia.com<\/a><\/li>\n<li><a href=\"http.\/\/lyonelkaufmann.ch\/histoire\">http.\/\/lyonelkaufmann.ch\/histoire<\/a><\/li>\n<\/ul>\n<h2>Coordonn\u00e9es<\/h2>\n<p><strong>Formateur\u00a0responsable :<\/strong> Lyonel Kaufmann &#8211; Bureau C33\u2013703 &#8211; <a href=\"mailto:lyonel.kaufmann@hepl.ch\">lyonel.kaufmann@hepl.ch<\/a><\/p>\n<p>Salle pour le s\u00e9minaire : C35\u2013114<\/p>\n","protected":false},"excerpt":{"rendered":"<p>Pr\u00e9sentation du module Du 27 au 29 mars 2018, la HEP Vaud organisera, avec une commune vaudoise et d\u2019autres partenaires, la premi\u00e8re universit\u00e9 de printemps consacr\u00e9e dans le canton de Vaud et en Suisse romande au num\u00e9rique, aux nouveaux m\u00e9dias et \u00e0 leur impact dans l\u2019enseignement. Elle r\u00e9unira les actrices et acteurs concern\u00e9\u00b7e\u00b7s par ces [&hellip;]<\/p>\n","protected":false},"author":1,"featured_media":0,"parent":351,"menu_order":0,"comment_status":"closed","ping_status":"closed","template":"","meta":{"_import_markdown_pro_load_document_selector":0,"_import_markdown_pro_submit_text_textarea":"","_genesis_hide_title":false,"_genesis_hide_breadcrumbs":false,"_genesis_hide_singular_image":false,"_genesis_hide_footer_widgets":false,"_genesis_custom_body_class":"","_genesis_custom_post_class":"","_genesis_layout":"","jetpack_post_was_ever_published":false,"footnotes":""},"class_list":{"0":"post-13321","1":"page","2":"type-page","3":"status-publish","5":"entry"},"featured_image_src":null,"featured_image_src_square":null,"jetpack_sharing_enabled":true,"jetpack_shortlink":"https:\/\/wp.me\/P1rJVM-3sR","jetpack_likes_enabled":true,"jetpack-related-posts":[{"id":7502,"url":"https:\/\/lyonelkaufmann.ch\/histoire\/mes-cours\/ip-generation-y-2014\/","url_meta":{"origin":13321,"position":0},"title":"IP G\u00e9n\u00e9ration Y 2014","author":"Lyonel Kaufmann","date":"17 septembre 2013","format":false,"excerpt":"G\u00e9n\u00e9ration\u00a0Y\u00a0ou pourquoi et comment construire une \u00abe-culture\u00bb\u00a0interg\u00e9n\u00e9rationnelle dans les \u00e9coles europ\u00e9ennes. La premi\u00e8re \u00e9dition de ce Programme Intensif (IP) a eu lieu \u00e0 Li\u00e8ge du 25 f\u00e9vrier au 8 mars 2013.\u00a0Le compte-rendu de Fabio, \u00e9tudiant de la HEP Vaud ayant particip\u00e9 \u00e0 cet IP : http:\/\/www.youtube.com\/watch?v=er12YJl4bQE Le site de l'IP\u2026","rel":"","context":"Article similaire","block_context":{"text":"Article similaire","link":""},"img":{"alt_text":"","src":"https:\/\/i0.wp.com\/img.youtube.com\/vi\/er12YJl4bQE\/0.jpg?resize=350%2C200","width":350,"height":200},"classes":[]},{"id":12008,"url":"https:\/\/lyonelkaufmann.ch\/histoire\/mes-cours\/bp13shs-enseigner-lhistoire-au-cycle-2\/","url_meta":{"origin":13321,"position":1},"title":"BPSHS13 &#8211; Enseigner l&rsquo;histoire au cycle 2","author":"Lyonel Kaufmann","date":"21 septembre 2016","format":false,"excerpt":"Ann\u00e9e acad\u00e9mique 2020-2021 Objectifs du s\u00e9minaire Percevoir les composantes d\u2019une le\u00e7on d\u2019histoire\u00a0:\u00a0\u00ab\u00a0qu\u2019est ce qui fait une bonne le\u00e7on d\u2019histoire?\u00a0\u00bb A l\u2019appui des MER, aborder les objectifs du PER et comprendre le changement de paradigme Approcher le mat\u00e9riel scolaire et extra scolaire \u00e0 disposition\u00a0: utilit\u00e9 et pertinence. Travailler \u00e0 des pistes\u2026","rel":"","context":"Article similaire","block_context":{"text":"Article similaire","link":""},"img":{"alt_text":"","src":"https:\/\/i0.wp.com\/lyonelkaufmann.ch\/histoire\/wp-content\/uploads\/2020\/09\/Capture-decran-2020-09-11-a-14.03.59-700x451.png?resize=350%2C200&ssl=1","width":350,"height":200,"srcset":"https:\/\/i0.wp.com\/lyonelkaufmann.ch\/histoire\/wp-content\/uploads\/2020\/09\/Capture-decran-2020-09-11-a-14.03.59-700x451.png?resize=350%2C200&ssl=1 1x, https:\/\/i0.wp.com\/lyonelkaufmann.ch\/histoire\/wp-content\/uploads\/2020\/09\/Capture-decran-2020-09-11-a-14.03.59-700x451.png?resize=525%2C300&ssl=1 1.5x, https:\/\/i0.wp.com\/lyonelkaufmann.ch\/histoire\/wp-content\/uploads\/2020\/09\/Capture-decran-2020-09-11-a-14.03.59-700x451.png?resize=700%2C400&ssl=1 2x"},"classes":[]},{"id":54,"url":"https:\/\/lyonelkaufmann.ch\/histoire\/support-de-cours\/","url_meta":{"origin":13321,"position":2},"title":"Cours (Supports)","author":"Lyonel Kaufmann","date":"9 avril 2006","format":false,"excerpt":"Pr\u00e9sentation des supports de cours Cette page regroupe la pr\u00e9sentation succinctes des diff\u00e9rents supports de cours consultables \u00e0 partir des liens indiqu\u00e9s dans la colonne de droites sous \u00absupports de cours\u00bb. A noter que ces supports de cours appara\u00eetront dans une nouvelle fen\u00eatre et dans une autre mise en page.\u2026","rel":"","context":"Article similaire","block_context":{"text":"Article similaire","link":""},"img":{"alt_text":"","src":"","width":0,"height":0},"classes":[]},{"id":970,"url":"https:\/\/lyonelkaufmann.ch\/histoire\/mes-cours\/mshis11\/","url_meta":{"origin":13321,"position":3},"title":"MSHIS11 &#8211; Didactique de l&rsquo;histoire II","author":"Lyonel Kaufmann","date":"13 f\u00e9vrier 2009","format":false,"excerpt":"S\u00e9minaire S1 - printemps 2018 Les s\u00e9ances ont lieu selon l\u2019horaire suivant\u00a0: 08:15 \u00e0 11:45 Planification synth\u00e9tique\u00a0: S\u00e9ances Th\u00e9matique 27 f\u00e9vrier \u00c9valuer en histoire\u00a0: le Cadre g\u00e9n\u00e9ral de l\u2019\u00e9valuation vaudois et les tests assimil\u00e9s. 06 mars Le travail par comp\u00e9tences en histoire\u00a0: ma\u00eetrise des outils historiens et planification au cycle\u2026","rel":"","context":"Article similaire","block_context":{"text":"Article similaire","link":""},"img":{"alt_text":"","src":"https:\/\/i0.wp.com\/lyonelkaufmann.ch\/histoire\/wp-content\/uploads\/2009\/02\/tableau_resultat11.png?fit=808%2C549&ssl=1&resize=350%2C200","width":350,"height":200,"srcset":"https:\/\/i0.wp.com\/lyonelkaufmann.ch\/histoire\/wp-content\/uploads\/2009\/02\/tableau_resultat11.png?fit=808%2C549&ssl=1&resize=350%2C200 1x, https:\/\/i0.wp.com\/lyonelkaufmann.ch\/histoire\/wp-content\/uploads\/2009\/02\/tableau_resultat11.png?fit=808%2C549&ssl=1&resize=525%2C300 1.5x, https:\/\/i0.wp.com\/lyonelkaufmann.ch\/histoire\/wp-content\/uploads\/2009\/02\/tableau_resultat11.png?fit=808%2C549&ssl=1&resize=700%2C400 2x"},"classes":[]},{"id":131,"url":"https:\/\/lyonelkaufmann.ch\/histoire\/transposer-planifier-evaluer\/","url_meta":{"origin":13321,"position":4},"title":"Planifier","author":"Lyonel Kaufmann","date":"22 octobre 2006","format":false,"excerpt":"Cette page regroupe du mat\u00e9riel \u00e9labor\u00e9 \u00e0 l'intention des \u00e9tudiant-e-s et concernant des anciens modules ou plan de cours. Ils ne sont pas \u00e0 proprement parler des supports de cours d'o\u00f9 leur pr\u00e9sence ici. Histoire et p\u00e9dagogie diff\u00e9renci\u00e9e Ce document avait \u00e9t\u00e9 distribu\u00e9 \u00e0 la suite d\u2019une s\u00e9ance de didactique\u2026","rel":"","context":"Article similaire","block_context":{"text":"Article similaire","link":""},"img":{"alt_text":"","src":"","width":0,"height":0},"classes":[]},{"id":69,"url":"https:\/\/lyonelkaufmann.ch\/histoire\/medias-technologies\/weblogs\/","url_meta":{"origin":13321,"position":5},"title":"Blogs","author":"Lyonel Kaufmann","date":"14 avril 2006","format":false,"excerpt":"BLOG ET EDUCATION Le Campus Virtuel FLE (Fran\u00e7ais en langue \u00e9trang\u00e8re) de l'Universit\u00e9 de Le\u00f3n et de FLENET RedIRIS (Red Acad\u00e9mica y Cient\u00edfica espa\u00f1ola) propose un dossier fort int\u00e9ressant sur l'utilisation des blogs dans le domaine p\u00e9dagogique. Leur dossier (Blogs et Enseignement) organise les blogs en 5 cat\u00e9gories que vous\u2026","rel":"","context":"Article similaire","block_context":{"text":"Article similaire","link":""},"img":{"alt_text":"","src":"","width":0,"height":0},"classes":[]}],"_links":{"self":[{"href":"https:\/\/lyonelkaufmann.ch\/histoire\/wp-json\/wp\/v2\/pages\/13321","targetHints":{"allow":["GET"]}}],"collection":[{"href":"https:\/\/lyonelkaufmann.ch\/histoire\/wp-json\/wp\/v2\/pages"}],"about":[{"href":"https:\/\/lyonelkaufmann.ch\/histoire\/wp-json\/wp\/v2\/types\/page"}],"author":[{"embeddable":true,"href":"https:\/\/lyonelkaufmann.ch\/histoire\/wp-json\/wp\/v2\/users\/1"}],"replies":[{"embeddable":true,"href":"https:\/\/lyonelkaufmann.ch\/histoire\/wp-json\/wp\/v2\/comments?post=13321"}],"version-history":[{"count":0,"href":"https:\/\/lyonelkaufmann.ch\/histoire\/wp-json\/wp\/v2\/pages\/13321\/revisions"}],"up":[{"embeddable":true,"href":"https:\/\/lyonelkaufmann.ch\/histoire\/wp-json\/wp\/v2\/pages\/351"}],"wp:attachment":[{"href":"https:\/\/lyonelkaufmann.ch\/histoire\/wp-json\/wp\/v2\/media?parent=13321"}],"curies":[{"name":"wp","href":"https:\/\/api.w.org\/{rel}","templated":true}]}}