{"id":53,"date":"2006-04-09T17:42:04","date_gmt":"2006-04-09T17:42:04","guid":{"rendered":"https:\/\/lyonelkaufmann.ch\/histoire\/?page_id=69"},"modified":"2006-04-09T17:42:04","modified_gmt":"2006-04-09T17:42:04","slug":"film-histoire","status":"publish","type":"page","link":"https:\/\/lyonelkaufmann.ch\/histoire\/film-histoire\/","title":{"rendered":"Film&amp;Histoire"},"content":{"rendered":"<blockquote><p><em>\u00ab\u00a0Un film historique est comparable \u00e0 un film de science fiction\u00a0\u00bb<\/em> (Stanley Kubrick)<\/p><\/blockquote>\n<div>Ressources, articles, r\u00e9flexions et choix raisonn\u00e9 de films pour l&rsquo;enseignement de l&rsquo;histoire. On consultera \u00e9galement \u00e0 profit les diff\u00e9rents articles r\u00e9dig\u00e9s comprenant le tag <a href=\"https:\/\/lyonelkaufmann.ch\/histoire\/tag\/filmhistoire\/\" target=\"_blank\">film&amp;histoire<\/a>.<\/div>\n<div>\n<h3>Les pages:<\/h3>\n<\/div>\n<h3>\n<ul>\n<li class=\"page_item page-item-59\">\n<h3><a title=\"Cin\u00e9astes &amp; Historiens\" href=\"..\/film-histoire\/cineastes-et-histoire\/\">Cin\u00e9astes &amp; Historiens<\/a><\/h3>\n<\/li>\n<li class=\"page_item page-item-58\">\n<h3><a title=\"Education m\u00e9dias\" href=\"..\/film-histoire\/film-education-aux-medias\/\">Education m\u00e9dias<\/a><\/h3>\n<\/li>\n<li class=\"page_item page-item-96\">\n<h3><a title=\"Films &amp; P\u00e9riodes\" href=\"..\/film-histoire\/films-periodes\/\">Films &amp; P\u00e9riodes<\/a><\/h3>\n<\/li>\n<li class=\"page_item page-item-57\">\n<h3><a title=\"Vocabulaire filmique\" href=\"..\/film-histoire\/vocabulaire-du-film\/\">Vocabulaire filmique<\/a><\/h3>\n<\/li>\n<li class=\"page_item page-item-60\">\n<h3><a title=\"Bibliographie cin\u00e9ma\" href=\"..\/film-histoire\/bibliographie\/\">Bibliographie cin\u00e9ma<\/a><\/h3>\n<\/li>\n<li class=\"page_item page-item-72\">\n<h3><a title=\"Filmographie\" href=\"..\/film-histoire\/filmographie\/\">Filmographie<\/a><\/h3>\n<\/li>\n<li class=\"page_item page-item-72\">\n<h3><a href=\"https:\/\/lyonelkaufmann.ch\/histoire\/tag\/filmhistoire\/\" target=\"_blank\">Articles<\/a> (tag film&amp;histoire)<\/h3>\n<\/li>\n<\/ul>\n<\/h3>\n","protected":false},"excerpt":{"rendered":"<p>\u00ab\u00a0Un film historique est comparable \u00e0 un film de science fiction\u00a0\u00bb (Stanley Kubrick) Ressources, articles, r\u00e9flexions et choix raisonn\u00e9 de films pour l&rsquo;enseignement de l&rsquo;histoire. On consultera \u00e9galement \u00e0 profit les diff\u00e9rents articles r\u00e9dig\u00e9s comprenant le tag film&amp;histoire. Les pages: Cin\u00e9astes &amp; Historiens Education m\u00e9dias Films &amp; P\u00e9riodes Vocabulaire filmique Bibliographie cin\u00e9ma Filmographie Articles (tag [&hellip;]<\/p>\n","protected":false},"author":1,"featured_media":0,"parent":0,"menu_order":3,"comment_status":"open","ping_status":"closed","template":"onecolumn-page.php","meta":{"_import_markdown_pro_load_document_selector":0,"_import_markdown_pro_submit_text_textarea":"","_genesis_hide_title":false,"_genesis_hide_breadcrumbs":false,"_genesis_hide_singular_image":false,"_genesis_hide_footer_widgets":false,"_genesis_custom_body_class":"","_genesis_custom_post_class":"","_genesis_layout":"","jetpack_post_was_ever_published":false,"footnotes":""},"class_list":{"0":"post-53","1":"page","2":"type-page","3":"status-publish","5":"entry"},"featured_image_src":null,"featured_image_src_square":null,"jetpack_sharing_enabled":true,"jetpack_shortlink":"https:\/\/wp.me\/P1rJVM-R","jetpack_likes_enabled":true,"jetpack-related-posts":[{"id":61,"url":"https:\/\/lyonelkaufmann.ch\/histoire\/film-histoire\/bibliographie\/","url_meta":{"origin":53,"position":0},"title":"Bibliographie cin\u00e9ma","author":"Lyonel Kaufmann","date":"11 avril 2006","format":false,"excerpt":"On consultera avec bonheur les dossiers et les fiches consacr\u00e9es aux rapports du Cin\u00e9ma et de l'Histoire et r\u00e9alis\u00e9es par le cin\u00e9-club de Caen. Vraiment incontournable. La consultation de l'index th\u00e9matique de Cin\u00e9ma et histoire de calindex.eu - le site des index de revues de cin\u00e9ma (45764 films, 44662 acteurs,\u2026","rel":"","context":"Article similaire","block_context":{"text":"Article similaire","link":""},"img":{"alt_text":"","src":"","width":0,"height":0},"classes":[]},{"id":97,"url":"https:\/\/lyonelkaufmann.ch\/histoire\/film-histoire\/films-periodes\/","url_meta":{"origin":53,"position":1},"title":"Films &amp; P\u00e9riodes","author":"Lyonel Kaufmann","date":"13 juillet 2006","format":false,"excerpt":"Comment le cin\u00e9ma a-t-il ou traite-t-il des diff\u00e9rentes p\u00e9riodes historiques ? Petit tour d'horizon et renvoi vers des ouvrages ou des sites sp\u00e9cifiques. P\u00e9riodes abord\u00e9es : \u00a0\u00a0 Films & Antiquit\u00e9 Films & Moyen \u00c2ge Films & Ancien R\u00e9gime Films & R\u00e9volutions Films & Premi\u00e8re guerre mondiale Film & Shoah Films\u2026","rel":"","context":"Article similaire","block_context":{"text":"Article similaire","link":""},"img":{"alt_text":"","src":"","width":0,"height":0},"classes":[]},{"id":970,"url":"https:\/\/lyonelkaufmann.ch\/histoire\/mes-cours\/mshis11\/","url_meta":{"origin":53,"position":2},"title":"MSHIS11 &#8211; Didactique de l&rsquo;histoire II","author":"Lyonel Kaufmann","date":"13 f\u00e9vrier 2009","format":false,"excerpt":"S\u00e9minaire S1 - printemps 2018 Les s\u00e9ances ont lieu selon l\u2019horaire suivant\u00a0: 08:15 \u00e0 11:45 Planification synth\u00e9tique\u00a0: S\u00e9ances Th\u00e9matique 27 f\u00e9vrier \u00c9valuer en histoire\u00a0: le Cadre g\u00e9n\u00e9ral de l\u2019\u00e9valuation vaudois et les tests assimil\u00e9s. 06 mars Le travail par comp\u00e9tences en histoire\u00a0: ma\u00eetrise des outils historiens et planification au cycle\u2026","rel":"","context":"Article similaire","block_context":{"text":"Article similaire","link":""},"img":{"alt_text":"","src":"https:\/\/i0.wp.com\/lyonelkaufmann.ch\/histoire\/wp-content\/uploads\/2009\/02\/tableau_resultat11.png?fit=808%2C549&ssl=1&resize=350%2C200","width":350,"height":200,"srcset":"https:\/\/i0.wp.com\/lyonelkaufmann.ch\/histoire\/wp-content\/uploads\/2009\/02\/tableau_resultat11.png?fit=808%2C549&ssl=1&resize=350%2C200 1x, https:\/\/i0.wp.com\/lyonelkaufmann.ch\/histoire\/wp-content\/uploads\/2009\/02\/tableau_resultat11.png?fit=808%2C549&ssl=1&resize=525%2C300 1.5x, https:\/\/i0.wp.com\/lyonelkaufmann.ch\/histoire\/wp-content\/uploads\/2009\/02\/tableau_resultat11.png?fit=808%2C549&ssl=1&resize=700%2C400 2x"},"classes":[]},{"id":58,"url":"https:\/\/lyonelkaufmann.ch\/histoire\/film-histoire\/vocabulaire-du-film\/","url_meta":{"origin":53,"position":3},"title":"Vocabulaire filmique","author":"Lyonel Kaufmann","date":"10 avril 2006","format":false,"excerpt":"Unit\u00e9s narratives Par convention, on d\u00e9cide qu'un film se d\u00e9coupe en s\u00e9quences, sc\u00e8nes et plans. Plan Mot polys\u00e9mique. a) Une unit\u00e9 de tournage d\u00e9signant une dur\u00e9e plus ou moins longue pendant laquelle la cam\u00e9ra enregistre les images sans interruption. Soit la portion de pellicule comprise entre deux coupes. b) La\u2026","rel":"","context":"Article similaire","block_context":{"text":"Article similaire","link":""},"img":{"alt_text":"","src":"","width":0,"height":0},"classes":[]},{"id":59,"url":"https:\/\/lyonelkaufmann.ch\/histoire\/film-histoire\/film-education-aux-medias\/","url_meta":{"origin":53,"position":4},"title":"Education m\u00e9dias","author":"Lyonel Kaufmann","date":"10 avril 2006","format":false,"excerpt":"Suggestions d\u2019activit\u00e9s \u2022 Diversifier les sources et documents de r\u00e9f\u00e9rence, leur appliquer les principes de la critique historique en consid\u00e9rant le contexte du document, les contraintes socio-\u00e9conomiques, les motivations de leur producteur, ainsi que le public vis\u00e9. \u2022 Inclure parmi les documents utilis\u00e9s des documents de fiction (bandes dessin\u00e9es, films,\u2026","rel":"","context":"Article similaire","block_context":{"text":"Article similaire","link":""},"img":{"alt_text":"","src":"","width":0,"height":0},"classes":[]},{"id":73,"url":"https:\/\/lyonelkaufmann.ch\/histoire\/film-histoire\/filmographie\/","url_meta":{"origin":53,"position":5},"title":"Filmographie","author":"Lyonel Kaufmann","date":"17 avril 2006","format":false,"excerpt":"S\u00e9lection de films historiques \u00a0 Gladiator R\u00e9alisateur: Ridley Scott Avec: Russell Crowe, Joaquin Phoenix Genre: 1. Antiquit\u00e9 Studio: Universal Pictures Mon classement: Classement: Appr\u00e9ciation: 5 (4 votes) Date de parution: Oct 2004 Emprunt\u00e9 par: \u00a0 \u00a0 \u00a0 \u00a0 Emprunt\u00e9 le: Commentaires: \"Gladiator\" marquait un double retour cin\u00e9matographique : celui du\u2026","rel":"","context":"Article similaire","block_context":{"text":"Article similaire","link":""},"img":{"alt_text":"","src":"Images\/star0.gif","width":350,"height":200},"classes":[]}],"_links":{"self":[{"href":"https:\/\/lyonelkaufmann.ch\/histoire\/wp-json\/wp\/v2\/pages\/53","targetHints":{"allow":["GET"]}}],"collection":[{"href":"https:\/\/lyonelkaufmann.ch\/histoire\/wp-json\/wp\/v2\/pages"}],"about":[{"href":"https:\/\/lyonelkaufmann.ch\/histoire\/wp-json\/wp\/v2\/types\/page"}],"author":[{"embeddable":true,"href":"https:\/\/lyonelkaufmann.ch\/histoire\/wp-json\/wp\/v2\/users\/1"}],"replies":[{"embeddable":true,"href":"https:\/\/lyonelkaufmann.ch\/histoire\/wp-json\/wp\/v2\/comments?post=53"}],"version-history":[{"count":0,"href":"https:\/\/lyonelkaufmann.ch\/histoire\/wp-json\/wp\/v2\/pages\/53\/revisions"}],"wp:attachment":[{"href":"https:\/\/lyonelkaufmann.ch\/histoire\/wp-json\/wp\/v2\/media?parent=53"}],"curies":[{"name":"wp","href":"https:\/\/api.w.org\/{rel}","templated":true}]}}