{"id":57,"date":"2006-04-09T19:51:28","date_gmt":"2006-04-09T19:51:28","guid":{"rendered":"https:\/\/lyonelkaufmann.ch\/histoire\/?page_id=76"},"modified":"2006-04-09T19:51:28","modified_gmt":"2006-04-09T19:51:28","slug":"integrer-les-tice","status":"publish","type":"page","link":"https:\/\/lyonelkaufmann.ch\/histoire\/medias-technologies\/integrer-les-tice\/","title":{"rendered":"Int\u00e9gration"},"content":{"rendered":"<h3>Int\u00e9grer les TICE en fonction d&rsquo;un mod\u00e8le p\u00e9dagogique<br \/>\ndominant<\/h3>\n<div align=\"justify\">\nDans le domaine anglo-saxon, l&rsquo;approche pragmatique pr\u00e9domine souvent notamment dans la litt\u00e9rature. L&rsquo;avantage est d&rsquo;appr\u00e9hender la d\u00e9marche d&rsquo;enseignement sans tabou et d&rsquo;offrir un mod\u00e8le adapt\u00e9 aux valeurs et mod\u00e8le pr\u00e9dominant de l&rsquo;enseignant.<\/p>\n<p>Ainsi en est-il de l&rsquo;ouvrage de Roblyer et Edwards, <i>Integrating Educational Technology into Teaching<\/i>, (Prentice Hall, 1997).<\/p>\n<p>Dans ce dernier ouvrage, les strat\u00e9gies d&rsquo;enseignement avec les TICE sont appr\u00e9hend\u00e9es soit selon le mod\u00e8le b\u00e9havioriste, soit selon le mod\u00e8le constructiviste.<\/p>\n<p>De mani\u00e8re synth\u00e9tique, nous avons r\u00e9sum\u00e9 les \u00e9l\u00e9ments principaux relativement &#8211; aux strat\u00e9gies d&rsquo;int\u00e9gration b\u00e9havioriste ouconstructiviste; &#8211; aux diff\u00e9rences d&rsquo;approche en situation d&rsquo;enseignement en fonction du choix d&rsquo;un mod\u00e8le; &#8211; une cat\u00e9gorisation des logiciels utilisables en classe (sans internet).<\/p>\n<hr \/>\n<h4>A &#8211; Int\u00e9gration des NTI: B\u00e9havioristes, Cognitivistes et Combin\u00e9es<\/h4>\n<h5>1. Strat\u00e9gies d&rsquo;int\u00e9gration bas\u00e9es sur le mod\u00e8le b\u00e9havioriste<\/h5>\n<p>a) int\u00e9gration pour rem\u00e9dier \u00e0 des difficult\u00e9s identifi\u00e9es;<br \/>\nb) int\u00e9gration pour promouvoir des comp\u00e9tences linguistiques ou des automatismes relatifs \u00e0 des habilet\u00e9s pr\u00e9requises;<br \/>\nc) int\u00e9gration pour rendre l&rsquo;enseignement performant pour les \u00e9l\u00e8ves hautement motiv\u00e9s;<br \/>\nd) int\u00e9gration pour r\u00e9pondre \u00e0 la p\u00e9nurie de personnel et optimiser les ressources mat\u00e9rielles;<br \/>\ne) int\u00e9gration pour supprimer des obstacles logistiques (productivit\u00e9 et efficacit\u00e9 de l&rsquo;\u00e9l\u00e8ve ou de l&rsquo;enseignant ou de l&rsquo;enseignement).<\/p>\n<h5>2. Strat\u00e9gies d&rsquo;int\u00e9gration bas\u00e9es sur le mod\u00e8le<br \/>\nconstructiviste<\/h5>\n<p>a) int\u00e9gration pour g\u00e9n\u00e9rer la motivation \u00e0 apprendre;<br \/>\nb) int\u00e9gration pour encourager la cr\u00e9ativit\u00e9;<br \/>\nc) int\u00e9gration pour faciliter l&rsquo;auto-analyse et la<br \/>\nm\u00e9tacognitton;<br \/>\nd) int\u00e9gration pour augmenter l&rsquo;apprentissage coop\u00e9ratif;<br \/>\ne) int\u00e9gration pour satisfaire les intelligences multiples;<br \/>\nf) int\u00e9gration pour d\u00e9velopper l&rsquo;alphab\u00e9tisme technologique et<br \/>\nvisuel.<\/p>\n<h5>3. Recommandations<\/h5>\n<p>Concernant le d\u00e9veloppement de le\u00e7ons int\u00e9grant les technologies. Roblyer et Edward font les recommandations suivantes<\/p>\n<p>a) planifier sur une p\u00e9riode relativement longue (6 \u00e0 9 semaines, un semestre, une ann\u00e9e scolaire) : des activit\u00e9s constructivistes s&rsquo;inscrivent dans le long terme au niveau du d\u00e9veloppement des habilet\u00e9s;<br \/>\nb) allouer suffisamment de temps : les activit\u00e9s constructivistes et utilisant les technologies prennent plus de temps que les activit\u00e9s habituelles, particuli\u00e8rement au d\u00e9but;<br \/>\nc) \u00e9tablir les objectifs et les crit\u00e8res de r\u00e9ussite de l&rsquo;activit\u00e9;<br \/>\nd) \u00eatre flexible;<br \/>\ne) ne pas \u00eatre effray\u00e9 d&rsquo;exp\u00e9rimenter.<\/p>\n<hr \/>\n<h4>B &#8211; Approches directives <i>versus<\/i> Approches constructivistes int\u00e9grant internet<\/h4>\n<p><b>Dans le cadre de strat\u00e9gies directives,<\/b> les enseignants indiquent aux \u00e9l\u00e8ves la marche \u00e0 suivre, d\u00e9terminent les buts et objectifs et choisissent les activit\u00e9s d&rsquo;apprentissage. C&rsquo;est \u00e0 l&rsquo;enseignantE de d\u00e9finir le projet, d&rsquo;organiser et de planifier les s\u00e9ances, de s&rsquo;assurer de la disponibilit\u00e9 des salles et du mat\u00e9riel, de d\u00e9couper les s\u00e9ances dans le temps et de maintenir le cap afin de parvenir aux r\u00e9sultats escompt\u00e9s dans les temps. C&rsquo;est sur ses \u00e9paules que reposent la responsabilit\u00e9 de motiver les \u00e9l\u00e8ves.<\/p>\n<p><b>Dans les approches constructivistes<\/b>, les \u00e9l\u00e8ves d\u00e9veloppent leurs propres objectifs et les activit\u00e9s. Un projet constructiviste repose moins sur les aspects de structures mises en place par l&rsquo;enseignantE et plus sur la conceptualisation du travail fait par les \u00e9l\u00e8ves. Lamb, Smith et Johnson (\u00ab Wondering, wiggling, and weaving : a new model for projectand community-based learning on the Web \u00bb, in <i>Lerrning and Leading with Technology<\/i>, 1997, 24 (7), p. 6-13) ont d\u00e9crit les \u00e9tapes d&rsquo;une telle approche. Leur mod\u00e8le est connu sous le nom de <b>\u00ab\u00a08 Ws\u00a0\u00bb<\/b> (watching, wondering, webbing, wiggling, weaving, wrapping, waving, wishing) :<br \/>\n-1. <b>Observer.<\/b> Les \u00e9l\u00e8ves d\u00e9butent en observant leur environnement pour d\u00e9velopper les buts de leur projet. Dans ce cadre, une premi\u00e8re activit\u00e9, un premier questionnement sert de d\u00e9clencheur. Les \u00e9l\u00e8ves reportent leurs id\u00e9es, leur questionnement sur une feuille, dans un journal de bord ou dans leur cahier.<br \/>\n-2. <b>Questionner.<\/b> A l&rsquo;aide d&rsquo;un brainstorming, d&rsquo;une discussion, un questionnement est progressivement \u00e9labor\u00e9. Ex. : si le th\u00e8me g\u00e9n\u00e9ral porte sur les sans-abris, l&rsquo;enseignant pourra poser la question \u00ab\u00a0O\u00f9 trouve-t-on des sans-abris dans notre ville ? Pour quelles raisons vivent-ils ainsi ?\u00a0\u00bb<br \/>\n-3. <b>Chercher.<\/b> Les \u00e9l\u00e8ves utilisent des sources vari\u00e9es de ressources \u00e9lectroniques aussi bien que d&rsquo;autres ressources pour trouver de l&rsquo;information et la relier avec les id\u00e9es \u00e9mises auparavant.<br \/>\n-4. <b>Trier.<\/b> Les \u00e9l\u00e8ves trient le mat\u00e9riel recueilli afin d&rsquo;\u00e9valuer la qualit\u00e9 de l&rsquo;information ainsi recueillie (sa<br \/>\nprovenance, son caract\u00e8re s\u00e9rieux, son objectivit\u00e9, sa pertinence).<br \/>\n-5. <b>Tisser.<\/b> Il s&rsquo;agit pour les \u00e9l\u00e8ves de mettre ensemble les diff\u00e9rents mat\u00e9riaux retenus en les comparant entre eux, en s\u00e9lectionnant l&rsquo;information la plus utile par rapport aux buts poursuivis et en d\u00e9terminant la meilleure forme de publication des r\u00e9sultats (un sch\u00e9ma, un graphique&#8230;).<br \/>\n-6. <b>Emballer.<\/b> Les \u00e9l\u00e8ves \u00ab\u00a0emballent\u00a0\u00bb leurs r\u00e9sultats dans un format appropri\u00e9 (vid\u00e9o, site web, cd-rom, etc.) par rapport au destinataire final.<br \/>\n-7. <b>Actionner.<\/b> Les \u00e9l\u00e8ves finalisent leurs r\u00e9sultats et d\u00e9cide de la forme et la mani\u00e8re de porter leurs propositions \u00e0 la connaissance du public. Par exemple, ils pourraient d\u00e9cider d&rsquo;aider les sans-abris en faisant une pr\u00e9sentation aux autorit\u00e9s municipales ou en se portant volontaire pour une action \u00e0 l&rsquo;intention des sans-abris.<br \/>\n-8. <b>Evaluer.<\/b> Au final, les \u00e9l\u00e8ves retracent le d\u00e9roulement de leur projet et ce qu&rsquo;il leur a apport\u00e9 et appris. Ils analysent \u00e9galement l&rsquo;impact de leur travail. Par exemple, s&rsquo;ils ont envoy\u00e9 un rapport aux autorit\u00e9s locales, ontils re\u00e7u une r\u00e9ponse?<\/p>\n<hr \/>\n<h4>C &#8211; Utilisation de logiciels<\/h4>\n<h5>1. Logiciels d&rsquo;apprentissage et d&rsquo;enseignement<\/h5>\n<p>a) Tuteur<br \/>\nb) Drills et exercices<br \/>\nc) Simulation<br \/>\nd) Jeux \u00e9ducatifs<br \/>\ne) R\u00e9solution de probl\u00e8mes<\/p>\n<h5>2. Logiciels de productivit\u00e9<\/h5>\n<p>a) Traitement de texte<br \/>\nb) Tableurs<br \/>\nc) Bases de donn\u00e9es<br \/>\nd) Logiciels de pr\u00e9sentation<\/p>\n<h5>3. Multi- et hyperm\u00e9dias d&rsquo;apprentissage et d&rsquo;enseignement<\/h5>\n<p>a) Logiciels hyperm\u00e9dias (hypercard, hyperstudio, supercard)<br \/>\nb) Vid\u00e9odiscs interactif (USA)<br \/>\nc) Cd-rom et DVD interactif<\/div>\n","protected":false},"excerpt":{"rendered":"<p>Int\u00e9grer les TICE en fonction d&rsquo;un mod\u00e8le p\u00e9dagogique dominant Dans le domaine anglo-saxon, l&rsquo;approche pragmatique pr\u00e9domine souvent notamment dans la litt\u00e9rature. L&rsquo;avantage est d&rsquo;appr\u00e9hender la d\u00e9marche d&rsquo;enseignement sans tabou et d&rsquo;offrir un mod\u00e8le adapt\u00e9 aux valeurs et mod\u00e8le pr\u00e9dominant de l&rsquo;enseignant. Ainsi en est-il de l&rsquo;ouvrage de Roblyer et Edwards, Integrating Educational Technology into Teaching, [&hellip;]<\/p>\n","protected":false},"author":1,"featured_media":0,"parent":55,"menu_order":0,"comment_status":"open","ping_status":"closed","template":"onecolumn-page.php","meta":{"_import_markdown_pro_load_document_selector":0,"_import_markdown_pro_submit_text_textarea":"","_genesis_hide_title":false,"_genesis_hide_breadcrumbs":false,"_genesis_hide_singular_image":false,"_genesis_hide_footer_widgets":false,"_genesis_custom_body_class":"","_genesis_custom_post_class":"","_genesis_layout":"","jetpack_post_was_ever_published":false,"footnotes":""},"class_list":{"0":"post-57","1":"page","2":"type-page","3":"status-publish","5":"entry"},"featured_image_src":null,"featured_image_src_square":null,"jetpack_sharing_enabled":true,"jetpack_shortlink":"https:\/\/wp.me\/P1rJVM-V","jetpack_likes_enabled":true,"jetpack-related-posts":[{"id":358,"url":"https:\/\/lyonelkaufmann.ch\/histoire\/mes-cours\/mshis31-didactique-de-lhistoire\/","url_meta":{"origin":57,"position":0},"title":"MSHIS31 &#8211; Didactique de l&rsquo;histoire I","author":"Lyonel Kaufmann","date":"7 septembre 2008","format":false,"excerpt":"S\u00e9minaire S1 - ann\u00e9e 2018-2019 Pour les conditions cadres et les \u00e9l\u00e9ments du cours 2017, je vous laisse le soin de consulter la plate forme eleaning (Moodle) de la HEP Vaud :\u00a0http:\/\/elearning.hepl.ch\/course\/view.php?id=75 La grille d'\u00e9valuation :\u00a0Evaluation MSHIS 31 2017 Liste des s\u00e9ances et th\u00e9matiques abord\u00e9es en s\u00e9minaire S1: 2.10.2018 :\u2026","rel":"","context":"Article similaire","block_context":{"text":"Article similaire","link":""},"img":{"alt_text":"cours_tenochtitlan","src":"https:\/\/i0.wp.com\/lyonelkaufmann.ch\/histoire\/wp-content\/uploads\/2008\/09\/Cours_Tenochtitlan-700x307.png?resize=350%2C200&ssl=1","width":350,"height":200,"srcset":"https:\/\/i0.wp.com\/lyonelkaufmann.ch\/histoire\/wp-content\/uploads\/2008\/09\/Cours_Tenochtitlan-700x307.png?resize=350%2C200&ssl=1 1x, https:\/\/i0.wp.com\/lyonelkaufmann.ch\/histoire\/wp-content\/uploads\/2008\/09\/Cours_Tenochtitlan-700x307.png?resize=525%2C300&ssl=1 1.5x, https:\/\/i0.wp.com\/lyonelkaufmann.ch\/histoire\/wp-content\/uploads\/2008\/09\/Cours_Tenochtitlan-700x307.png?resize=700%2C400&ssl=1 2x"},"classes":[]},{"id":55,"url":"https:\/\/lyonelkaufmann.ch\/histoire\/medias-technologies\/","url_meta":{"origin":57,"position":1},"title":"M\u00e9dias&amp;TIC","author":"Lyonel Kaufmann","date":"9 avril 2006","format":false,"excerpt":"Histoire et int\u00e9gration des m\u00e9dias et technologies dans l'enseignement Il s'agit ici de - r\u00e9flexions et d'outils concernant l'emploi et l'int\u00e9gration des m\u00e9dias et des technologies (m\u00e9diaTICE) dans l'enseignement de l'histoire; - r\u00e9flexions et d'outils concernant\u00a0l'emploi des m\u00e9dias et technologies (m\u00e9diaTICE) dans l'enseignement tout court; - de propositions d'activit\u00e9s relatives\u2026","rel":"","context":"Article similaire","block_context":{"text":"Article similaire","link":""},"img":{"alt_text":"","src":"","width":0,"height":0},"classes":[]},{"id":56,"url":"https:\/\/lyonelkaufmann.ch\/histoire\/medias-technologies\/reflexions-sur-lutilisation-de-linformatique-dans-le-cours-dhistoire\/","url_meta":{"origin":57,"position":2},"title":"R\u00e9flexions : Histoire des nouvelles technologies \u00e0 l&rsquo;\u00e9cole","author":"Lyonel Kaufmann","date":"9 avril 2006","format":false,"excerpt":"A - Histoire des nouvelles technologies \u00e0 l'\u00e9cole L'ordinateur n'est pas la premi\u00e8re \u201cnouvelle\u201c technologie introduite dans le champ scolaire. Indiquons les exemples de la radio, du r\u00e9troprojecteur ou de la t\u00e9l\u00e9vision.On peut m\u00eame consid\u00e9rer que le manuel et le tableau noir ont \u00e9t\u00e9 les premi\u00e8res inventions technologiques en milieu\u2026","rel":"","context":"Article similaire","block_context":{"text":"Article similaire","link":""},"img":{"alt_text":"","src":"","width":0,"height":0},"classes":[]},{"id":132,"url":"https:\/\/lyonelkaufmann.ch\/histoire\/transposer-planifier-evaluer\/histoire-et-pedagogie-differenciee\/","url_meta":{"origin":57,"position":3},"title":"Histoire et p\u00e9dagogie diff\u00e9renci\u00e9e","author":"Lyonel Kaufmann","date":"22 octobre 2006","format":false,"excerpt":"Ce document a \u00e9t\u00e9 distribu\u00e9 \u00e0 la suite d\u2019une s\u00e9ance de didactique avec des stagiaires du S\u00e9minaire p\u00e9dagogique de l\u2019enseignement secondaire (SPES) en 2000-2001. Sa valeur est celle d\u2019un document de travail et de r\u00e9flexion. Il a \u00e9t\u00e9 \u201ctoilett\u00e9\u201d depuis. G\u00e9n\u00e9ralit\u00e9s 1\u00b0 Pour Przesmycki (P\u00e9dagogie diff\u00e9renci\u00e9e, Hachette Education, 1991), la\u2026","rel":"","context":"Article similaire","block_context":{"text":"Article similaire","link":""},"img":{"alt_text":"","src":"","width":0,"height":0},"classes":[]},{"id":12008,"url":"https:\/\/lyonelkaufmann.ch\/histoire\/mes-cours\/bp13shs-enseigner-lhistoire-au-cycle-2\/","url_meta":{"origin":57,"position":4},"title":"BPSHS13 &#8211; Enseigner l&rsquo;histoire au cycle 2","author":"Lyonel Kaufmann","date":"21 septembre 2016","format":false,"excerpt":"Ann\u00e9e acad\u00e9mique 2020-2021 Objectifs du s\u00e9minaire Percevoir les composantes d\u2019une le\u00e7on d\u2019histoire\u00a0:\u00a0\u00ab\u00a0qu\u2019est ce qui fait une bonne le\u00e7on d\u2019histoire?\u00a0\u00bb A l\u2019appui des MER, aborder les objectifs du PER et comprendre le changement de paradigme Approcher le mat\u00e9riel scolaire et extra scolaire \u00e0 disposition\u00a0: utilit\u00e9 et pertinence. Travailler \u00e0 des pistes\u2026","rel":"","context":"Article similaire","block_context":{"text":"Article similaire","link":""},"img":{"alt_text":"","src":"https:\/\/i0.wp.com\/lyonelkaufmann.ch\/histoire\/wp-content\/uploads\/2020\/09\/Capture-decran-2020-09-11-a-14.03.59-700x451.png?resize=350%2C200&ssl=1","width":350,"height":200,"srcset":"https:\/\/i0.wp.com\/lyonelkaufmann.ch\/histoire\/wp-content\/uploads\/2020\/09\/Capture-decran-2020-09-11-a-14.03.59-700x451.png?resize=350%2C200&ssl=1 1x, https:\/\/i0.wp.com\/lyonelkaufmann.ch\/histoire\/wp-content\/uploads\/2020\/09\/Capture-decran-2020-09-11-a-14.03.59-700x451.png?resize=525%2C300&ssl=1 1.5x, https:\/\/i0.wp.com\/lyonelkaufmann.ch\/histoire\/wp-content\/uploads\/2020\/09\/Capture-decran-2020-09-11-a-14.03.59-700x451.png?resize=700%2C400&ssl=1 2x"},"classes":[]},{"id":54,"url":"https:\/\/lyonelkaufmann.ch\/histoire\/support-de-cours\/","url_meta":{"origin":57,"position":5},"title":"Cours (Supports)","author":"Lyonel Kaufmann","date":"9 avril 2006","format":false,"excerpt":"Pr\u00e9sentation des supports de cours Cette page regroupe la pr\u00e9sentation succinctes des diff\u00e9rents supports de cours consultables \u00e0 partir des liens indiqu\u00e9s dans la colonne de droites sous \u00absupports de cours\u00bb. A noter que ces supports de cours appara\u00eetront dans une nouvelle fen\u00eatre et dans une autre mise en page.\u2026","rel":"","context":"Article similaire","block_context":{"text":"Article similaire","link":""},"img":{"alt_text":"","src":"","width":0,"height":0},"classes":[]}],"_links":{"self":[{"href":"https:\/\/lyonelkaufmann.ch\/histoire\/wp-json\/wp\/v2\/pages\/57","targetHints":{"allow":["GET"]}}],"collection":[{"href":"https:\/\/lyonelkaufmann.ch\/histoire\/wp-json\/wp\/v2\/pages"}],"about":[{"href":"https:\/\/lyonelkaufmann.ch\/histoire\/wp-json\/wp\/v2\/types\/page"}],"author":[{"embeddable":true,"href":"https:\/\/lyonelkaufmann.ch\/histoire\/wp-json\/wp\/v2\/users\/1"}],"replies":[{"embeddable":true,"href":"https:\/\/lyonelkaufmann.ch\/histoire\/wp-json\/wp\/v2\/comments?post=57"}],"version-history":[{"count":0,"href":"https:\/\/lyonelkaufmann.ch\/histoire\/wp-json\/wp\/v2\/pages\/57\/revisions"}],"up":[{"embeddable":true,"href":"https:\/\/lyonelkaufmann.ch\/histoire\/wp-json\/wp\/v2\/pages\/55"}],"wp:attachment":[{"href":"https:\/\/lyonelkaufmann.ch\/histoire\/wp-json\/wp\/v2\/media?parent=57"}],"curies":[{"name":"wp","href":"https:\/\/api.w.org\/{rel}","templated":true}]}}