{"id":58,"date":"2006-04-10T22:08:07","date_gmt":"2006-04-10T22:08:07","guid":{"rendered":"https:\/\/lyonelkaufmann.ch\/histoire\/?page_id=81"},"modified":"2006-04-10T22:08:07","modified_gmt":"2006-04-10T22:08:07","slug":"vocabulaire-du-film","status":"publish","type":"page","link":"https:\/\/lyonelkaufmann.ch\/histoire\/film-histoire\/vocabulaire-du-film\/","title":{"rendered":"Vocabulaire filmique"},"content":{"rendered":"<h3>Unit\u00e9s narratives<\/h3>\n<div align=\"justify\">Par convention, on d\u00e9cide qu&rsquo;un film se d\u00e9coupe en s\u00e9quences, sc\u00e8nes et plans.<\/p>\n<h3>Plan<\/h3>\n<p>Mot polys\u00e9mique.<br \/>\na) Une unit\u00e9 de tournage d\u00e9signant une dur\u00e9e plus ou moins longue pendant laquelle la cam\u00e9ra enregistre les images sans interruption. Soit la portion de pellicule comprise entre deux coupes.<br \/>\nb) La fa\u00e7on dont le sujet est cadr\u00e9 (voir \u00e9chelle de plan)<br \/>\nc) Le \u00abplan \u00e9chelonnement\u00bb qui permet de situer le sujet dans la profondeur du champ. On parle alors de \u00abpremier plan\u00bb, d&rsquo;\u00abarri\u00e8re-plan\u00bb, \u2026<br \/>\nEchelle des plans:<br \/>\n-Plan d&rsquo;ensemble: Totalit\u00e9 du d\u00e9cor.<br \/>\n-Plan g\u00e9n\u00e9ral: Partie du d\u00e9cor avec personnages en entier.<br \/>\n-Plan moyen: Personnage en pied.<br \/>\n-Plan italien: Personnage coup\u00e9 aux genoux<br \/>\n-Plan am\u00e9ricain: Personnage coup\u00e9 \u00e0 mi-cuisse.<br \/>\n-Plan rapproch\u00e9: Personnage coup\u00e9 \u00e0 mi-poitrine.<br \/>\n-Gros plan: Visage seul.<br \/>\n-Tres gros plan: D\u00e9tail du corps ou du visage.<br \/>\n-Insert: Tr\u00e8s gros plan d`objet.<\/p>\n<h3>Sc\u00e8ne<\/h3>\n<p>Ensemble de plans poss\u00e9dant une unit\u00e9, une coh\u00e9rence narratives. Le changement de sc\u00e8ne s&rsquo;annonce g\u00e9n\u00e9ralement par l&rsquo;entr\u00e9e ou la sortie d&rsquo;un personnage, par un changement de lieu ou de temps. Se r\u00e9f\u00e9rer aussi \u00e0 la notion de sc\u00e8ne pour une pi\u00e8ce de th\u00e9\u00e2tre.<\/p>\n<h3>S\u00e9quence<\/h3>\n<p>Elle r\u00e9unit un ensemble de sc\u00e8nes et elle constitue un groupe narratif ou th\u00e9matique fort correspondant \u00e0 un mouvement important de l&rsquo;histoire. Une partie du film.<\/p>\n<h3>Prises de vue<\/h3>\n<p>&#8211; une prise : action de la cam\u00e9ra entre deux claps \u2013 \u00ab \u00e7a tourne \u00bb \/ \u00ab coupez \u00bb.<br \/>\n&#8211; l\u2019angle : position de la cam\u00e9ra par rapport \u00e0 l\u2019objet.<br \/>\n&#8211; une plong\u00e9e : la cam\u00e9ra est au-dessus de l\u2019objet. Cette position permet les vues d\u2019ensemble ; il arrive qu\u2019elle produise un effet de d\u00e9valorisation de l\u2019objet.<br \/>\n&#8211; une contre-plong\u00e9e : la cam\u00e9ra est en contrebas de l\u2019objet. Cette position permet au contraire une valorisation de l\u2019objet.<br \/>\n&#8211; le hors-champ : tout ce qui n\u2019appara\u00eet pas \u00e0 l\u2019\u00e9cran mais que le spectateur restitue parce que ces \u00e9l\u00e9ments lui ont d\u00e9j\u00e0 \u00e9t\u00e9 pr\u00e9sent\u00e9s.<br \/>\n&#8211; un travelling : mouvement de la cam\u00e9ra, mont\u00e9e sur des rails, et qui lui permet une mise en valeur de l\u2019objet dont elle approche (travelling avant) ou par rapport auquel elle recule (travelling arri\u00e8re).<\/p>\n<h3>Montage (voir aussi plan, s\u00e9quence)<\/h3>\n<p>&#8211; synopsis : r\u00e9sum\u00e9 du film (vue d\u2019ensemble de l\u2019histoire).<br \/>\n&#8211; montage : op\u00e9ration qui consiste \u00e0 s\u00e9lectionner et assembler les parties du film (les rushes).<br \/>\n&#8211; coupe : la coupe met fin au plan, avant l\u2019apparition, \u00e0 l\u2019image, du plan suivant.<br \/>\n&#8211; raccord : encha\u00eenement de plans. Lorsque des plans ne sont pas encha\u00een\u00e9s, on parle de cut.<\/p><\/div>\n","protected":false},"excerpt":{"rendered":"<p>Unit\u00e9s narratives Par convention, on d\u00e9cide qu&rsquo;un film se d\u00e9coupe en s\u00e9quences, sc\u00e8nes et plans. Plan Mot polys\u00e9mique. a) Une unit\u00e9 de tournage d\u00e9signant une dur\u00e9e plus ou moins longue pendant laquelle la cam\u00e9ra enregistre les images sans interruption. Soit la portion de pellicule comprise entre deux coupes. b) La fa\u00e7on dont le sujet est [&hellip;]<\/p>\n","protected":false},"author":1,"featured_media":0,"parent":53,"menu_order":1,"comment_status":"open","ping_status":"closed","template":"onecolumn-page.php","meta":{"_import_markdown_pro_load_document_selector":0,"_import_markdown_pro_submit_text_textarea":"","_genesis_hide_title":false,"_genesis_hide_breadcrumbs":false,"_genesis_hide_singular_image":false,"_genesis_hide_footer_widgets":false,"_genesis_custom_body_class":"","_genesis_custom_post_class":"","_genesis_layout":"","jetpack_post_was_ever_published":false,"footnotes":""},"class_list":{"0":"post-58","1":"page","2":"type-page","3":"status-publish","5":"entry"},"featured_image_src":null,"featured_image_src_square":null,"jetpack_sharing_enabled":true,"jetpack_shortlink":"https:\/\/wp.me\/P1rJVM-W","jetpack_likes_enabled":true,"jetpack-related-posts":[{"id":12008,"url":"https:\/\/lyonelkaufmann.ch\/histoire\/mes-cours\/bp13shs-enseigner-lhistoire-au-cycle-2\/","url_meta":{"origin":58,"position":0},"title":"BPSHS13 &#8211; Enseigner l&rsquo;histoire au cycle 2","author":"Lyonel Kaufmann","date":"21 septembre 2016","format":false,"excerpt":"Ann\u00e9e acad\u00e9mique 2020-2021 Objectifs du s\u00e9minaire Percevoir les composantes d\u2019une le\u00e7on d\u2019histoire\u00a0:\u00a0\u00ab\u00a0qu\u2019est ce qui fait une bonne le\u00e7on d\u2019histoire?\u00a0\u00bb A l\u2019appui des MER, aborder les objectifs du PER et comprendre le changement de paradigme Approcher le mat\u00e9riel scolaire et extra scolaire \u00e0 disposition\u00a0: utilit\u00e9 et pertinence. Travailler \u00e0 des pistes\u2026","rel":"","context":"Article similaire","block_context":{"text":"Article similaire","link":""},"img":{"alt_text":"","src":"https:\/\/i0.wp.com\/lyonelkaufmann.ch\/histoire\/wp-content\/uploads\/2020\/09\/Capture-decran-2020-09-11-a-14.03.59-700x451.png?resize=350%2C200&ssl=1","width":350,"height":200,"srcset":"https:\/\/i0.wp.com\/lyonelkaufmann.ch\/histoire\/wp-content\/uploads\/2020\/09\/Capture-decran-2020-09-11-a-14.03.59-700x451.png?resize=350%2C200&ssl=1 1x, https:\/\/i0.wp.com\/lyonelkaufmann.ch\/histoire\/wp-content\/uploads\/2020\/09\/Capture-decran-2020-09-11-a-14.03.59-700x451.png?resize=525%2C300&ssl=1 1.5x, https:\/\/i0.wp.com\/lyonelkaufmann.ch\/histoire\/wp-content\/uploads\/2020\/09\/Capture-decran-2020-09-11-a-14.03.59-700x451.png?resize=700%2C400&ssl=1 2x"},"classes":[]},{"id":65,"url":"https:\/\/lyonelkaufmann.ch\/histoire\/medias-technologies\/autour-du-logiciel\/","url_meta":{"origin":58,"position":1},"title":"Logiciels","author":"Lyonel Kaufmann","date":"14 avril 2006","format":false,"excerpt":"Activit\u00e9s r\u00e9alis\u00e9es \u00e0 l'aide de logiciel standards (traitement de texte, tableur, base de donn\u00e9es, logiciel int\u00e9gr\u00e9, dessin vectoriel ou bitmap) ou utilisable \u00e0 l'aide d'un navigateur internet (mais en intranet ou sur un ordinateur). Image hypertexte La Cath\u00e9drale : Travail de stagiaire Un texte lacunaire Une image cliquable de la\u2026","rel":"","context":"Article similaire","block_context":{"text":"Article similaire","link":""},"img":{"alt_text":"","src":"https:\/\/i0.wp.com\/lyonelkaufmann.ch\/histoire\/wp-content\/uploads\/2012\/08\/les_etats_generaux1.gif?fit=538%2C298&ssl=1&resize=350%2C200","width":350,"height":200,"srcset":"https:\/\/i0.wp.com\/lyonelkaufmann.ch\/histoire\/wp-content\/uploads\/2012\/08\/les_etats_generaux1.gif?fit=538%2C298&ssl=1&resize=350%2C200 1x, https:\/\/i0.wp.com\/lyonelkaufmann.ch\/histoire\/wp-content\/uploads\/2012\/08\/les_etats_generaux1.gif?fit=538%2C298&ssl=1&resize=525%2C300 1.5x"},"classes":[]},{"id":131,"url":"https:\/\/lyonelkaufmann.ch\/histoire\/transposer-planifier-evaluer\/","url_meta":{"origin":58,"position":2},"title":"Planifier","author":"Lyonel Kaufmann","date":"22 octobre 2006","format":false,"excerpt":"Cette page regroupe du mat\u00e9riel \u00e9labor\u00e9 \u00e0 l'intention des \u00e9tudiant-e-s et concernant des anciens modules ou plan de cours. Ils ne sont pas \u00e0 proprement parler des supports de cours d'o\u00f9 leur pr\u00e9sence ici. Histoire et p\u00e9dagogie diff\u00e9renci\u00e9e Ce document avait \u00e9t\u00e9 distribu\u00e9 \u00e0 la suite d\u2019une s\u00e9ance de didactique\u2026","rel":"","context":"Article similaire","block_context":{"text":"Article similaire","link":""},"img":{"alt_text":"","src":"","width":0,"height":0},"classes":[]},{"id":970,"url":"https:\/\/lyonelkaufmann.ch\/histoire\/mes-cours\/mshis11\/","url_meta":{"origin":58,"position":3},"title":"MSHIS11 &#8211; Didactique de l&rsquo;histoire II","author":"Lyonel Kaufmann","date":"13 f\u00e9vrier 2009","format":false,"excerpt":"S\u00e9minaire S1 - printemps 2018 Les s\u00e9ances ont lieu selon l\u2019horaire suivant\u00a0: 08:15 \u00e0 11:45 Planification synth\u00e9tique\u00a0: S\u00e9ances Th\u00e9matique 27 f\u00e9vrier \u00c9valuer en histoire\u00a0: le Cadre g\u00e9n\u00e9ral de l\u2019\u00e9valuation vaudois et les tests assimil\u00e9s. 06 mars Le travail par comp\u00e9tences en histoire\u00a0: ma\u00eetrise des outils historiens et planification au cycle\u2026","rel":"","context":"Article similaire","block_context":{"text":"Article similaire","link":""},"img":{"alt_text":"","src":"https:\/\/i0.wp.com\/lyonelkaufmann.ch\/histoire\/wp-content\/uploads\/2009\/02\/tableau_resultat11.png?fit=808%2C549&ssl=1&resize=350%2C200","width":350,"height":200,"srcset":"https:\/\/i0.wp.com\/lyonelkaufmann.ch\/histoire\/wp-content\/uploads\/2009\/02\/tableau_resultat11.png?fit=808%2C549&ssl=1&resize=350%2C200 1x, https:\/\/i0.wp.com\/lyonelkaufmann.ch\/histoire\/wp-content\/uploads\/2009\/02\/tableau_resultat11.png?fit=808%2C549&ssl=1&resize=525%2C300 1.5x, https:\/\/i0.wp.com\/lyonelkaufmann.ch\/histoire\/wp-content\/uploads\/2009\/02\/tableau_resultat11.png?fit=808%2C549&ssl=1&resize=700%2C400 2x"},"classes":[]},{"id":56,"url":"https:\/\/lyonelkaufmann.ch\/histoire\/medias-technologies\/reflexions-sur-lutilisation-de-linformatique-dans-le-cours-dhistoire\/","url_meta":{"origin":58,"position":4},"title":"R\u00e9flexions : Histoire des nouvelles technologies \u00e0 l&rsquo;\u00e9cole","author":"Lyonel Kaufmann","date":"9 avril 2006","format":false,"excerpt":"A - Histoire des nouvelles technologies \u00e0 l'\u00e9cole L'ordinateur n'est pas la premi\u00e8re \u201cnouvelle\u201c technologie introduite dans le champ scolaire. Indiquons les exemples de la radio, du r\u00e9troprojecteur ou de la t\u00e9l\u00e9vision.On peut m\u00eame consid\u00e9rer que le manuel et le tableau noir ont \u00e9t\u00e9 les premi\u00e8res inventions technologiques en milieu\u2026","rel":"","context":"Article similaire","block_context":{"text":"Article similaire","link":""},"img":{"alt_text":"","src":"","width":0,"height":0},"classes":[]},{"id":187,"url":"https:\/\/lyonelkaufmann.ch\/histoire\/medias-technologies\/google-earth-et-histoire\/","url_meta":{"origin":58,"position":5},"title":"Google Earth et histoire","author":"Lyonel Kaufmann","date":"13 avril 2007","format":false,"excerpt":"Dans un premier mouvement, les rapports entre l\u2019enseignement de l\u2019histoire et Google Earth ne sautent pas aux yeux. Et pourtant\u2026 Quelques exemples et liens relatif \u00e0 l'utilisation de Google Earth en histoire. Introduction : Mais d\u2019abord qu\u2019est-ce que Google Earth et quelle est l\u2019installation minimum pour pouvoir en profiter? \u2022\u2026","rel":"","context":"Article similaire","block_context":{"text":"Article similaire","link":""},"img":{"alt_text":"","src":"","width":0,"height":0},"classes":[]}],"_links":{"self":[{"href":"https:\/\/lyonelkaufmann.ch\/histoire\/wp-json\/wp\/v2\/pages\/58","targetHints":{"allow":["GET"]}}],"collection":[{"href":"https:\/\/lyonelkaufmann.ch\/histoire\/wp-json\/wp\/v2\/pages"}],"about":[{"href":"https:\/\/lyonelkaufmann.ch\/histoire\/wp-json\/wp\/v2\/types\/page"}],"author":[{"embeddable":true,"href":"https:\/\/lyonelkaufmann.ch\/histoire\/wp-json\/wp\/v2\/users\/1"}],"replies":[{"embeddable":true,"href":"https:\/\/lyonelkaufmann.ch\/histoire\/wp-json\/wp\/v2\/comments?post=58"}],"version-history":[{"count":0,"href":"https:\/\/lyonelkaufmann.ch\/histoire\/wp-json\/wp\/v2\/pages\/58\/revisions"}],"up":[{"embeddable":true,"href":"https:\/\/lyonelkaufmann.ch\/histoire\/wp-json\/wp\/v2\/pages\/53"}],"wp:attachment":[{"href":"https:\/\/lyonelkaufmann.ch\/histoire\/wp-json\/wp\/v2\/media?parent=58"}],"curies":[{"name":"wp","href":"https:\/\/api.w.org\/{rel}","templated":true}]}}