{"id":59,"date":"2006-04-10T22:27:22","date_gmt":"2006-04-10T22:27:22","guid":{"rendered":"https:\/\/lyonelkaufmann.ch\/histoire\/?page_id=82"},"modified":"2006-04-10T22:27:22","modified_gmt":"2006-04-10T22:27:22","slug":"film-education-aux-medias","status":"publish","type":"page","link":"https:\/\/lyonelkaufmann.ch\/histoire\/film-histoire\/film-education-aux-medias\/","title":{"rendered":"Education m\u00e9dias"},"content":{"rendered":"<h3>Suggestions d\u2019activit\u00e9s<\/h3>\n<div align=\"justify\">\u2022 Diversifier les sources et documents de r\u00e9f\u00e9rence, leur appliquer les principes de la critique historique en consid\u00e9rant le contexte du document, les contraintes socio-\u00e9conomiques, les motivations de leur producteur, ainsi que le public vis\u00e9.<br \/>\n\u2022 Inclure parmi les documents utilis\u00e9s des documents de fiction (bandes dessin\u00e9es, films, feuilletons T.V., etc. &#8230;) se r\u00e9f\u00e9rant au pass\u00e9, les analyser en \u00e9valuant les libert\u00e9s prises par rapport \u00e0 la v\u00e9rit\u00e9 historique et en essayant d&rsquo;expliquer les raisons d&rsquo;\u00eatre de ces libert\u00e9s.<br \/>\n\u2022 Travailler sur des films de montage et y d\u00e9celer les ellipses et les oublis, de m\u00eame que l&rsquo;importance exag\u00e9r\u00e9e accord\u00e9e \u00e0 tel personnage ou \u00e0 tel \u00e9v\u00e9nement; justifier ces oublis ou exag\u00e9rations en fonction des intentions du producteur, de la date de r\u00e9alisation et de certaines contraintes id\u00e9ologiques ou socio-\u00e9conomiques.<br \/>\n\u2022 S&rsquo;interroger sur les repr\u00e9sentations du pass\u00e9 propos\u00e9es au grand public par les m\u00e9dias tels que p\u00e9plums, feuilletons historiques, etc. &#8230;  Analyser les st\u00e9r\u00e9otypes et conventions.<br \/>\n\u2022 Etudier l&rsquo;\u00e9volution d&rsquo;un personnage, d&rsquo;une \u00e9poque, d&rsquo;une soci\u00e9t\u00e9, dans l&rsquo;imaginaire du public suite aux repr\u00e9sentations que les m\u00e9dias en font (exemple : le personnage de Jeanne d&rsquo;Arc dans les manuels scolaires du d\u00e9but du si\u00e8cle, dans les bandes dessin\u00e9es, dans l&rsquo;iconographie religieuse, dans les films de Dreyer, Rossellini ou Rivette; la R\u00e9volution fran\u00e7aise, la guerre de S\u00e9cession, etc. &#8230;).<br \/>\n\u2022 Lire des ouvrages tels que \u00abAnalyse de film, analyse de soci\u00e9t\u00e9\u00bb ou \u00abFilm et histoire\u00bb de Marc Ferro.<br \/>\n\u2022 Analyser des oeuvres significatives du cin\u00e9ma de propagande, en d\u00e9celer les m\u00e9canismes et proc\u00e9d\u00e9s, recadrer ce point de vue dans l&rsquo;ensemble du projet politique. Accomplir un travail de recherche documentaire dans le domaine des documents audiovisuels portant sur des enjeux politiques contemporains : les territoires occup\u00e9s, la guerre du Golfe, les hostilit\u00e9s en ex-Yougoslavie, etc. &#8230; Ce travail aboutira \u00e0 une cat\u00e9gorisation des documents et \u00e0 l&rsquo;analyse de l&rsquo;incidence que peut avoir ce classement sur la perception du document.<br \/>\n\u2022 S&rsquo;informer sur les agences de presse \u00e9crite et de presse audiovisuelle dans le monde, sur leur orientation, leur appartenance, sur le cheminement de l&rsquo;information, sur les niveaux et types de censure.<br \/>\n\u2022 Analyser des campagnes d&rsquo;affiches portant sur des \u00e9v\u00e9nements du pass\u00e9 (affiches r\u00e9volutionnaires, mai 68, affiches \u00e9lectorales en France de 65 \u00e0 86&#8230;) ou du pr\u00e9sent (affiches concernant les \u00e9lections communales, europ\u00e9ennes, etc. &#8230;).<br \/>\n\u2022 Faire r\u00e9aliser par les \u00e9l\u00e8ves des documents sonores ou vid\u00e9o d&rsquo;int\u00e9r\u00eat historique (recueil de t\u00e9moignages par interview, r\u00e9alisation de fardes et panneaux photographiques, etc. &#8230;), mettre ces documents artisanaux en relation avec des documents professionnels, essayer de percevoir les diff\u00e9rences de signification qui r\u00e9sultent de la diff\u00e9rence des moyens mis en oeuvre.<br \/>\n\u2022 Distinguer la m\u00e9thodologie de diff\u00e9rentes \u00e9missions historiques :<br \/>\n\t\t\u2014 recherche de sources (reconstitution, montage, fiction&#8230;)<br \/>\n\t\t\u2014 repr\u00e9sentation<br \/>\n\t\t\u2014 Analyser des campagnes de presse et la narration m\u00e9diatique d&rsquo;actualit\u00e9.<\/p>\n<p><b>Source : <\/b><i><a href=\"http:\/\/educaumedia.comu.ucl.ac.be\/cem\/p22202.html\">http:\/\/educaumedia.comu.ucl.ac.be\/cem\/p22202.html<\/a><\/i><\/div>\n","protected":false},"excerpt":{"rendered":"<p>Suggestions d\u2019activit\u00e9s \u2022 Diversifier les sources et documents de r\u00e9f\u00e9rence, leur appliquer les principes de la critique historique en consid\u00e9rant le contexte du document, les contraintes socio-\u00e9conomiques, les motivations de leur producteur, ainsi que le public vis\u00e9. \u2022 Inclure parmi les documents utilis\u00e9s des documents de fiction (bandes dessin\u00e9es, films, feuilletons T.V., etc. &#8230;) se [&hellip;]<\/p>\n","protected":false},"author":1,"featured_media":0,"parent":53,"menu_order":0,"comment_status":"open","ping_status":"closed","template":"onecolumn-page.php","meta":{"_import_markdown_pro_load_document_selector":0,"_import_markdown_pro_submit_text_textarea":"","_genesis_hide_title":false,"_genesis_hide_breadcrumbs":false,"_genesis_hide_singular_image":false,"_genesis_hide_footer_widgets":false,"_genesis_custom_body_class":"","_genesis_custom_post_class":"","_genesis_layout":"","jetpack_post_was_ever_published":false,"footnotes":""},"class_list":{"0":"post-59","1":"page","2":"type-page","3":"status-publish","5":"entry"},"featured_image_src":null,"featured_image_src_square":null,"jetpack_sharing_enabled":true,"jetpack_shortlink":"https:\/\/wp.me\/P1rJVM-X","jetpack_likes_enabled":true,"jetpack-related-posts":[{"id":358,"url":"https:\/\/lyonelkaufmann.ch\/histoire\/mes-cours\/mshis31-didactique-de-lhistoire\/","url_meta":{"origin":59,"position":0},"title":"MSHIS31 &#8211; Didactique de l&rsquo;histoire I","author":"Lyonel Kaufmann","date":"7 septembre 2008","format":false,"excerpt":"S\u00e9minaire S1 - ann\u00e9e 2018-2019 Pour les conditions cadres et les \u00e9l\u00e9ments du cours 2017, je vous laisse le soin de consulter la plate forme eleaning (Moodle) de la HEP Vaud :\u00a0http:\/\/elearning.hepl.ch\/course\/view.php?id=75 La grille d'\u00e9valuation :\u00a0Evaluation MSHIS 31 2017 Liste des s\u00e9ances et th\u00e9matiques abord\u00e9es en s\u00e9minaire S1: 2.10.2018 :\u2026","rel":"","context":"Article similaire","block_context":{"text":"Article similaire","link":""},"img":{"alt_text":"cours_tenochtitlan","src":"https:\/\/i0.wp.com\/lyonelkaufmann.ch\/histoire\/wp-content\/uploads\/2008\/09\/Cours_Tenochtitlan-700x307.png?resize=350%2C200&ssl=1","width":350,"height":200,"srcset":"https:\/\/i0.wp.com\/lyonelkaufmann.ch\/histoire\/wp-content\/uploads\/2008\/09\/Cours_Tenochtitlan-700x307.png?resize=350%2C200&ssl=1 1x, https:\/\/i0.wp.com\/lyonelkaufmann.ch\/histoire\/wp-content\/uploads\/2008\/09\/Cours_Tenochtitlan-700x307.png?resize=525%2C300&ssl=1 1.5x, https:\/\/i0.wp.com\/lyonelkaufmann.ch\/histoire\/wp-content\/uploads\/2008\/09\/Cours_Tenochtitlan-700x307.png?resize=700%2C400&ssl=1 2x"},"classes":[]},{"id":97,"url":"https:\/\/lyonelkaufmann.ch\/histoire\/film-histoire\/films-periodes\/","url_meta":{"origin":59,"position":1},"title":"Films &amp; P\u00e9riodes","author":"Lyonel Kaufmann","date":"13 juillet 2006","format":false,"excerpt":"Comment le cin\u00e9ma a-t-il ou traite-t-il des diff\u00e9rentes p\u00e9riodes historiques ? Petit tour d'horizon et renvoi vers des ouvrages ou des sites sp\u00e9cifiques. P\u00e9riodes abord\u00e9es : \u00a0\u00a0 Films & Antiquit\u00e9 Films & Moyen \u00c2ge Films & Ancien R\u00e9gime Films & R\u00e9volutions Films & Premi\u00e8re guerre mondiale Film & Shoah Films\u2026","rel":"","context":"Article similaire","block_context":{"text":"Article similaire","link":""},"img":{"alt_text":"","src":"","width":0,"height":0},"classes":[]},{"id":970,"url":"https:\/\/lyonelkaufmann.ch\/histoire\/mes-cours\/mshis11\/","url_meta":{"origin":59,"position":2},"title":"MSHIS11 &#8211; Didactique de l&rsquo;histoire II","author":"Lyonel Kaufmann","date":"13 f\u00e9vrier 2009","format":false,"excerpt":"S\u00e9minaire S1 - printemps 2018 Les s\u00e9ances ont lieu selon l\u2019horaire suivant\u00a0: 08:15 \u00e0 11:45 Planification synth\u00e9tique\u00a0: S\u00e9ances Th\u00e9matique 27 f\u00e9vrier \u00c9valuer en histoire\u00a0: le Cadre g\u00e9n\u00e9ral de l\u2019\u00e9valuation vaudois et les tests assimil\u00e9s. 06 mars Le travail par comp\u00e9tences en histoire\u00a0: ma\u00eetrise des outils historiens et planification au cycle\u2026","rel":"","context":"Article similaire","block_context":{"text":"Article similaire","link":""},"img":{"alt_text":"","src":"https:\/\/i0.wp.com\/lyonelkaufmann.ch\/histoire\/wp-content\/uploads\/2009\/02\/tableau_resultat11.png?fit=808%2C549&ssl=1&resize=350%2C200","width":350,"height":200,"srcset":"https:\/\/i0.wp.com\/lyonelkaufmann.ch\/histoire\/wp-content\/uploads\/2009\/02\/tableau_resultat11.png?fit=808%2C549&ssl=1&resize=350%2C200 1x, https:\/\/i0.wp.com\/lyonelkaufmann.ch\/histoire\/wp-content\/uploads\/2009\/02\/tableau_resultat11.png?fit=808%2C549&ssl=1&resize=525%2C300 1.5x, https:\/\/i0.wp.com\/lyonelkaufmann.ch\/histoire\/wp-content\/uploads\/2009\/02\/tableau_resultat11.png?fit=808%2C549&ssl=1&resize=700%2C400 2x"},"classes":[]},{"id":72,"url":"https:\/\/lyonelkaufmann.ch\/histoire\/bibliographie-histoire\/","url_meta":{"origin":59,"position":3},"title":"R\u00e9f\u00e9rences","author":"Lyonel Kaufmann","date":"16 avril 2006","format":false,"excerpt":"Carnets de liens Bibliographie histoire, enseignement Les ouvrages pr\u00e9sent\u00e9s compl\u00e8tent les r\u00e9f\u00e9rences bibliographiques des diff\u00e9rents cours et s\u00e9minaires ainsi que les ouvrages pr\u00e9sent\u00e9s dans le support de cours : - Histoire savante : Antiquit\u00e9 -> 20e si\u00e8cle : r\u00e9f\u00e9rences, r\u00e9sum\u00e9s, bibliographies en rapport avec des sujets 5e \u00e0 9e ann\u00e9e\u2026","rel":"","context":"Article similaire","block_context":{"text":"Article similaire","link":""},"img":{"alt_text":"","src":"","width":0,"height":0},"classes":[]},{"id":131,"url":"https:\/\/lyonelkaufmann.ch\/histoire\/transposer-planifier-evaluer\/","url_meta":{"origin":59,"position":4},"title":"Planifier","author":"Lyonel Kaufmann","date":"22 octobre 2006","format":false,"excerpt":"Cette page regroupe du mat\u00e9riel \u00e9labor\u00e9 \u00e0 l'intention des \u00e9tudiant-e-s et concernant des anciens modules ou plan de cours. Ils ne sont pas \u00e0 proprement parler des supports de cours d'o\u00f9 leur pr\u00e9sence ici. Histoire et p\u00e9dagogie diff\u00e9renci\u00e9e Ce document avait \u00e9t\u00e9 distribu\u00e9 \u00e0 la suite d\u2019une s\u00e9ance de didactique\u2026","rel":"","context":"Article similaire","block_context":{"text":"Article similaire","link":""},"img":{"alt_text":"","src":"","width":0,"height":0},"classes":[]},{"id":60,"url":"https:\/\/lyonelkaufmann.ch\/histoire\/film-histoire\/cineastes-et-histoire\/","url_meta":{"origin":59,"position":5},"title":"Cin\u00e9astes &amp; Historiens","author":"Lyonel Kaufmann","date":"10 avril 2006","format":false,"excerpt":"Le Nom de la Rose - Une reconstitution positiviste (Jean-Jacques Annaud) Comment s'est pass\u00e9 votre rendez-vous avec Umberto Ecco ? \" Il a d\u00fb me prendre pour un fou. Je lui ai expos\u00e9 mon intime conviction que ce livre avait \u00e9t\u00e9 \u00e9crit pour moi. Je lui ai jur\u00e9 que je\u2026","rel":"","context":"Article similaire","block_context":{"text":"Article similaire","link":""},"img":{"alt_text":"","src":"","width":0,"height":0},"classes":[]}],"_links":{"self":[{"href":"https:\/\/lyonelkaufmann.ch\/histoire\/wp-json\/wp\/v2\/pages\/59","targetHints":{"allow":["GET"]}}],"collection":[{"href":"https:\/\/lyonelkaufmann.ch\/histoire\/wp-json\/wp\/v2\/pages"}],"about":[{"href":"https:\/\/lyonelkaufmann.ch\/histoire\/wp-json\/wp\/v2\/types\/page"}],"author":[{"embeddable":true,"href":"https:\/\/lyonelkaufmann.ch\/histoire\/wp-json\/wp\/v2\/users\/1"}],"replies":[{"embeddable":true,"href":"https:\/\/lyonelkaufmann.ch\/histoire\/wp-json\/wp\/v2\/comments?post=59"}],"version-history":[{"count":0,"href":"https:\/\/lyonelkaufmann.ch\/histoire\/wp-json\/wp\/v2\/pages\/59\/revisions"}],"up":[{"embeddable":true,"href":"https:\/\/lyonelkaufmann.ch\/histoire\/wp-json\/wp\/v2\/pages\/53"}],"wp:attachment":[{"href":"https:\/\/lyonelkaufmann.ch\/histoire\/wp-json\/wp\/v2\/media?parent=59"}],"curies":[{"name":"wp","href":"https:\/\/api.w.org\/{rel}","templated":true}]}}