{"id":60,"date":"2006-04-10T22:39:16","date_gmt":"2006-04-10T22:39:16","guid":{"rendered":"https:\/\/lyonelkaufmann.ch\/histoire\/?page_id=89"},"modified":"2006-04-10T22:39:16","modified_gmt":"2006-04-10T22:39:16","slug":"cineastes-et-histoire","status":"publish","type":"page","link":"https:\/\/lyonelkaufmann.ch\/histoire\/film-histoire\/cineastes-et-histoire\/","title":{"rendered":"Cin\u00e9astes &amp; Historiens"},"content":{"rendered":"<h3>Le Nom de la Rose &#8211; Une reconstitution positiviste (Jean-Jacques Annaud)<\/h3>\n<div><strong>Comment s&rsquo;est pass\u00e9 votre rendez-vous avec Umberto Ecco ?<\/strong><br \/>\n<em>\u00a0\u00bb Il a d\u00fb me prendre pour un fou. Je lui ai expos\u00e9 mon intime conviction que ce livre avait \u00e9t\u00e9 \u00e9crit pour moi. Je lui ai jur\u00e9 que je trouverais le cuir avec lequel on fabriquait les sandales des Franciscains et la taille exacte de la tonsure des B\u00e9n\u00e9dictins, je l&rsquo;ai poursuivi en lui affirmant qu&rsquo;un feuilleton de six heures pour la t\u00e9l\u00e9visioin n&rsquo;\u00e9tait rien, que moi j&rsquo;aurai sept millions de dollars pour deux heures de film.\u00a0\u00bb<\/em><\/p>\n<p><strong>Vous avez eu -et la presse s&rsquo;en est largement fait \u00e9cho- un souci maniaque de l&rsquo;authenticit\u00e9\u2026<\/strong><br \/>\n<em>\u00ab\u00a0Bernard Eichinger le producteur n&rsquo;arr\u00eate pas de r\u00e9p\u00e9ter qu&rsquo;elle est une des stars du film. Et il n&rsquo;a pas tort\u2026 Tous les objets, des bijoux aux astrolabes, tous les meubles, des lutrins aux cand\u00e9labres ou aux couronnes de lumi\u00e8res copi\u00e9es sur celles de P\u00e9rigeux, tous les manuscrits enlumin\u00e9s ont \u00e9t\u00e9 dessin\u00e9s, soumis \u00e0 l&rsquo;approbation de Jacques Le Goff puis fabriqu\u00e9s \u00e0 l&rsquo;ancienne par des artisans. Nous n&rsquo;avons utilis\u00e9s que des vis qui l&rsquo;\u00e9taient au Moyen Age, du fer et non de l&rsquo;acier, des teintures v\u00e9g\u00e9tales et non des colorants chimiques, des parchemins et non des photos, et nous avons m\u00eame fini par trouver des cochons noirs ! Alors bien s\u00fbr on peut s&rsquo;interroger sur ce souci d&rsquo;authenticit\u00e9, cette volont\u00e9 d&rsquo;obtenir le meilleur des meilleurs.<br \/>\nA quoi je r\u00e9pondrai qu&rsquo;il faut demander 100% pour obtenir 50% et que surtout je veux faire \u00e0 mes futurs spectateurs (et \u00e0 Eco) l&rsquo;hommage d&rsquo;une reconstitution aussi juste que possible. Ce serait pour moi les m\u00e9priser que de penser qu&rsquo;ils n&rsquo;y seront pas sensibles.\u00a0\u00bb<br \/>\nJ.-J. Annaud, entretien r\u00e9alis\u00e9 en 1986 \u00e0 propos du Nom de la Rose<br \/>\nPour l&rsquo;intervieweur, ce degr\u00e9 de minutie \u00ab\u00a0aide \u00e0 prendre conscience du fait que l&rsquo;homme ne change pas. Comme si Eco disait : les costumes \u00e9voluent, les r\u00e8gles se modifient mais le m\u00e9canisme int\u00e9rieur demeure immuable. Quand on comprend cette permanence, on s&rsquo;identifie sans difficult\u00e9 aux temps anciens.\u00a0\u00bb<\/em><\/p>\n<p>J.-J. Annaud, entretien r\u00e9alis\u00e9 en 1986 \u00e0 propos du Nom de la Rose.<\/p>\n<h3>Ce que le cin\u00e9ma apporte \u00e0 l&rsquo;historien (M. Pastoureau)<\/h3>\n<p><em>\u00ab\u00a0En revanche ce qui \u00e9tait int\u00e9ressant, c&rsquo;est que Annaud nous posait des questions, auxquelles nous, historiens, avions bien du mal \u00e0 r\u00e9pondre et pourtant nous \u00e9tions sept ou huit avec des sp\u00e9cialit\u00e9s diff\u00e9rentes. Ces questions \u00e9taient celle d&rsquo;un metteur en sc\u00e8ne, par exemple, tout ce qui concernait la gestualit\u00e9, comment on se dit bonjour et au revoir, quel type de gestes l&rsquo;on fait, et nous nous sommes aper\u00e7us que nous ne savions pas r\u00e9pondre \u00e0 ces questions-l\u00e0. [\u2026].\u00a0\u00bb<\/em><br \/>\nMichel Pastoureau (2000). \u00abLa collaboration historique au cin\u00e9ma\u00bb. In <em>L&rsquo;Emoi de l&rsquo;histoire<\/em>. p.13-14<\/p>\n<p>D\u00e9tail et enjeu financier :<br \/>\n<em>\u00ab\u00a0Je me souviens que Jean-Jacques Annaud avait beaucoup de figurants moines donc si ceux-ci n&rsquo;avaient pas de capuchon sur la t\u00eate pour telle ou telle sc\u00e8ne, ils devaient le tonsurer et si les figurants \u00e9taient tonsur\u00e9s, ils \u00e9taient pay\u00e9s plus cher, [\u2026]; il ne voulait pas en tonsurer trop malgr\u00e9 les moyens financiers, donc voulait savoir si au r\u00e9fectoire par exemple, les moines b\u00e9n\u00e9dictins ou cisterciens avaient le capuchon sur la t\u00eate ou la t\u00eate d\u00e9couverte pour montrer \u00e0 l&rsquo;\u00e9cran des gens tonsur\u00e9s ou encapuchonn\u00e9s. Et nous \u00e9tions incapables, y compris les historiens du mouvement monastique, de savoir comment cela se passait au XIVe si\u00e8cle; en r\u00e9alit\u00e9, ce sont des moines eux-m\u00eames qui ont \u00e9mis non pas des certitudes mais quelques hypoth\u00e8ses et finalement, Annaud a tranch\u00e9 par rapport \u00e0 son budget mais c&rsquo;\u00e9tait amusant comme question avec enjeu financier.\u00a0\u00bb<\/em><\/p>\n<p>Michel Pastoureau (2000). \u00abLa collaboration historique au cin\u00e9ma\u00bb. In <em>L&rsquo;Emoi de l&rsquo;histoire<\/em>. p.14<\/p>\n<p><strong>Source :<\/strong> Priska Morrissey (2004). <em>Historiens et cin\u00e9astes. Rencontre de deux \u00e9critures.<\/em> Paris: L&rsquo;Harmattan. 325 p.<\/p>\n<\/div>\n","protected":false},"excerpt":{"rendered":"<p>Le Nom de la Rose &#8211; Une reconstitution positiviste (Jean-Jacques Annaud) Comment s&rsquo;est pass\u00e9 votre rendez-vous avec Umberto Ecco ? \u00a0\u00bb Il a d\u00fb me prendre pour un fou. Je lui ai expos\u00e9 mon intime conviction que ce livre avait \u00e9t\u00e9 \u00e9crit pour moi. Je lui ai jur\u00e9 que je trouverais le cuir avec lequel [&hellip;]<\/p>\n","protected":false},"author":1,"featured_media":0,"parent":53,"menu_order":0,"comment_status":"open","ping_status":"closed","template":"onecolumn-page.php","meta":{"_import_markdown_pro_load_document_selector":0,"_import_markdown_pro_submit_text_textarea":"","_genesis_hide_title":false,"_genesis_hide_breadcrumbs":false,"_genesis_hide_singular_image":false,"_genesis_hide_footer_widgets":false,"_genesis_custom_body_class":"","_genesis_custom_post_class":"","_genesis_layout":"","jetpack_post_was_ever_published":false,"footnotes":""},"class_list":{"0":"post-60","1":"page","2":"type-page","3":"status-publish","5":"entry"},"featured_image_src":null,"featured_image_src_square":null,"jetpack_sharing_enabled":true,"jetpack_shortlink":"https:\/\/wp.me\/P1rJVM-Y","jetpack_likes_enabled":true,"jetpack-related-posts":[{"id":97,"url":"https:\/\/lyonelkaufmann.ch\/histoire\/film-histoire\/films-periodes\/","url_meta":{"origin":60,"position":0},"title":"Films &amp; P\u00e9riodes","author":"Lyonel Kaufmann","date":"13 juillet 2006","format":false,"excerpt":"Comment le cin\u00e9ma a-t-il ou traite-t-il des diff\u00e9rentes p\u00e9riodes historiques ? Petit tour d'horizon et renvoi vers des ouvrages ou des sites sp\u00e9cifiques. P\u00e9riodes abord\u00e9es : \u00a0\u00a0 Films & Antiquit\u00e9 Films & Moyen \u00c2ge Films & Ancien R\u00e9gime Films & R\u00e9volutions Films & Premi\u00e8re guerre mondiale Film & Shoah Films\u2026","rel":"","context":"Article similaire","block_context":{"text":"Article similaire","link":""},"img":{"alt_text":"","src":"","width":0,"height":0},"classes":[]},{"id":73,"url":"https:\/\/lyonelkaufmann.ch\/histoire\/film-histoire\/filmographie\/","url_meta":{"origin":60,"position":1},"title":"Filmographie","author":"Lyonel Kaufmann","date":"17 avril 2006","format":false,"excerpt":"S\u00e9lection de films historiques \u00a0 Gladiator R\u00e9alisateur: Ridley Scott Avec: Russell Crowe, Joaquin Phoenix Genre: 1. Antiquit\u00e9 Studio: Universal Pictures Mon classement: Classement: Appr\u00e9ciation: 5 (4 votes) Date de parution: Oct 2004 Emprunt\u00e9 par: \u00a0 \u00a0 \u00a0 \u00a0 Emprunt\u00e9 le: Commentaires: \"Gladiator\" marquait un double retour cin\u00e9matographique : celui du\u2026","rel":"","context":"Article similaire","block_context":{"text":"Article similaire","link":""},"img":{"alt_text":"","src":"Images\/star0.gif","width":350,"height":200},"classes":[]},{"id":53,"url":"https:\/\/lyonelkaufmann.ch\/histoire\/film-histoire\/","url_meta":{"origin":60,"position":2},"title":"Film&amp;Histoire","author":"Lyonel Kaufmann","date":"9 avril 2006","format":false,"excerpt":"\"Un film historique est comparable \u00e0 un film de science fiction\" (Stanley Kubrick) Ressources, articles, r\u00e9flexions et choix raisonn\u00e9 de films pour l'enseignement de l'histoire. On consultera \u00e9galement \u00e0 profit les diff\u00e9rents articles r\u00e9dig\u00e9s comprenant le tag film&histoire. Les pages: Cin\u00e9astes & Historiens Education m\u00e9dias Films & P\u00e9riodes Vocabulaire filmique\u2026","rel":"","context":"Article similaire","block_context":{"text":"Article similaire","link":""},"img":{"alt_text":"","src":"","width":0,"height":0},"classes":[]},{"id":58,"url":"https:\/\/lyonelkaufmann.ch\/histoire\/film-histoire\/vocabulaire-du-film\/","url_meta":{"origin":60,"position":3},"title":"Vocabulaire filmique","author":"Lyonel Kaufmann","date":"10 avril 2006","format":false,"excerpt":"Unit\u00e9s narratives Par convention, on d\u00e9cide qu'un film se d\u00e9coupe en s\u00e9quences, sc\u00e8nes et plans. Plan Mot polys\u00e9mique. a) Une unit\u00e9 de tournage d\u00e9signant une dur\u00e9e plus ou moins longue pendant laquelle la cam\u00e9ra enregistre les images sans interruption. Soit la portion de pellicule comprise entre deux coupes. b) La\u2026","rel":"","context":"Article similaire","block_context":{"text":"Article similaire","link":""},"img":{"alt_text":"","src":"","width":0,"height":0},"classes":[]},{"id":61,"url":"https:\/\/lyonelkaufmann.ch\/histoire\/film-histoire\/bibliographie\/","url_meta":{"origin":60,"position":4},"title":"Bibliographie cin\u00e9ma","author":"Lyonel Kaufmann","date":"11 avril 2006","format":false,"excerpt":"On consultera avec bonheur les dossiers et les fiches consacr\u00e9es aux rapports du Cin\u00e9ma et de l'Histoire et r\u00e9alis\u00e9es par le cin\u00e9-club de Caen. Vraiment incontournable. La consultation de l'index th\u00e9matique de Cin\u00e9ma et histoire de calindex.eu - le site des index de revues de cin\u00e9ma (45764 films, 44662 acteurs,\u2026","rel":"","context":"Article similaire","block_context":{"text":"Article similaire","link":""},"img":{"alt_text":"","src":"","width":0,"height":0},"classes":[]},{"id":56,"url":"https:\/\/lyonelkaufmann.ch\/histoire\/medias-technologies\/reflexions-sur-lutilisation-de-linformatique-dans-le-cours-dhistoire\/","url_meta":{"origin":60,"position":5},"title":"R\u00e9flexions : Histoire des nouvelles technologies \u00e0 l&rsquo;\u00e9cole","author":"Lyonel Kaufmann","date":"9 avril 2006","format":false,"excerpt":"A - Histoire des nouvelles technologies \u00e0 l'\u00e9cole L'ordinateur n'est pas la premi\u00e8re \u201cnouvelle\u201c technologie introduite dans le champ scolaire. Indiquons les exemples de la radio, du r\u00e9troprojecteur ou de la t\u00e9l\u00e9vision.On peut m\u00eame consid\u00e9rer que le manuel et le tableau noir ont \u00e9t\u00e9 les premi\u00e8res inventions technologiques en milieu\u2026","rel":"","context":"Article similaire","block_context":{"text":"Article similaire","link":""},"img":{"alt_text":"","src":"","width":0,"height":0},"classes":[]}],"_links":{"self":[{"href":"https:\/\/lyonelkaufmann.ch\/histoire\/wp-json\/wp\/v2\/pages\/60","targetHints":{"allow":["GET"]}}],"collection":[{"href":"https:\/\/lyonelkaufmann.ch\/histoire\/wp-json\/wp\/v2\/pages"}],"about":[{"href":"https:\/\/lyonelkaufmann.ch\/histoire\/wp-json\/wp\/v2\/types\/page"}],"author":[{"embeddable":true,"href":"https:\/\/lyonelkaufmann.ch\/histoire\/wp-json\/wp\/v2\/users\/1"}],"replies":[{"embeddable":true,"href":"https:\/\/lyonelkaufmann.ch\/histoire\/wp-json\/wp\/v2\/comments?post=60"}],"version-history":[{"count":0,"href":"https:\/\/lyonelkaufmann.ch\/histoire\/wp-json\/wp\/v2\/pages\/60\/revisions"}],"up":[{"embeddable":true,"href":"https:\/\/lyonelkaufmann.ch\/histoire\/wp-json\/wp\/v2\/pages\/53"}],"wp:attachment":[{"href":"https:\/\/lyonelkaufmann.ch\/histoire\/wp-json\/wp\/v2\/media?parent=60"}],"curies":[{"name":"wp","href":"https:\/\/api.w.org\/{rel}","templated":true}]}}