{"id":61,"date":"2006-04-11T00:08:34","date_gmt":"2006-04-11T00:08:34","guid":{"rendered":"https:\/\/lyonelkaufmann.ch\/histoire\/?page_id=90"},"modified":"2006-04-11T00:08:34","modified_gmt":"2006-04-11T00:08:34","slug":"bibliographie","status":"publish","type":"page","link":"https:\/\/lyonelkaufmann.ch\/histoire\/film-histoire\/bibliographie\/","title":{"rendered":"Bibliographie cin\u00e9ma"},"content":{"rendered":"<div align=\"justify\">On consultera avec bonheur <a href=\"http:\/\/www.cineclubdecaen.com\/analyse\/cinemaethistoire.htm\">les dossiers et les fiches<\/a> consacr\u00e9es aux rapports du Cin\u00e9ma et de l&rsquo;Histoire et r\u00e9alis\u00e9es par le cin\u00e9-club de Caen. Vraiment incontournable.<br \/>\nLa consultation de l&rsquo;index th\u00e9matique de <a href=\"http:\/\/calindex.eu\/genre.php?&#038;ne=219\">Cin\u00e9ma et histoire<\/a> de <i>calindex.eu &#8211; le site des index de revues de cin\u00e9ma<\/i> (45764 films, 44662 acteurs, r\u00e9alisateurs, 3557 auteurs d&rsquo;articles, 121722 r\u00e9f\u00e9rences dans les revues, pour 39952 films, 2542 parutions index\u00e9es, 3447 reproductions de couvertures) sera un plus ind\u00e9niable. La consultation du site vous permettra \u00e9galement de vous tenir au courant des derni\u00e8res publications des 11 revues index\u00e9es.<\/p>\n<p><b>1. Th\u00e9orie et m\u00e9thodologie de l\u2019histoire du cin\u00e9ma<\/b><br \/>\nLAGNY M., De l\u2019histoire du cin\u00e9ma, M\u00e9thode historique et histoire du cin\u00e9ma, Armand Collin, Paris, 1992.<\/p>\n<p><b>2. La repr\u00e9sentation de l\u2019histoire au cin\u00e9ma<\/b><br \/>\nDE BAECQUE A. et DELAGE C. (sous la direction de), De l\u2019histoire au cin\u00e9ma, Coll. \u00ab\u00a0Histoire du temps pr\u00e9sent\u00a0\u00bb, Editions Complexe, Bruxelles, 1998.<br \/>\nDELAGE C. et ROUSSELIER N., \u00ab\u00a0Cin\u00e9ma, le temps de l\u2019histoire\u00a0\u00bb, in Vingti\u00e8me si\u00e8cle. Revue d\u2019histoire, n.46, Presses de Sciences Po, Paris, avril-juin 1995.<br \/>\nDELMEULLE, F., DUBREUIL, S., LEFEBVRE, T., Du r\u00e9el au simulacre. Cin\u00e9ma, photographie et histoire, L&rsquo;Harnattan, Paris, 1993.<br \/>\nFERRO, M., Analyse de film, analyse de soci\u00e9t\u00e9s, Hachette, Paris, 1976.<br \/>\nFERRO, M., Cin\u00e9ma et histoire, nouvelle \u00e9dition refondue, Folio Histoire, Gallimard, Paris, 1993. Premi\u00e8re \u00e9dition : Deno\u00ebl\/Gonthier, Paris, 1977<br \/>\nFERRO, M., Les m\u00e9dias et l\u2019Histoire, CFPJ, Paris, 1997.<\/p>\n<p>Le blog <a href=\"http:\/\/mecaniquefilmique.blogspot.com\"><i>M\u00e9canique filmique. Films historiques et Histoire du cin\u00e9ma<\/i><\/a> propose quatre articles remarquables pour faire le point sur les rapports entre cin\u00e9ma et histoire :<\/p>\n<ul>\n<li><a href=\"http:\/\/mecaniquefilmique.blogspot.com\/2006\/08\/le-film-historique.html\"> Le film historique<\/a><\/li>\n<li><a href=\"http:\/\/mecaniquefilmique.blogspot.com\/2006\/07\/lhistorien-face-au-film.html\"> L&rsquo;historien face au film<\/a><\/li>\n<li><a href=\"http:\/\/mecaniquefilmique.blogspot.com\/2006\/07\/cinma-et-histoire-la-recherche.html\"> Cin\u00e9ma et histoire : la recherche fran\u00e7aise<\/a><\/li>\n<li><a href=\"http:\/\/mecaniquefilmique.blogspot.com\/2006\/08\/le-film-comme-lieu-de-mmoire_02.html\"> Le film comme lieu de m\u00e9moire<\/a><\/li>\n<\/ul>\n<p>Depuis lors, le blog est devenu un site qui est h\u00e9berg\u00e9 \u00e0 l&rsquo;adresse suivante : <a href=\"http:\/\/www.mecaniquefilmique.com\/index.html\">M\u00e9canique filmique<\/a>. Vous y trouverez des analyses de films, principalement italiens, qui m\u00e9ritent le d\u00e9tour. Un exemple : son analyse du film controvers\u00e9<a href=\"http:\/\/www.mecaniquefilmique.com\/la_chute__1.html\"> <i>La Chute<\/i><\/a>.<\/p>\n<p><b>3. Cin\u00e9ma, image et enseignement<\/b><br \/>\nAumont J.,  Marie M. , L&rsquo;analyse des films, Nathan, 1989<br \/>\nBaisnle P., Enseigner l&rsquo;image au lyc\u00e9e, Paris, Ellipse, 2002<br \/>\nBusson E., Perichon D., Le cin\u00e9ma dans la classe de fran\u00e7ais : se former et enseigner, Paris, Bernard Lacoste, 1998<br \/>\nChancel D., L&rsquo;Europe \u00e0 l&rsquo;\u00e9cran. Le cin\u00e9ma et l&rsquo;enseignement de l&rsquo;histoire, Conseil de l&rsquo;Europe, 2001<br \/>\nBernard D., Farges P., Wallet J., Le film dans le cours d&rsquo;histoire\/g\u00e9ographie : le monde des images, les images du monde, Paris, A. Colin, 1995<br \/>\n Joubert M., \u00abQuelques pistes pour utiliser un film de fiction en histoire-g\u00e9ographie\u00bb, in CineHIG, 2003 (<a href=\"http:\/\/cm1.ac-amiens.fr\/forums\/spiphg\/Hortillonn@ges\/article.php3?id_article=85\">http:\/\/cm1.ac-amiens.fr\/forums\/spiphg\/Hortillonn@ges\/article.php3?id_article=85<\/a>)<\/p>\n<p><b>4\u00b0 Webographie : Cin\u00e9ma et histoire<\/b><br \/>\n<em>1. Organismes et Institutions<\/em><br \/>\nLa Biblioth\u00e8que du film : la BIFI<br \/>\nHistoire, actualit\u00e9s, formations, festivals, base de donn\u00e9es, affiches, \u2026 sur le cin\u00e9ma.<br \/>\n<a href=\"http:\/\/www.bifi.fr\">http:\/\/www.bifi.fr<\/a><\/p>\n<p>La Cin\u00e9math\u00e8que fran\u00e7aise<br \/>\nElle d\u00e9tient l&rsquo;une des plus riches collections de films, archives et appareils.<br \/>\n<a href=\"http:\/\/www.cinemathequefrancaise.com\/\">http:\/\/www.cinemathequefrancaise.com\/<\/a><\/p>\n<p>La Cin\u00e9math\u00e8que suisse<br \/>\n<a href=\"http:\/\/www.cinematheque.ch\">http:\/\/www.cinematheque.ch<\/a><\/p>\n<p><em>2. Bases de donn\u00e9es<\/em><br \/>\nThe Internet Movie Database : La base la plus importante de r\u00e9f\u00e9rence cin\u00e9matographique avec des articles d\u00e9taill\u00e9s. La version fran\u00e7aise de l&rsquo;IMDB propose la traduction du site am\u00e9ricain.<br \/>\n<a href=\"http:\/\/imdb.com\">http:\/\/imdb.com<\/a><\/p>\n<p>All Movie Guide : Recherches possibles par titres, com\u00e9diens, th\u00e8mes, r\u00e9alisateurs, p\u00e9riodes historiques, \u2026<br \/>\n<a href=\"http:\/\/allmovie.com\">http:\/\/allmovie.com<\/a><\/p>\n<p><b>3. Faire du cin\u00e9ma en classe<\/b><br \/>\nCineHIG<br \/>\nR\u00e9fl\u00e9chir aux usages p\u00e9dagogiques du film ou du documentaire en classe d&rsquo;histoire et de g\u00e9ographie (et ECJS) ; en proposer des exploitations p\u00e9dagogiques ; mutualiser des ressources&#8230;<br \/>\n<a href=\"http:\/\/www.cinehig.clionautes.org\/\">http:\/\/www.cinehig.clionautes.org\/<\/a><\/p>\n<p>Images, son et langages (Acad\u00e9mie de Cr\u00e9teil)<br \/>\nMet \u00e0 disposition des enseignants des ressources p\u00e9dagogiques dans le domaine de l&rsquo;\u00e9ducation \u00e0 l&rsquo;image.<br \/>\n<a href=\"http:\/\/www.ac-creteil.fr\/isl\/\">http:\/\/www.ac-creteil.fr\/isl\/<\/a><\/p>\n<p>Le quai des images (Educnet)<br \/>\nSite d\u00e9di\u00e9 \u00e0 l&rsquo;enseignement du cin\u00e9ma et de l&rsquo;audiovisuel. 6 rubriques : accueil, panneau d&rsquo;affichage (textes officiels), outils p\u00e9dagogiques, enseignants proposent, \u00e9l\u00e8ves s&rsquo;expriment, ressources sur le web.<br \/>\n<a href=\"http:\/\/www.ac-nancy-metz.fr\/cinemav\/\">http:\/\/www.ac-nancy-metz.fr\/cinemav\/<\/a><\/p>\n<p>Z\u00e9ro de conduite &#8211; L\u2019actualit\u00e9 \u00e9ducative du cin\u00e9ma<br \/>\n<a href=\"http:\/\/cinema-education.fluctuat.net\/blog\/?keyword=Histoire\">http:\/\/cinema-education.fluctuat.net\/blog\/?keyword=Histoire<\/a><\/p>\n<p>Education \u00e0 l&rsquo;image (CRDP Grenoble)<br \/>\nRecense de ressources pour aider les enseignants \u00e0 travailler sur l&rsquo;image anim\u00e9e ou fixe (coll\u00e8ge et lyc\u00e9e mais offre de nombreuses informations pour approfondir sin travail sur l&rsquo;image.<br \/>\n<a href=\"http:\/\/www.crdp.ac-grenoble.fr\/medias\/\">http:\/\/www.crdp.ac-grenoble.fr\/medias\/<\/a><\/p>\n<p><b>4. Divers<\/b><br \/>\nPetit glossaire du vocabulaire du cin\u00e9ma : <a href=\"http:\/\/sidonie9.free.fr\/cine\/glossA.html\">http:\/\/sidonie9.free.fr\/cine\/glossA.html<\/a><br \/>\nPetit vocabulaire d&rsquo;analyse : <a href=\"http:\/\/w2.amiens.com\/cinestleu\/planseq\/vocana.htm\">http:\/\/w2.amiens.com\/cinestleu\/planseq\/vocana.htm<\/a><br \/>\nCadrage, Premi\u00e8re revue en ligne universitaire fran\u00e7aise de cin\u00e9ma : <a href=\"http:\/\/www.cadrage.net\/index.html\">http:\/\/www.cadrage.net\/index.html<\/a><\/p>\n<p><b>Mise \u00e0 jour : le 23 mai 2007<\/b><\/div>\n","protected":false},"excerpt":{"rendered":"<p>On consultera avec bonheur les dossiers et les fiches consacr\u00e9es aux rapports du Cin\u00e9ma et de l&rsquo;Histoire et r\u00e9alis\u00e9es par le cin\u00e9-club de Caen. Vraiment incontournable. La consultation de l&rsquo;index th\u00e9matique de Cin\u00e9ma et histoire de calindex.eu &#8211; le site des index de revues de cin\u00e9ma (45764 films, 44662 acteurs, r\u00e9alisateurs, 3557 auteurs d&rsquo;articles, 121722 [&hellip;]<\/p>\n","protected":false},"author":1,"featured_media":0,"parent":53,"menu_order":5,"comment_status":"open","ping_status":"closed","template":"onecolumn-page.php","meta":{"_import_markdown_pro_load_document_selector":0,"_import_markdown_pro_submit_text_textarea":"","_genesis_hide_title":false,"_genesis_hide_breadcrumbs":false,"_genesis_hide_singular_image":false,"_genesis_hide_footer_widgets":false,"_genesis_custom_body_class":"","_genesis_custom_post_class":"","_genesis_layout":"","jetpack_post_was_ever_published":false,"footnotes":""},"class_list":{"0":"post-61","1":"page","2":"type-page","3":"status-publish","5":"entry"},"featured_image_src":null,"featured_image_src_square":null,"jetpack_sharing_enabled":true,"jetpack_shortlink":"https:\/\/wp.me\/P1rJVM-Z","jetpack_likes_enabled":true,"jetpack-related-posts":[{"id":97,"url":"https:\/\/lyonelkaufmann.ch\/histoire\/film-histoire\/films-periodes\/","url_meta":{"origin":61,"position":0},"title":"Films &amp; P\u00e9riodes","author":"Lyonel Kaufmann","date":"13 juillet 2006","format":false,"excerpt":"Comment le cin\u00e9ma a-t-il ou traite-t-il des diff\u00e9rentes p\u00e9riodes historiques ? Petit tour d'horizon et renvoi vers des ouvrages ou des sites sp\u00e9cifiques. P\u00e9riodes abord\u00e9es : \u00a0\u00a0 Films & Antiquit\u00e9 Films & Moyen \u00c2ge Films & Ancien R\u00e9gime Films & R\u00e9volutions Films & Premi\u00e8re guerre mondiale Film & Shoah Films\u2026","rel":"","context":"Article similaire","block_context":{"text":"Article similaire","link":""},"img":{"alt_text":"","src":"","width":0,"height":0},"classes":[]},{"id":53,"url":"https:\/\/lyonelkaufmann.ch\/histoire\/film-histoire\/","url_meta":{"origin":61,"position":1},"title":"Film&amp;Histoire","author":"Lyonel Kaufmann","date":"9 avril 2006","format":false,"excerpt":"\"Un film historique est comparable \u00e0 un film de science fiction\" (Stanley Kubrick) Ressources, articles, r\u00e9flexions et choix raisonn\u00e9 de films pour l'enseignement de l'histoire. On consultera \u00e9galement \u00e0 profit les diff\u00e9rents articles r\u00e9dig\u00e9s comprenant le tag film&histoire. Les pages: Cin\u00e9astes & Historiens Education m\u00e9dias Films & P\u00e9riodes Vocabulaire filmique\u2026","rel":"","context":"Article similaire","block_context":{"text":"Article similaire","link":""},"img":{"alt_text":"","src":"","width":0,"height":0},"classes":[]},{"id":60,"url":"https:\/\/lyonelkaufmann.ch\/histoire\/film-histoire\/cineastes-et-histoire\/","url_meta":{"origin":61,"position":2},"title":"Cin\u00e9astes &amp; Historiens","author":"Lyonel Kaufmann","date":"10 avril 2006","format":false,"excerpt":"Le Nom de la Rose - Une reconstitution positiviste (Jean-Jacques Annaud) Comment s'est pass\u00e9 votre rendez-vous avec Umberto Ecco ? \" Il a d\u00fb me prendre pour un fou. Je lui ai expos\u00e9 mon intime conviction que ce livre avait \u00e9t\u00e9 \u00e9crit pour moi. Je lui ai jur\u00e9 que je\u2026","rel":"","context":"Article similaire","block_context":{"text":"Article similaire","link":""},"img":{"alt_text":"","src":"","width":0,"height":0},"classes":[]},{"id":72,"url":"https:\/\/lyonelkaufmann.ch\/histoire\/bibliographie-histoire\/","url_meta":{"origin":61,"position":3},"title":"R\u00e9f\u00e9rences","author":"Lyonel Kaufmann","date":"16 avril 2006","format":false,"excerpt":"Carnets de liens Bibliographie histoire, enseignement Les ouvrages pr\u00e9sent\u00e9s compl\u00e8tent les r\u00e9f\u00e9rences bibliographiques des diff\u00e9rents cours et s\u00e9minaires ainsi que les ouvrages pr\u00e9sent\u00e9s dans le support de cours : - Histoire savante : Antiquit\u00e9 -> 20e si\u00e8cle : r\u00e9f\u00e9rences, r\u00e9sum\u00e9s, bibliographies en rapport avec des sujets 5e \u00e0 9e ann\u00e9e\u2026","rel":"","context":"Article similaire","block_context":{"text":"Article similaire","link":""},"img":{"alt_text":"","src":"","width":0,"height":0},"classes":[]},{"id":970,"url":"https:\/\/lyonelkaufmann.ch\/histoire\/mes-cours\/mshis11\/","url_meta":{"origin":61,"position":4},"title":"MSHIS11 &#8211; Didactique de l&rsquo;histoire II","author":"Lyonel Kaufmann","date":"13 f\u00e9vrier 2009","format":false,"excerpt":"S\u00e9minaire S1 - printemps 2018 Les s\u00e9ances ont lieu selon l\u2019horaire suivant\u00a0: 08:15 \u00e0 11:45 Planification synth\u00e9tique\u00a0: S\u00e9ances Th\u00e9matique 27 f\u00e9vrier \u00c9valuer en histoire\u00a0: le Cadre g\u00e9n\u00e9ral de l\u2019\u00e9valuation vaudois et les tests assimil\u00e9s. 06 mars Le travail par comp\u00e9tences en histoire\u00a0: ma\u00eetrise des outils historiens et planification au cycle\u2026","rel":"","context":"Article similaire","block_context":{"text":"Article similaire","link":""},"img":{"alt_text":"","src":"https:\/\/i0.wp.com\/lyonelkaufmann.ch\/histoire\/wp-content\/uploads\/2009\/02\/tableau_resultat11.png?fit=808%2C549&ssl=1&resize=350%2C200","width":350,"height":200,"srcset":"https:\/\/i0.wp.com\/lyonelkaufmann.ch\/histoire\/wp-content\/uploads\/2009\/02\/tableau_resultat11.png?fit=808%2C549&ssl=1&resize=350%2C200 1x, https:\/\/i0.wp.com\/lyonelkaufmann.ch\/histoire\/wp-content\/uploads\/2009\/02\/tableau_resultat11.png?fit=808%2C549&ssl=1&resize=525%2C300 1.5x, https:\/\/i0.wp.com\/lyonelkaufmann.ch\/histoire\/wp-content\/uploads\/2009\/02\/tableau_resultat11.png?fit=808%2C549&ssl=1&resize=700%2C400 2x"},"classes":[]},{"id":59,"url":"https:\/\/lyonelkaufmann.ch\/histoire\/film-histoire\/film-education-aux-medias\/","url_meta":{"origin":61,"position":5},"title":"Education m\u00e9dias","author":"Lyonel Kaufmann","date":"10 avril 2006","format":false,"excerpt":"Suggestions d\u2019activit\u00e9s \u2022 Diversifier les sources et documents de r\u00e9f\u00e9rence, leur appliquer les principes de la critique historique en consid\u00e9rant le contexte du document, les contraintes socio-\u00e9conomiques, les motivations de leur producteur, ainsi que le public vis\u00e9. \u2022 Inclure parmi les documents utilis\u00e9s des documents de fiction (bandes dessin\u00e9es, films,\u2026","rel":"","context":"Article similaire","block_context":{"text":"Article similaire","link":""},"img":{"alt_text":"","src":"","width":0,"height":0},"classes":[]}],"_links":{"self":[{"href":"https:\/\/lyonelkaufmann.ch\/histoire\/wp-json\/wp\/v2\/pages\/61","targetHints":{"allow":["GET"]}}],"collection":[{"href":"https:\/\/lyonelkaufmann.ch\/histoire\/wp-json\/wp\/v2\/pages"}],"about":[{"href":"https:\/\/lyonelkaufmann.ch\/histoire\/wp-json\/wp\/v2\/types\/page"}],"author":[{"embeddable":true,"href":"https:\/\/lyonelkaufmann.ch\/histoire\/wp-json\/wp\/v2\/users\/1"}],"replies":[{"embeddable":true,"href":"https:\/\/lyonelkaufmann.ch\/histoire\/wp-json\/wp\/v2\/comments?post=61"}],"version-history":[{"count":0,"href":"https:\/\/lyonelkaufmann.ch\/histoire\/wp-json\/wp\/v2\/pages\/61\/revisions"}],"up":[{"embeddable":true,"href":"https:\/\/lyonelkaufmann.ch\/histoire\/wp-json\/wp\/v2\/pages\/53"}],"wp:attachment":[{"href":"https:\/\/lyonelkaufmann.ch\/histoire\/wp-json\/wp\/v2\/media?parent=61"}],"curies":[{"name":"wp","href":"https:\/\/api.w.org\/{rel}","templated":true}]}}