{"id":66,"date":"2006-04-14T22:06:56","date_gmt":"2006-04-14T22:06:56","guid":{"rendered":"https:\/\/lyonelkaufmann.ch\/histoire\/?page_id=96"},"modified":"2006-04-14T22:06:56","modified_gmt":"2006-04-14T22:06:56","slug":"activites-web","status":"publish","type":"page","link":"https:\/\/lyonelkaufmann.ch\/histoire\/medias-technologies\/activites-web\/","title":{"rendered":"Web : Divers"},"content":{"rendered":"<div align=\"justify\"><b>Sommaire:<\/b><br \/>\n&#8211; <a href=\"#hieroglyphes\">Les Hi\u00e9roglyphes<\/a><br \/>\n&#8211; <a href=\"#chateaux\">Les Ch\u00e2teaux<\/a><br \/>\n&#8211; <a href=\"#couleur_larmes\">14-18 : La Couleur des larmes<\/a><br \/>\n&#8211; <a href=\"#grandes_decouvertes\">Les \u00ab\u00a0Grandes D\u00e9couvertes\u00a0\u00bb<\/a><br \/>\n&#8211; <a href=\"#MemoireJuive\">M\u00e9moire juive et \u00e9ducation<\/a><br \/>\n<a><br \/>\n<\/a><\/p>\n<h3>Les Hi\u00e9roglyphes<\/h3>\n<p>Faire \u00e9crire le nom des \u00e9l\u00e8ves en hi\u00e9roglyphes en classe.<br \/>\nProc\u00e9der \u00e0 la v\u00e9rification on-line.<br \/>\nEst-ce que le r\u00e9sultat sera identique sur les diff\u00e9rents sites?<\/p>\n<p>Sites utilisables par les \u00e9l\u00e8ves :<br \/>\nEgypt.edu :<\/p>\n<p><a href=\"http:\/\/www.egypt.edu\/formulaires\/egypte\/hieroglyphes.htm\">http:\/\/www.egypt.edu\/formulaires\/egypte\/hieroglyphes.htm<\/a><br \/>\nNom en hi\u00e9roglyphe : <a href=\"http:\/\/webperso.iut.univ-paris8.fr\/~rosmord\/nomhiero.html\">http:\/\/webperso.iut.univ-paris8.fr\/~rosmord\/nomhiero.html<\/a><a>\u00a0<\/a><\/p>\n<h3>Les Ch\u00e2teaux<\/h3>\n<p>En travaillant sur la probl\u00e9matique des Ch\u00e2teaux, les \u00e9l\u00e8ves ont \u00e9t\u00e9 amen\u00e9s \u00e0 prendre en compte les fonctions des diff\u00e9rents types de ch\u00e2teau. On \u00e9t\u00e9 retenues :<br \/>\n&#8211; les Ch\u00e2teaux \u00e0 but d\u00e9fensif uniquement<br \/>\n&#8211; les Ch\u00e2teaux \u00e0 but d\u00e9fensif + lieu d&rsquo;habitation<br \/>\n&#8211; les Ch\u00e2teaux : lieu d&rsquo;habitation uniquement.<\/p>\n<p>Il s&rsquo;agissait \u00e9galement de sortir des repr\u00e9sentations initiales des \u00e9l\u00e8ves : ch\u00e2teau = ch\u00e2teau-fort = moyen-\u00e2ge.<\/p>\n<p>Pour poursuivre, et observer l&rsquo;int\u00e9gration de ces \u00e9l\u00e9ments par les \u00e9l\u00e8ves, le travail suivant sera effectu\u00e9 \u00e0 l&rsquo;aide du site swisscastles.ch:<\/p>\n<p>Ch\u00e2teaux fribourgeois :<\/p>\n<p><a id=\"chateaux\"><\/a><a href=\"http:\/\/www.swisscastles.ch\/Fribourg\/default.htm\">http:\/\/www.swisscastles.ch\/Fribourg\/default.htm<\/a><br \/>\nCh\u00e2teaux vaudois : <a href=\"http:\/\/www.swisscastles.ch\/Vaud\/default.htm\">http:\/\/www.swisscastles.ch\/Vaud\/default.htm<\/a><\/p>\n<p>Mission :<br \/>\n\u2022 Je s\u00e9lectionne l&rsquo;image d&rsquo;un ch\u00e2teau \u00e0 :<br \/>\n&#8211; but uniquement d\u00e9fensif<br \/>\n&#8211; \u00e0 but d\u00e9fensif + lieu d&rsquo;habitation<br \/>\n&#8211; lieu d&rsquo;habitation uniquement<\/p>\n<p>\u2022 Je le l\u00e9gende et je fourni la date de sa fondation.<br \/>\n\u2022 Je s\u00e9lectionne un ch\u00e2teau ayant \u00e9t\u00e9 fond\u00e9 avant l&rsquo;an mil.<br \/>\n\u2022 Je s\u00e9lectionne au moins un ch\u00e2teau n&rsquo;appartenant pas au moyen-\u00e2ge et j&rsquo;indique pourquoi il ne s&rsquo;agit pas d&rsquo;un ch\u00e2teau du moyen-\u00e2ge.<\/p>\n<p><a>\u00a0<\/a><\/p>\n<h3>14-18 : La Couleur des larmes<\/h3>\n<p>Le site<\/p>\n<p><a href=\"http:\/\/www.art-ww1.com\/fr\/visite.html\" target=\"_blank\">La couleur des larmes<\/a> est une exposition virtuelle qui est consacr\u00e9e \u00e0 la vision de la premi\u00e8re guerre mondiale au travers de peintres l&rsquo;ayant v\u00e9cue. (Mise \u00e0 jour 2013 : le site est d\u00e9sormais h\u00e9berg\u00e9 \u00e0 l&rsquo;adresse suivante : <a href=\"http:\/\/www.memorial.fr\/10event\/expo1418\/fr\/visite.html\" target=\"_blank\">http:\/\/www.memorial.fr\/10event\/expo1418\/fr\/visite.html<\/a>)<\/p>\n<p>Sa qualit\u00e9 et son originalit\u00e9 m\u00e9ritent d\u00e9j\u00e0 le d\u00e9tour. Tout d&rsquo;abord, il s&rsquo;agit d&rsquo;une exposition enti\u00e8rement virtuelle mise sur pied par diff\u00e9rents mus\u00e9es europ\u00e9ens, d\u00e9di\u00e9s au premier conflit mondial. Ces mus\u00e9es ont mis en commun leurs fonds pour r\u00e9aliser cette exposition pr\u00e9vue sp\u00e9cifiquement pour le web et qui ne devait durer qu&rsquo;une ann\u00e9e. La qualit\u00e9 de l&rsquo;exposition fait qu&rsquo;elle est aujourd&rsquo;hui encore pr\u00e9sente sur la toile.<\/p>\n<p>L\u2019organisation du site est agr\u00e9able et bien con\u00e7ue. Elle est fond\u00e9e sur une approche th\u00e9matique du conflit. Chaque th\u00e8me est pr\u00e9sent\u00e9 bri\u00e8vement, puis on acc\u00e8de aux tableaux illustrant le th\u00e8me. Par ailleurs, un autre chemin de visite par l\u2019entr\u00e9e des peintres et de leurs tableaux est \u00e9galement possible.<br \/>\nLe site s\u2019organise autour des chapitres suivants:<br \/>\n&#8211; La d\u00e9claration de guerre<br \/>\n&#8211; Les guerriers<br \/>\n&#8211; Le champ de bataille<br \/>\n&#8211; Le temps de l\u2019artillerie<br \/>\n&#8211; La guerre totale<br \/>\n&#8211; Souffrances<br \/>\n&#8211; La mort<\/p>\n<p><b>Nos propositions d&rsquo;activit\u00e9 :<\/b><br \/>\n<b>a) R\u00e9alisation d\u2019un dossier comment\u00e9 du site par groupe de deux \u00e9l\u00e8ves. (Coll\u00e8ge)<\/b><br \/>\nObjectifs:<\/p>\n<p>1. initier une d\u00e9marche de recherche des \u00e9l\u00e8ves<br \/>\n2. r\u00e9investir des connaissances acquises pr\u00e9c\u00e9demment sur la premi\u00e8re guerre mondiale dans un cadre nouveau<br \/>\n3. compl\u00e9ter sa connaissance du sujet<br \/>\n4. justifier les choix op\u00e9r\u00e9s<br \/>\n5. initiation \u00e0 la navigation internet en explorant, pour une premi\u00e8re exp\u00e9rience, un site unique<br \/>\n6. apprendre \u00e0 r\u00e9cup\u00e9rer des textes et des images (manipulations entre un navigateur et un logiciel int\u00e9gr\u00e9)<br \/>\n7. mettre en forme les r\u00e9sultats obtenus<\/p>\n<p>&#8211; <i>feuille de route :<\/i> <a href=\"https:\/\/lyonelkaufmann.ch\/histoire\/docs\/peintres_mission.pdf\">peintres_mission.pdf<\/a><br \/>\n&#8211; <i>feuille d\u2019\u00e9valuation<\/i> : <a href=\"https:\/\/lyonelkaufmann.ch\/histoire\/docs\/peintres_evaluations.pdf\" target=\"_blank\">peintres_evaluations.pdf<\/a><\/p>\n<p><b>b) Remettre ensemble tableaux, textes et l\u00e9gende ainsi qu\u2019indiquer l\u2019adresse de la page web. (Coll\u00e8ge)<\/b><br \/>\nObjectifs :<br \/>\n1. initiation \u00e0 la navigation internet en explorant, pour une premi\u00e8re exp\u00e9rience, un site unique<br \/>\n2. donner un but \u00e0 une d\u00e9couverte d\u2019un site pour des \u00e9l\u00e8ves<br \/>\n3. donner un but ludique \u00e0 une activit\u00e9 sur internet<br \/>\n4. sensibilisation \u00e0 la recherche<\/p>\n<p>&#8211; <i>feuille d\u2019activit\u00e9 :<\/i> <a href=\"https:\/\/lyonelkaufmann.ch\/histoire\/docs\/peintres_guerre.pdf\">peintres_guerre.pdf<\/a><\/p>\n<p>Le dossier complet avec \u00e9galement une activit\u00e9 \u00e9labor\u00e9e pour les \u00e9l\u00e8ves du gymnase\/lyc\u00e9e : <a href=\"https:\/\/lyonelkaufmann.ch\/histoire\/wp-content\/uploads\/2006\/04\/dossier_couleur_des_larmes.pdf\">dossier_couleur_des_larmes<\/a> (.pdf, 290 ko)<\/p>\n<h3>Les Grandes D\u00e9couvertes<\/h3>\n<p>Dans le cadre de la scolarit\u00e9 vaudoise, les Grandes D\u00e9couvertes sont au programme de la 7e ann\u00e9e (l&rsquo;\u00e9quivalent de la 5e en France). D&rsquo;une mani\u00e8re g\u00e9n\u00e9rale, ce sujet convient bien \u00e0 un travail par groupe, accompagn\u00e9 d&rsquo;un travail de recherche au CDI.<\/p>\n<p>Cependant, il arrive fr\u00e9quemment qu&rsquo;un ou plusieurs groupes reviennent en classe avec de la documentation trouv\u00e9e sur internet. G\u00e9n\u00e9ralement, les \u00e9l\u00e8ves l&rsquo;ont collect\u00e9e en vrac, sans faire le moindre tri et sans distanciation par rapport au mat\u00e9riel r\u00e9colt\u00e9 (\u00ab\u00a0puisque c&rsquo;est sur internet, c&rsquo;est vrai, c&rsquo;est bon\u00a0\u00bb).<\/p>\n<p>Que faire? et \u00e0 quelles conditions ? <b><a href=\"http:\/\/www.lyonelkaufmann.ch\/histoire\/grandes_decouvertes\/grandes_decouvertes.html\" target=\"_blank\">Nos propositions<\/a><\/b><\/p>\n<p><a id=\"grandes_decouvertes\"><\/a><a><br \/>\n<\/a><\/p>\n<h3>M\u00e9moire juive et \u00e9ducation<\/h3>\n<p>Difficile apr\u00e8s une visite sur le<\/p>\n<p><a id=\"MemoireJuive\"><\/a><a href=\"http:\/\/perso.wanadoo.fr\/d-d.natanson\/\" target=\"_blank\">site personnel de Dominique Natanson<\/a> de dire <i>\u00ab\u00a0Je ne sais pas comment faire pour traiter de l&rsquo;extermination des Juifs par les Allemands\u00a0\u00bb.<\/i><\/p>\n<p>Dominique Natanson est prof d\u2019histoire et formateur \u00e0 l\u2019IUFM de l\u2019Acad\u00e9mie d\u2019Amiens ; il est aussi fort connu dans les milieux de l\u2019informatique scolaire depuis la r\u00e9alisation d\u2019un logiciel permettant un jeu de r\u00f4le \u00ab\u00a0J\u2019ai v\u00e9cu au XVIIIe si\u00e8cle\u00a0\u00bb.<\/p>\n<p>Cependant, son site personnel g\u00e9n\u00e8re d\u2019autres r\u00e9sonances, car \u00e0 l\u2019histoire de l\u2019extermination des Juifs fran\u00e7ais pendant la Seconde guerre mondial se greffe l\u2019histoire personnelle de la famille Natanson. En effet, Dominique Natanson est le petit-fils et le neveu de Juifs extermin\u00e9s \u00e0 Auschwitz en 1942. D\u00e8s lors, son site raconte cette histoire familiale en l\u2019articulant avec la \u00ab\u00a0grande\u00a0\u00bb histoire.<\/p>\n<p>Son site se propose de s\u2019accorder au public qu\u2019il s\u2019est choisi : les \u00e9l\u00e8ves de coll\u00e8ge et de lyc\u00e9e. Ainsi, d\u00e8s la page d\u2019accueil, les \u00e9l\u00e8ves ont la possibilit\u00e9 de se rendre sur un page de recherche fort riche et intitul\u00e9e \u00ab\u00a0Que voulez-vous savoir sur la d\u00e9portation des Juifs ?\u00a0\u00bb De plus, la visite du site est centr\u00e9e sur le destin d\u2019un enfant juif d\u00e9port\u00e9 : Maurice Wajsfelner.<\/p>\n<p>En r\u00e9sum\u00e9, il s\u2019agit d\u2019un site engag\u00e9 et engageant. Parfois presque trop touffus pour des \u00e9l\u00e8ves, mais le moteur de recherche interne au site permet d\u2019att\u00e9nuer quelque peu la difficult\u00e9 particuli\u00e8rement pour les \u00e9l\u00e8ves de coll\u00e8ge.<\/p>\n<p><b>Nos propositions d&rsquo;activit\u00e9 :<\/b><\/p>\n<p><b>Description de l\u2019activit\u00e9<\/b><br \/>\n<b>Premi\u00e8re partie : trouver un site \u00e0 l\u2019aide d\u2019un moteur de recherche ou d\u2019un annuaire<\/b><br \/>\nObjectifs :<br \/>\n1. formuler des hypoth\u00e8ses de mots-cl\u00e9s pour faire une recherche \u00e0 l\u2019aide d\u2019un annuaire ou d\u2019un moteur de recherche<br \/>\n2. rep\u00e9rer des indices sur un fragment de site<br \/>\n3. faire des hypoth\u00e8ses et des choix<br \/>\nPlanifier une visite de site en fonction des informations que l\u2019on d\u00e9sire trouver<br \/>\n<i>Outil :<\/i> feuille de route : <a href=\"https:\/\/lyonelkaufmann.ch\/histoire\/docs\/liens_shoah.pdf\">liens_shoah.pdf<\/a><\/p>\n<p><b>Deuxi\u00e8me partie : rechercher des informations sur le site pour l\u2019analyser<\/b><\/p>\n<p>Nom du site :<\/p>\n<p>Adresse de la page :<\/p>\n<p>Auteur du site :<\/p>\n<p>&#8211; trouver sur le site les raisons d\u2019\u00eatre de son travail.<\/p>\n<p>&#8211; Cat\u00e9gorie du site (officiel, priv\u00e9, commercial, etc.) :<\/p>\n<p>&#8211; Extraire un extrait du site permettant de r\u00e9pondre \u00e0 la question <i>\u00ab\u00a0En m\u00e9moire de \u00ab quoi \u00bb?\u00a0\u00bb<\/i><\/p>\n<p>&#8211; Indiquer de quelle mani\u00e8re, il a \u00e9t\u00e9 possible localiser le site sur l\u2019annuaire ou sur le moteur de recherche. Dur\u00e9e de la recherche. Nombre de sites visit\u00e9s.<\/p>\n<p>&#8211; S\u00e9lectionner un extrait d\u2019un autre document.<\/p>\n<p><i>Outil :<\/i> feuille de route : <a href=\"https:\/\/lyonelkaufmann.ch\/histoire\/docs\/liens_shoah.pdf\">liens_shoah.pdf<\/a><\/p>\n<\/div>\n","protected":false},"excerpt":{"rendered":"<p>Sommaire: &#8211; Les Hi\u00e9roglyphes &#8211; Les Ch\u00e2teaux &#8211; 14-18 : La Couleur des larmes &#8211; Les \u00ab\u00a0Grandes D\u00e9couvertes\u00a0\u00bb &#8211; M\u00e9moire juive et \u00e9ducation Les Hi\u00e9roglyphes Faire \u00e9crire le nom des \u00e9l\u00e8ves en hi\u00e9roglyphes en classe. Proc\u00e9der \u00e0 la v\u00e9rification on-line. Est-ce que le r\u00e9sultat sera identique sur les diff\u00e9rents sites? Sites utilisables par les \u00e9l\u00e8ves [&hellip;]<\/p>\n","protected":false},"author":1,"featured_media":0,"parent":55,"menu_order":5,"comment_status":"open","ping_status":"closed","template":"","meta":{"_import_markdown_pro_load_document_selector":0,"_import_markdown_pro_submit_text_textarea":"","_genesis_hide_title":false,"_genesis_hide_breadcrumbs":false,"_genesis_hide_singular_image":false,"_genesis_hide_footer_widgets":false,"_genesis_custom_body_class":"","_genesis_custom_post_class":"","_genesis_layout":"","jetpack_post_was_ever_published":false,"footnotes":""},"class_list":{"0":"post-66","1":"page","2":"type-page","3":"status-publish","5":"entry"},"featured_image_src":null,"featured_image_src_square":null,"jetpack_sharing_enabled":true,"jetpack_shortlink":"https:\/\/wp.me\/P1rJVM-14","jetpack_likes_enabled":true,"jetpack-related-posts":[{"id":57,"url":"https:\/\/lyonelkaufmann.ch\/histoire\/medias-technologies\/integrer-les-tice\/","url_meta":{"origin":66,"position":0},"title":"Int\u00e9gration","author":"Lyonel Kaufmann","date":"9 avril 2006","format":false,"excerpt":"Int\u00e9grer les TICE en fonction d'un mod\u00e8le p\u00e9dagogique dominant Dans le domaine anglo-saxon, l'approche pragmatique pr\u00e9domine souvent notamment dans la litt\u00e9rature. L'avantage est d'appr\u00e9hender la d\u00e9marche d'enseignement sans tabou et d'offrir un mod\u00e8le adapt\u00e9 aux valeurs et mod\u00e8le pr\u00e9dominant de l'enseignant. Ainsi en est-il de l'ouvrage de Roblyer et Edwards,\u2026","rel":"","context":"Article similaire","block_context":{"text":"Article similaire","link":""},"img":{"alt_text":"","src":"","width":0,"height":0},"classes":[]},{"id":69,"url":"https:\/\/lyonelkaufmann.ch\/histoire\/medias-technologies\/weblogs\/","url_meta":{"origin":66,"position":1},"title":"Blogs","author":"Lyonel Kaufmann","date":"14 avril 2006","format":false,"excerpt":"BLOG ET EDUCATION Le Campus Virtuel FLE (Fran\u00e7ais en langue \u00e9trang\u00e8re) de l'Universit\u00e9 de Le\u00f3n et de FLENET RedIRIS (Red Acad\u00e9mica y Cient\u00edfica espa\u00f1ola) propose un dossier fort int\u00e9ressant sur l'utilisation des blogs dans le domaine p\u00e9dagogique. Leur dossier (Blogs et Enseignement) organise les blogs en 5 cat\u00e9gories que vous\u2026","rel":"","context":"Article similaire","block_context":{"text":"Article similaire","link":""},"img":{"alt_text":"","src":"","width":0,"height":0},"classes":[]},{"id":970,"url":"https:\/\/lyonelkaufmann.ch\/histoire\/mes-cours\/mshis11\/","url_meta":{"origin":66,"position":2},"title":"MSHIS11 &#8211; Didactique de l&rsquo;histoire II","author":"Lyonel Kaufmann","date":"13 f\u00e9vrier 2009","format":false,"excerpt":"S\u00e9minaire S1 - printemps 2018 Les s\u00e9ances ont lieu selon l\u2019horaire suivant\u00a0: 08:15 \u00e0 11:45 Planification synth\u00e9tique\u00a0: S\u00e9ances Th\u00e9matique 27 f\u00e9vrier \u00c9valuer en histoire\u00a0: le Cadre g\u00e9n\u00e9ral de l\u2019\u00e9valuation vaudois et les tests assimil\u00e9s. 06 mars Le travail par comp\u00e9tences en histoire\u00a0: ma\u00eetrise des outils historiens et planification au cycle\u2026","rel":"","context":"Article similaire","block_context":{"text":"Article similaire","link":""},"img":{"alt_text":"","src":"https:\/\/i0.wp.com\/lyonelkaufmann.ch\/histoire\/wp-content\/uploads\/2009\/02\/tableau_resultat11.png?fit=808%2C549&ssl=1&resize=350%2C200","width":350,"height":200,"srcset":"https:\/\/i0.wp.com\/lyonelkaufmann.ch\/histoire\/wp-content\/uploads\/2009\/02\/tableau_resultat11.png?fit=808%2C549&ssl=1&resize=350%2C200 1x, https:\/\/i0.wp.com\/lyonelkaufmann.ch\/histoire\/wp-content\/uploads\/2009\/02\/tableau_resultat11.png?fit=808%2C549&ssl=1&resize=525%2C300 1.5x, https:\/\/i0.wp.com\/lyonelkaufmann.ch\/histoire\/wp-content\/uploads\/2009\/02\/tableau_resultat11.png?fit=808%2C549&ssl=1&resize=700%2C400 2x"},"classes":[]},{"id":70,"url":"https:\/\/lyonelkaufmann.ch\/histoire\/medias-technologies\/wiki\/","url_meta":{"origin":66,"position":3},"title":"Wiki | Wikipedia","author":"Lyonel Kaufmann","date":"14 avril 2006","format":false,"excerpt":"Wiki des classes d'histoire. Pr\u00e9sentation : Les classes 8A et 8B travaillent pr\u00e9sentement sur un projet d\u2019histoire sur diff\u00e9rents th\u00e8mes du Moyen \u00c2ge. Suite \u00e0 leurs travaux \u00e9crits et pr\u00e9sentation en salle de classe, chaque groupe va placer un r\u00e9sum\u00e9 de son travail, ainsi que la pr\u00e9sentation fait en salle\u2026","rel":"","context":"Article similaire","block_context":{"text":"Article similaire","link":""},"img":{"alt_text":"","src":"https:\/\/i0.wp.com\/lyonelkaufmann.ch\/histoire\/wp-content\/uploads\/2006\/04\/Welcome2WP_French_WEB.pdf.jpg?fit=778%2C1104&ssl=1&resize=350%2C200","width":350,"height":200,"srcset":"https:\/\/i0.wp.com\/lyonelkaufmann.ch\/histoire\/wp-content\/uploads\/2006\/04\/Welcome2WP_French_WEB.pdf.jpg?fit=778%2C1104&ssl=1&resize=350%2C200 1x, https:\/\/i0.wp.com\/lyonelkaufmann.ch\/histoire\/wp-content\/uploads\/2006\/04\/Welcome2WP_French_WEB.pdf.jpg?fit=778%2C1104&ssl=1&resize=525%2C300 1.5x, https:\/\/i0.wp.com\/lyonelkaufmann.ch\/histoire\/wp-content\/uploads\/2006\/04\/Welcome2WP_French_WEB.pdf.jpg?fit=778%2C1104&ssl=1&resize=700%2C400 2x"},"classes":[]},{"id":65,"url":"https:\/\/lyonelkaufmann.ch\/histoire\/medias-technologies\/autour-du-logiciel\/","url_meta":{"origin":66,"position":4},"title":"Logiciels","author":"Lyonel Kaufmann","date":"14 avril 2006","format":false,"excerpt":"Activit\u00e9s r\u00e9alis\u00e9es \u00e0 l'aide de logiciel standards (traitement de texte, tableur, base de donn\u00e9es, logiciel int\u00e9gr\u00e9, dessin vectoriel ou bitmap) ou utilisable \u00e0 l'aide d'un navigateur internet (mais en intranet ou sur un ordinateur). Image hypertexte La Cath\u00e9drale : Travail de stagiaire Un texte lacunaire Une image cliquable de la\u2026","rel":"","context":"Article similaire","block_context":{"text":"Article similaire","link":""},"img":{"alt_text":"","src":"https:\/\/i0.wp.com\/lyonelkaufmann.ch\/histoire\/wp-content\/uploads\/2012\/08\/les_etats_generaux1.gif?fit=538%2C298&ssl=1&resize=350%2C200","width":350,"height":200,"srcset":"https:\/\/i0.wp.com\/lyonelkaufmann.ch\/histoire\/wp-content\/uploads\/2012\/08\/les_etats_generaux1.gif?fit=538%2C298&ssl=1&resize=350%2C200 1x, https:\/\/i0.wp.com\/lyonelkaufmann.ch\/histoire\/wp-content\/uploads\/2012\/08\/les_etats_generaux1.gif?fit=538%2C298&ssl=1&resize=525%2C300 1.5x"},"classes":[]},{"id":358,"url":"https:\/\/lyonelkaufmann.ch\/histoire\/mes-cours\/mshis31-didactique-de-lhistoire\/","url_meta":{"origin":66,"position":5},"title":"MSHIS31 &#8211; Didactique de l&rsquo;histoire I","author":"Lyonel Kaufmann","date":"7 septembre 2008","format":false,"excerpt":"S\u00e9minaire S1 - ann\u00e9e 2018-2019 Pour les conditions cadres et les \u00e9l\u00e9ments du cours 2017, je vous laisse le soin de consulter la plate forme eleaning (Moodle) de la HEP Vaud :\u00a0http:\/\/elearning.hepl.ch\/course\/view.php?id=75 La grille d'\u00e9valuation :\u00a0Evaluation MSHIS 31 2017 Liste des s\u00e9ances et th\u00e9matiques abord\u00e9es en s\u00e9minaire S1: 2.10.2018 :\u2026","rel":"","context":"Article similaire","block_context":{"text":"Article similaire","link":""},"img":{"alt_text":"cours_tenochtitlan","src":"https:\/\/i0.wp.com\/lyonelkaufmann.ch\/histoire\/wp-content\/uploads\/2008\/09\/Cours_Tenochtitlan-700x307.png?resize=350%2C200&ssl=1","width":350,"height":200,"srcset":"https:\/\/i0.wp.com\/lyonelkaufmann.ch\/histoire\/wp-content\/uploads\/2008\/09\/Cours_Tenochtitlan-700x307.png?resize=350%2C200&ssl=1 1x, https:\/\/i0.wp.com\/lyonelkaufmann.ch\/histoire\/wp-content\/uploads\/2008\/09\/Cours_Tenochtitlan-700x307.png?resize=525%2C300&ssl=1 1.5x, https:\/\/i0.wp.com\/lyonelkaufmann.ch\/histoire\/wp-content\/uploads\/2008\/09\/Cours_Tenochtitlan-700x307.png?resize=700%2C400&ssl=1 2x"},"classes":[]}],"_links":{"self":[{"href":"https:\/\/lyonelkaufmann.ch\/histoire\/wp-json\/wp\/v2\/pages\/66","targetHints":{"allow":["GET"]}}],"collection":[{"href":"https:\/\/lyonelkaufmann.ch\/histoire\/wp-json\/wp\/v2\/pages"}],"about":[{"href":"https:\/\/lyonelkaufmann.ch\/histoire\/wp-json\/wp\/v2\/types\/page"}],"author":[{"embeddable":true,"href":"https:\/\/lyonelkaufmann.ch\/histoire\/wp-json\/wp\/v2\/users\/1"}],"replies":[{"embeddable":true,"href":"https:\/\/lyonelkaufmann.ch\/histoire\/wp-json\/wp\/v2\/comments?post=66"}],"version-history":[{"count":0,"href":"https:\/\/lyonelkaufmann.ch\/histoire\/wp-json\/wp\/v2\/pages\/66\/revisions"}],"up":[{"embeddable":true,"href":"https:\/\/lyonelkaufmann.ch\/histoire\/wp-json\/wp\/v2\/pages\/55"}],"wp:attachment":[{"href":"https:\/\/lyonelkaufmann.ch\/histoire\/wp-json\/wp\/v2\/media?parent=66"}],"curies":[{"name":"wp","href":"https:\/\/api.w.org\/{rel}","templated":true}]}}