{"id":67,"date":"2006-04-14T22:08:28","date_gmt":"2006-04-14T22:08:28","guid":{"rendered":"https:\/\/lyonelkaufmann.ch\/histoire\/?page_id=97"},"modified":"2006-04-14T22:08:28","modified_gmt":"2006-04-14T22:08:28","slug":"projets-multimedias","status":"publish","type":"page","link":"https:\/\/lyonelkaufmann.ch\/histoire\/medias-technologies\/projets-multimedias\/","title":{"rendered":"Multim\u00e9dia"},"content":{"rendered":"<div align=\"justify\">Projets utilisant les possibilit\u00e9s multim\u00e9dias pour organiser des apprentissages en histoire.<br \/>\nCes activit\u00e9s peuvent soit \u00eatre pr\u00e9par\u00e9es par les enseignants, soit faire l&rsquo;objet d&rsquo;un projet \u00e0 r\u00e9aliser par\/avec les \u00e9l\u00e8ves.<\/p>\n<p>Dans la plupart des cas, il s&rsquo;agit d&rsquo;une combinaison<\/p>\n<ol>\n<li>de l&rsquo;utilisation d&rsquo;une vid\u00e9o ou d&rsquo;un appareil de photographie num\u00e9rique<\/li>\n<li>d&rsquo;un montage r\u00e9alis\u00e9 avec un logiciel comme iMovie.<\/li>\n<\/ol>\n<h3>Pouvoir du pharaon<\/h3>\n<p>Travail r\u00e9alis\u00e9 par une stagiaire en 2000.<br \/>\nDans le cadre d&rsquo;une classe \u00e0 effectif r\u00e9duit, cette stagiaire a abord\u00e9 la question du pouvoir dans l&rsquo;Antiquit\u00e9 au travers de diff\u00e9rents travaux de groupe. Chaque groupe devait construire une sc\u00e8ne mettant en \u00e9vidence les particularit\u00e9s du pouvoir d&rsquo;une civilisation antique.<br \/>\nUne fois la sc\u00e8ne pr\u00eate, l&rsquo;ensemble de la classe \u00e9tait requis pour jouer la sc\u00e8ne. La sc\u00e8ne \u00e9tait alors film\u00e9e. De la sorte, il \u00e9tait ensuite possible de reprendre les caract\u00e9ristiques du pouvoir \u00e0 l&rsquo;oeuvre et de le comparer, \u00e0 la fin, avec le pr\u00e9c\u00e9dent ou le suivant.<br \/>\nDe cette mani\u00e8re, les sujets suivants ont \u00e9t\u00e9 trait\u00e9s :<br \/>\n&#8211; le pharon;<br \/>\n&#8211; la d\u00e9mocratie ath\u00e9nienne;<br \/>\n&#8211; la r\u00e9publique romaine.<br \/>\nPour ce type de classe, il est primordial d&rsquo;aborder l&rsquo;enseignement de la mani\u00e8re la plus motivante et concr\u00e8te possible.<br \/>\nVous trouverez ici la sc\u00e8ne du pharaon.<\/p>\n<p>Le film (quicktime) : <a target=\"_blank\" href=\"https:\/\/lyonelkaufmann.ch\/histoire\/wp-content\/uploads\/2006\/04\/pharaon.mov\">pharaon.mov<\/a><\/p>\n<p><b>Remarque :<\/b> bien \u00e9videmment la vid\u00e9o a \u00e9t\u00e9 ici adapt\u00e9e pour une diffusion via internet. L&rsquo;original, sur cd-rom, est pr\u00e9vu pour un visionnement \u00e0 une taille largement sup\u00e9rieure.<\/p>\n<h3>Histoire suisse : Morgarten<\/h3>\n<p>La bataille de Morgarten trait\u00e9e au moyen d&rsquo;<br \/>\n&#8211; un <a target=\"_blank\" href=\"https:\/\/lyonelkaufmann.ch\/histoire\/wp-content\/uploads\/2006\/04\/Bergier_Morgarten.pdf\">texte de Bergier<\/a> relatant la bataille;<br \/>\n&#8211; une <a target=\"_blank\" id=\"p128\" onmousedown=\"selectLink(128);\" href=\"https:\/\/lyonelkaufmann.ch\/histoire\/wp-content\/uploads\/2006\/04\/morgarten.mov\">vid\u00e9o<\/a> des lieux de la bataille;<br \/>\n&#8211; une <a target=\"_blank\" href=\"https:\/\/lyonelkaufmann.ch\/histoire\/wp-content\/uploads\/2006\/04\/plan_morgarten(e).pdf\">fiche de synth\u00e8se<\/a> \u00e0 r\u00e9aliser par les \u00e9l\u00e8ves (papier ou avec AppleWorks).<\/p>\n<p>Pour le prof. : <a target=\"_blank\" href=\"https:\/\/lyonelkaufmann.ch\/histoire\/wp-content\/uploads\/2006\/04\/plan_morgarten(c).pdf\">fiche corrig\u00e9e<\/a><\/p>\n<p><b>Remarque :<\/b> bien \u00e9videmment la vid\u00e9o a \u00e9t\u00e9 ici adapt\u00e9e pour une diffusion via internet. L&rsquo;original, sur cd-rom, est pr\u00e9vu pour un visionnement \u00e0 une taille largement sup\u00e9rieure.<\/p>\n<h3>Jeux la R\u00e9volution et l&rsquo;Empire<\/h3>\n<p>Travail de stagiaire<br \/>\nDeux jeux ont \u00e9t\u00e9 r\u00e9alis\u00e9 en 2002, \u00e0 l&rsquo;aide d&rsquo;Acrobat, par deux stagiaires en histoire :<\/p>\n<li>l&rsquo;un sur la R\u00e9volution fran\u00e7aise<\/li>\n<li>l&rsquo;autre sur l&rsquo;Empire<\/li>\n<p><\/p>\n<p>Pour des raisons de taille du fichier, seul le jeu sur la R\u00e9volution est disponible au t\u00e9l\u00e9chargement. C&rsquo;est un fichier d\u00e9j\u00e0 cons\u00e9quent (4 Mo)<\/p>\n<p>Attention !!! il est absolument n\u00e9cessaire d&rsquo;ouvrir Acrobat et non pas Aper\u00e7u pour visionner ces deux jeux.<\/p>\n<p>Le jeu : <a href=\"https:\/\/lyonelkaufmann.ch\/histoire\/wp-content\/uploads\/2006\/04\/REVOLUTION.pdf\">La R\u00e9volution<\/a> (4Mo)<\/div>\n","protected":false},"excerpt":{"rendered":"<p>Projets utilisant les possibilit\u00e9s multim\u00e9dias pour organiser des apprentissages en histoire. Ces activit\u00e9s peuvent soit \u00eatre pr\u00e9par\u00e9es par les enseignants, soit faire l&rsquo;objet d&rsquo;un projet \u00e0 r\u00e9aliser par\/avec les \u00e9l\u00e8ves. Dans la plupart des cas, il s&rsquo;agit d&rsquo;une combinaison de l&rsquo;utilisation d&rsquo;une vid\u00e9o ou d&rsquo;un appareil de photographie num\u00e9rique d&rsquo;un montage r\u00e9alis\u00e9 avec un logiciel [&hellip;]<\/p>\n","protected":false},"author":1,"featured_media":0,"parent":55,"menu_order":1,"comment_status":"open","ping_status":"closed","template":"onecolumn-page.php","meta":{"_import_markdown_pro_load_document_selector":0,"_import_markdown_pro_submit_text_textarea":"","_genesis_hide_title":false,"_genesis_hide_breadcrumbs":false,"_genesis_hide_singular_image":false,"_genesis_hide_footer_widgets":false,"_genesis_custom_body_class":"","_genesis_custom_post_class":"","_genesis_layout":"","jetpack_post_was_ever_published":false,"footnotes":""},"class_list":{"0":"post-67","1":"page","2":"type-page","3":"status-publish","5":"entry"},"featured_image_src":null,"featured_image_src_square":null,"jetpack_sharing_enabled":true,"jetpack_shortlink":"https:\/\/wp.me\/P1rJVM-15","jetpack_likes_enabled":true,"jetpack-related-posts":[{"id":65,"url":"https:\/\/lyonelkaufmann.ch\/histoire\/medias-technologies\/autour-du-logiciel\/","url_meta":{"origin":67,"position":0},"title":"Logiciels","author":"Lyonel Kaufmann","date":"14 avril 2006","format":false,"excerpt":"Activit\u00e9s r\u00e9alis\u00e9es \u00e0 l'aide de logiciel standards (traitement de texte, tableur, base de donn\u00e9es, logiciel int\u00e9gr\u00e9, dessin vectoriel ou bitmap) ou utilisable \u00e0 l'aide d'un navigateur internet (mais en intranet ou sur un ordinateur). Image hypertexte La Cath\u00e9drale : Travail de stagiaire Un texte lacunaire Une image cliquable de la\u2026","rel":"","context":"Article similaire","block_context":{"text":"Article similaire","link":""},"img":{"alt_text":"","src":"https:\/\/i0.wp.com\/lyonelkaufmann.ch\/histoire\/wp-content\/uploads\/2012\/08\/les_etats_generaux1.gif?fit=538%2C298&ssl=1&resize=350%2C200","width":350,"height":200,"srcset":"https:\/\/i0.wp.com\/lyonelkaufmann.ch\/histoire\/wp-content\/uploads\/2012\/08\/les_etats_generaux1.gif?fit=538%2C298&ssl=1&resize=350%2C200 1x, https:\/\/i0.wp.com\/lyonelkaufmann.ch\/histoire\/wp-content\/uploads\/2012\/08\/les_etats_generaux1.gif?fit=538%2C298&ssl=1&resize=525%2C300 1.5x"},"classes":[]},{"id":73,"url":"https:\/\/lyonelkaufmann.ch\/histoire\/film-histoire\/filmographie\/","url_meta":{"origin":67,"position":1},"title":"Filmographie","author":"Lyonel Kaufmann","date":"17 avril 2006","format":false,"excerpt":"S\u00e9lection de films historiques \u00a0 Gladiator R\u00e9alisateur: Ridley Scott Avec: Russell Crowe, Joaquin Phoenix Genre: 1. Antiquit\u00e9 Studio: Universal Pictures Mon classement: Classement: Appr\u00e9ciation: 5 (4 votes) Date de parution: Oct 2004 Emprunt\u00e9 par: \u00a0 \u00a0 \u00a0 \u00a0 Emprunt\u00e9 le: Commentaires: \"Gladiator\" marquait un double retour cin\u00e9matographique : celui du\u2026","rel":"","context":"Article similaire","block_context":{"text":"Article similaire","link":""},"img":{"alt_text":"","src":"Images\/star0.gif","width":350,"height":200},"classes":[]},{"id":132,"url":"https:\/\/lyonelkaufmann.ch\/histoire\/transposer-planifier-evaluer\/histoire-et-pedagogie-differenciee\/","url_meta":{"origin":67,"position":2},"title":"Histoire et p\u00e9dagogie diff\u00e9renci\u00e9e","author":"Lyonel Kaufmann","date":"22 octobre 2006","format":false,"excerpt":"Ce document a \u00e9t\u00e9 distribu\u00e9 \u00e0 la suite d\u2019une s\u00e9ance de didactique avec des stagiaires du S\u00e9minaire p\u00e9dagogique de l\u2019enseignement secondaire (SPES) en 2000-2001. Sa valeur est celle d\u2019un document de travail et de r\u00e9flexion. Il a \u00e9t\u00e9 \u201ctoilett\u00e9\u201d depuis. G\u00e9n\u00e9ralit\u00e9s 1\u00b0 Pour Przesmycki (P\u00e9dagogie diff\u00e9renci\u00e9e, Hachette Education, 1991), la\u2026","rel":"","context":"Article similaire","block_context":{"text":"Article similaire","link":""},"img":{"alt_text":"","src":"","width":0,"height":0},"classes":[]},{"id":60,"url":"https:\/\/lyonelkaufmann.ch\/histoire\/film-histoire\/cineastes-et-histoire\/","url_meta":{"origin":67,"position":3},"title":"Cin\u00e9astes &amp; Historiens","author":"Lyonel Kaufmann","date":"10 avril 2006","format":false,"excerpt":"Le Nom de la Rose - Une reconstitution positiviste (Jean-Jacques Annaud) Comment s'est pass\u00e9 votre rendez-vous avec Umberto Ecco ? \" Il a d\u00fb me prendre pour un fou. Je lui ai expos\u00e9 mon intime conviction que ce livre avait \u00e9t\u00e9 \u00e9crit pour moi. Je lui ai jur\u00e9 que je\u2026","rel":"","context":"Article similaire","block_context":{"text":"Article similaire","link":""},"img":{"alt_text":"","src":"","width":0,"height":0},"classes":[]},{"id":131,"url":"https:\/\/lyonelkaufmann.ch\/histoire\/transposer-planifier-evaluer\/","url_meta":{"origin":67,"position":4},"title":"Planifier","author":"Lyonel Kaufmann","date":"22 octobre 2006","format":false,"excerpt":"Cette page regroupe du mat\u00e9riel \u00e9labor\u00e9 \u00e0 l'intention des \u00e9tudiant-e-s et concernant des anciens modules ou plan de cours. Ils ne sont pas \u00e0 proprement parler des supports de cours d'o\u00f9 leur pr\u00e9sence ici. Histoire et p\u00e9dagogie diff\u00e9renci\u00e9e Ce document avait \u00e9t\u00e9 distribu\u00e9 \u00e0 la suite d\u2019une s\u00e9ance de didactique\u2026","rel":"","context":"Article similaire","block_context":{"text":"Article similaire","link":""},"img":{"alt_text":"","src":"","width":0,"height":0},"classes":[]},{"id":70,"url":"https:\/\/lyonelkaufmann.ch\/histoire\/medias-technologies\/wiki\/","url_meta":{"origin":67,"position":5},"title":"Wiki | Wikipedia","author":"Lyonel Kaufmann","date":"14 avril 2006","format":false,"excerpt":"Wiki des classes d'histoire. Pr\u00e9sentation : Les classes 8A et 8B travaillent pr\u00e9sentement sur un projet d\u2019histoire sur diff\u00e9rents th\u00e8mes du Moyen \u00c2ge. Suite \u00e0 leurs travaux \u00e9crits et pr\u00e9sentation en salle de classe, chaque groupe va placer un r\u00e9sum\u00e9 de son travail, ainsi que la pr\u00e9sentation fait en salle\u2026","rel":"","context":"Article similaire","block_context":{"text":"Article similaire","link":""},"img":{"alt_text":"","src":"https:\/\/i0.wp.com\/lyonelkaufmann.ch\/histoire\/wp-content\/uploads\/2006\/04\/Welcome2WP_French_WEB.pdf.jpg?fit=778%2C1104&ssl=1&resize=350%2C200","width":350,"height":200,"srcset":"https:\/\/i0.wp.com\/lyonelkaufmann.ch\/histoire\/wp-content\/uploads\/2006\/04\/Welcome2WP_French_WEB.pdf.jpg?fit=778%2C1104&ssl=1&resize=350%2C200 1x, https:\/\/i0.wp.com\/lyonelkaufmann.ch\/histoire\/wp-content\/uploads\/2006\/04\/Welcome2WP_French_WEB.pdf.jpg?fit=778%2C1104&ssl=1&resize=525%2C300 1.5x, https:\/\/i0.wp.com\/lyonelkaufmann.ch\/histoire\/wp-content\/uploads\/2006\/04\/Welcome2WP_French_WEB.pdf.jpg?fit=778%2C1104&ssl=1&resize=700%2C400 2x"},"classes":[]}],"_links":{"self":[{"href":"https:\/\/lyonelkaufmann.ch\/histoire\/wp-json\/wp\/v2\/pages\/67","targetHints":{"allow":["GET"]}}],"collection":[{"href":"https:\/\/lyonelkaufmann.ch\/histoire\/wp-json\/wp\/v2\/pages"}],"about":[{"href":"https:\/\/lyonelkaufmann.ch\/histoire\/wp-json\/wp\/v2\/types\/page"}],"author":[{"embeddable":true,"href":"https:\/\/lyonelkaufmann.ch\/histoire\/wp-json\/wp\/v2\/users\/1"}],"replies":[{"embeddable":true,"href":"https:\/\/lyonelkaufmann.ch\/histoire\/wp-json\/wp\/v2\/comments?post=67"}],"version-history":[{"count":0,"href":"https:\/\/lyonelkaufmann.ch\/histoire\/wp-json\/wp\/v2\/pages\/67\/revisions"}],"up":[{"embeddable":true,"href":"https:\/\/lyonelkaufmann.ch\/histoire\/wp-json\/wp\/v2\/pages\/55"}],"wp:attachment":[{"href":"https:\/\/lyonelkaufmann.ch\/histoire\/wp-json\/wp\/v2\/media?parent=67"}],"curies":[{"name":"wp","href":"https:\/\/api.w.org\/{rel}","templated":true}]}}