{"id":70,"date":"2006-04-14T22:11:33","date_gmt":"2006-04-14T22:11:33","guid":{"rendered":"https:\/\/lyonelkaufmann.ch\/histoire\/?page_id=100"},"modified":"2016-01-11T00:14:33","modified_gmt":"2016-01-10T23:14:33","slug":"wiki","status":"publish","type":"page","link":"https:\/\/lyonelkaufmann.ch\/histoire\/medias-technologies\/wiki\/","title":{"rendered":"Wiki | Wikipedia"},"content":{"rendered":"<p><strong>Wiki des classes d&rsquo;histoire.<\/strong> Pr\u00e9sentation :<br \/>\n<em> Les classes 8A et 8B travaillent pr\u00e9sentement sur un projet d\u2019histoire sur diff\u00e9rents th\u00e8mes du Moyen \u00c2ge. <\/em><\/p>\n<p><em>Suite \u00e0 leurs travaux \u00e9crits et pr\u00e9sentation en salle de classe, chaque groupe va placer un r\u00e9sum\u00e9 de son travail, ainsi que la pr\u00e9sentation fait en salle de classe sur le site Wikip\u00e9dia.<\/em><\/p>\n<p><em> Chaque classe poss\u00e8de un wiki. Sur cette page on y trouve des liens pour chacun des groupes. Je vous invite \u00e0 visiter ces wikis. Les wikis ont \u00e9t\u00e9 cr\u00e9\u00e9s directement sur le serveur Wikip\u00e9dia, car nous ne poss\u00e9dons pas de serveur PHP\/MYSQL \u00e0 l\u2019\u00e9cole. Ce n\u2019est pas l\u2019id\u00e9al mais cela fait l\u2019affaire. Les wikis ne sont pas encore termin\u00e9s compl\u00e8tement.<\/em><\/p>\n<p>Voici les liens pour chacune des classes : <a href=\"http:\/\/kenny.over-blog.net\/article-1245614.html\" target=\"_blank\">http:\/\/kenny.over-blog.net\/article-1245614.html<\/a><\/p>\n<p><a href=\"http:\/\/www.nack.ch\/wiki\/index.php\/Histoire\">Autre exemple<\/a> d&rsquo;un \u00e9l\u00e8ve de 4e du coll\u00e8ge Emilie-Gourd sur Wiki School.<\/p>\n<p><strong>Ajout (21 juin 2008) :<\/strong> Je vous pr\u00e9sente maintenant un autre exemple d&rsquo;un enseignant de la <a href=\"http:\/\/lucayainternationalschool.com\/joomla\/\" target=\"_blank\">Lucaya Intenational School<\/a> qui plut\u00f4t qu&rsquo;un site web ou un blog g\u00e8re ses cours \u00e0 l\u00a0\u00bbaide d&rsquo;un wiki. On y trouve les devoirs \u00e0 faire pour les \u00e9l\u00e8ves, ses notes et ses liens vers des ressources en lignes ou du mat\u00e9riel permettant aux \u00e9l\u00e8ves de r\u00e9viser. Lien:\u00a0<a href=\"http:\/\/historygeography.wikispaces.com\/\" target=\"_blank\">historygeography<\/a><\/p>\n<p><strong>D\u00e9finition<\/strong> du wiki via l&rsquo;article de <a href=\"http:\/\/kenny.over-blog.net\/article-1245614.html\" target=\"_blank\">Wikipedia<\/a>.<\/p>\n<p><strong>D\u00e9bat 1 :<\/strong> Wikipedia et les conditions de validations de l&rsquo;information scientifique par <a href=\"http:\/\/www.ext.upmc.fr\/urfist\/cerise\/lexdicWiki.htm\" target=\"_blank\">Cerise<\/a> (soit le Conseil aux Etudiants pour une Recherche d&rsquo;Information Sp\u00e9cialis\u00e9e Efficace).<\/p>\n<p><strong>D\u00e9bat 2 :<\/strong> <a href=\"http:\/\/lyonelkaufmann.ch\/bp315_histic\/?5\" target=\"_blank\">Wikipedia aussi fiable que l&rsquo;Encyclop\u00e9die Britanica ?<\/a><\/p>\n<p><strong>R\u00e9flexion sur l&rsquo;utilisation des Wiki en \u00e9ducation :<\/strong> <a href=\"http:\/\/www.openfing.org\/educarnaval\/index.php?2006\/02\/01=\" target=\"_blank\">WikiEducation pas de con-construction sans \u00e9ducation aux m\u00e9dias !<\/a><\/p>\n<h3><strong>Ajout (11 janvier 2016)<\/strong> : Un kit p\u00e9dagogique pour Wikip\u00e9dia<\/h3>\n<p>L\u2019association Wikimedia France a publi\u00e9 <strong>un kit p\u00e9dagogique destin\u00e9 aux enseignants pour utiliser la c\u00e9l\u00e8bre encyclop\u00e9die en classe.<\/strong><\/p>\n<p>Le kit p\u00e9dagogique se pr\u00e9sente sous la forme d\u2019un portail d\u00e9di\u00e9. Un Wiki o\u00f9 vous \u00a0trouverez\u00a0des exemples concrets de projets men\u00e9s par des enseignants ainsi que des tutoriels particuli\u00e8rement clairs avec des pas \u00e0 pas,\u00a0des\u00a0livrets d\u2019aide et des espaces de discussion pour\u00a0\u00e9changer avec des contributeurs b\u00e9n\u00e9voles de l\u2019encyclop\u00e9die. Clair, pratique et orient\u00e9 action.<a href=\"https:\/\/i0.wp.com\/lyonelkaufmann.ch\/histoire\/wp-content\/uploads\/2006\/04\/Welcome2WP_French_WEB.pdf.jpg\" rel=\"attachment wp-att-10926\"><img data-recalc-dims=\"1\" loading=\"lazy\" decoding=\"async\" data-attachment-id=\"10926\" data-permalink=\"https:\/\/lyonelkaufmann.ch\/histoire\/medias-technologies\/wiki\/welcome2wp_french_web-pdf\/\" data-orig-file=\"https:\/\/i0.wp.com\/lyonelkaufmann.ch\/histoire\/wp-content\/uploads\/2006\/04\/Welcome2WP_French_WEB.pdf.jpg?fit=778%2C1104&amp;ssl=1\" data-orig-size=\"778,1104\" data-comments-opened=\"1\" data-image-meta=\"{&quot;aperture&quot;:&quot;0&quot;,&quot;credit&quot;:&quot;&quot;,&quot;camera&quot;:&quot;&quot;,&quot;caption&quot;:&quot;&quot;,&quot;created_timestamp&quot;:&quot;0&quot;,&quot;copyright&quot;:&quot;&quot;,&quot;focal_length&quot;:&quot;0&quot;,&quot;iso&quot;:&quot;0&quot;,&quot;shutter_speed&quot;:&quot;0&quot;,&quot;title&quot;:&quot;&quot;,&quot;orientation&quot;:&quot;0&quot;}\" data-image-title=\"Welcome2WP_French_WEB.pdf\" data-image-description=\"\" data-image-caption=\"\" data-large-file=\"https:\/\/i0.wp.com\/lyonelkaufmann.ch\/histoire\/wp-content\/uploads\/2006\/04\/Welcome2WP_French_WEB.pdf.jpg?fit=700%2C993&amp;ssl=1\" class=\"wp-image-10926 size-large aligncenter\" src=\"https:\/\/i0.wp.com\/lyonelkaufmann.ch\/histoire\/wp-content\/uploads\/2006\/04\/Welcome2WP_French_WEB.pdf-722x1024.jpg?resize=640%2C908\" alt=\"Welcome2WP_French_WEB.pdf\" width=\"640\" height=\"908\" srcset=\"https:\/\/i0.wp.com\/lyonelkaufmann.ch\/histoire\/wp-content\/uploads\/2006\/04\/Welcome2WP_French_WEB.pdf.jpg?resize=722%2C1024&amp;ssl=1 722w, https:\/\/i0.wp.com\/lyonelkaufmann.ch\/histoire\/wp-content\/uploads\/2006\/04\/Welcome2WP_French_WEB.pdf.jpg?resize=211%2C300&amp;ssl=1 211w, https:\/\/i0.wp.com\/lyonelkaufmann.ch\/histoire\/wp-content\/uploads\/2006\/04\/Welcome2WP_French_WEB.pdf.jpg?resize=768%2C1090&amp;ssl=1 768w, https:\/\/i0.wp.com\/lyonelkaufmann.ch\/histoire\/wp-content\/uploads\/2006\/04\/Welcome2WP_French_WEB.pdf.jpg?w=778&amp;ssl=1 778w\" sizes=\"auto, (max-width: 640px) 100vw, 640px\" \/><\/a>Lien\u00a0: <strong><a title=\"Wikipedia en classe\" href=\"https:\/\/fr.wikipedia.org\/wiki\/Wikip%C3%A9dia:Projets_p%C3%A9dagogiques\" target=\"_blank\">Kit p\u00e9dagogique \u00ab\u00a0Utiliser Wikipedia en classe\u00a0\u00bb<\/a><\/strong> \u2014 Lien <strong><a title=\"Wikimedia France\" href=\"http:\/\/www.wikimedia.fr\/\" target=\"_blank\">Association Wikimedia France<\/a><\/strong><\/p>\n<p>&nbsp;<\/p>\n","protected":false},"excerpt":{"rendered":"<p>Wiki des classes d&rsquo;histoire. Pr\u00e9sentation : Les classes 8A et 8B travaillent pr\u00e9sentement sur un projet d\u2019histoire sur diff\u00e9rents th\u00e8mes du Moyen \u00c2ge. Suite \u00e0 leurs travaux \u00e9crits et pr\u00e9sentation en salle de classe, chaque groupe va placer un r\u00e9sum\u00e9 de son travail, ainsi que la pr\u00e9sentation fait en salle de classe sur le site [&hellip;]<\/p>\n","protected":false},"author":1,"featured_media":10926,"parent":55,"menu_order":1,"comment_status":"open","ping_status":"closed","template":"","meta":{"_import_markdown_pro_load_document_selector":0,"_import_markdown_pro_submit_text_textarea":"","_genesis_hide_title":false,"_genesis_hide_breadcrumbs":false,"_genesis_hide_singular_image":false,"_genesis_hide_footer_widgets":false,"_genesis_custom_body_class":"","_genesis_custom_post_class":"","_genesis_layout":"","jetpack_post_was_ever_published":false,"footnotes":""},"class_list":{"0":"post-70","1":"page","2":"type-page","3":"status-publish","4":"has-post-thumbnail","6":"entry"},"featured_image_src":"https:\/\/i0.wp.com\/lyonelkaufmann.ch\/histoire\/wp-content\/uploads\/2006\/04\/Welcome2WP_French_WEB.pdf.jpg?resize=600%2C400&ssl=1","featured_image_src_square":"https:\/\/i0.wp.com\/lyonelkaufmann.ch\/histoire\/wp-content\/uploads\/2006\/04\/Welcome2WP_French_WEB.pdf.jpg?resize=600%2C600&ssl=1","jetpack_sharing_enabled":true,"jetpack_shortlink":"https:\/\/wp.me\/P1rJVM-18","jetpack_likes_enabled":true,"jetpack-related-posts":[{"id":55,"url":"https:\/\/lyonelkaufmann.ch\/histoire\/medias-technologies\/","url_meta":{"origin":70,"position":0},"title":"M\u00e9dias&amp;TIC","author":"Lyonel Kaufmann","date":"9 avril 2006","format":false,"excerpt":"Histoire et int\u00e9gration des m\u00e9dias et technologies dans l'enseignement Il s'agit ici de - r\u00e9flexions et d'outils concernant l'emploi et l'int\u00e9gration des m\u00e9dias et des technologies (m\u00e9diaTICE) dans l'enseignement de l'histoire; - r\u00e9flexions et d'outils concernant\u00a0l'emploi des m\u00e9dias et technologies (m\u00e9diaTICE) dans l'enseignement tout court; - de propositions d'activit\u00e9s relatives\u2026","rel":"","context":"Article similaire","block_context":{"text":"Article similaire","link":""},"img":{"alt_text":"","src":"","width":0,"height":0},"classes":[]},{"id":68,"url":"https:\/\/lyonelkaufmann.ch\/histoire\/medias-technologies\/webquest\/","url_meta":{"origin":70,"position":1},"title":"Webquest | Cyberqu\u00eate","author":"Lyonel Kaufmann","date":"14 avril 2006","format":false,"excerpt":"Un WebQuest, ou Caberqu\u00eate, est une activit\u00e9 de recherche orient\u00e9e pour laquelle toutes, ou presque toutes, les informations requises par l'\u00e9l\u00e8ve sont tir\u00e9es de l'Internet.Elle est con\u00e7ue pour \u00e9viter les pertes de temps en amenant l'\u00e9l\u00e8ve \u00e0 passer plus de temps \u00e0 utiliser les informations qu'\u00e0 les chercher.Comme instrument de\u2026","rel":"","context":"Article similaire","block_context":{"text":"Article similaire","link":""},"img":{"alt_text":"","src":"","width":0,"height":0},"classes":[]},{"id":12008,"url":"https:\/\/lyonelkaufmann.ch\/histoire\/mes-cours\/bp13shs-enseigner-lhistoire-au-cycle-2\/","url_meta":{"origin":70,"position":2},"title":"BPSHS13 &#8211; Enseigner l&rsquo;histoire au cycle 2","author":"Lyonel Kaufmann","date":"21 septembre 2016","format":false,"excerpt":"Ann\u00e9e acad\u00e9mique 2020-2021 Objectifs du s\u00e9minaire Percevoir les composantes d\u2019une le\u00e7on d\u2019histoire\u00a0:\u00a0\u00ab\u00a0qu\u2019est ce qui fait une bonne le\u00e7on d\u2019histoire?\u00a0\u00bb A l\u2019appui des MER, aborder les objectifs du PER et comprendre le changement de paradigme Approcher le mat\u00e9riel scolaire et extra scolaire \u00e0 disposition\u00a0: utilit\u00e9 et pertinence. Travailler \u00e0 des pistes\u2026","rel":"","context":"Article similaire","block_context":{"text":"Article similaire","link":""},"img":{"alt_text":"","src":"https:\/\/i0.wp.com\/lyonelkaufmann.ch\/histoire\/wp-content\/uploads\/2020\/09\/Capture-decran-2020-09-11-a-14.03.59-700x451.png?resize=350%2C200&ssl=1","width":350,"height":200,"srcset":"https:\/\/i0.wp.com\/lyonelkaufmann.ch\/histoire\/wp-content\/uploads\/2020\/09\/Capture-decran-2020-09-11-a-14.03.59-700x451.png?resize=350%2C200&ssl=1 1x, https:\/\/i0.wp.com\/lyonelkaufmann.ch\/histoire\/wp-content\/uploads\/2020\/09\/Capture-decran-2020-09-11-a-14.03.59-700x451.png?resize=525%2C300&ssl=1 1.5x, https:\/\/i0.wp.com\/lyonelkaufmann.ch\/histoire\/wp-content\/uploads\/2020\/09\/Capture-decran-2020-09-11-a-14.03.59-700x451.png?resize=700%2C400&ssl=1 2x"},"classes":[]},{"id":11992,"url":"https:\/\/lyonelkaufmann.ch\/histoire\/mes-cours\/msint11-1-10-seminaire-dintegration-s1\/","url_meta":{"origin":70,"position":3},"title":"MSINT S\u00e9minaire d&rsquo;int\u00e9gration Secondaire 1","author":"Lyonel Kaufmann","date":"20 septembre 2016","format":false,"excerpt":"Le s\u00e9minaire d\u2019int\u00e9gration a pour objectif central d\u2019accompagner l\u2019\u00e9tudiant[1] dans la construction de liens entre la th\u00e9orie et la pratique. Les apports de la didactique et des sciences de l\u2019\u00e9ducation ainsi que la prise en compte de l\u2019exp\u00e9rience et du parcours ant\u00e9rieur de l\u2019\u00e9tudiant sont mis en regard de la\u2026","rel":"","context":"Article similaire","block_context":{"text":"Article similaire","link":""},"img":{"alt_text":"","src":"https:\/\/i0.wp.com\/lyonelkaufmann.ch\/histoire\/wp-content\/uploads\/2016\/09\/RapportAuSavoir_Th%C3%A9ories.png?resize=350%2C200&ssl=1","width":350,"height":200,"srcset":"https:\/\/i0.wp.com\/lyonelkaufmann.ch\/histoire\/wp-content\/uploads\/2016\/09\/RapportAuSavoir_Th%C3%A9ories.png?resize=350%2C200&ssl=1 1x, https:\/\/i0.wp.com\/lyonelkaufmann.ch\/histoire\/wp-content\/uploads\/2016\/09\/RapportAuSavoir_Th%C3%A9ories.png?resize=525%2C300&ssl=1 1.5x, https:\/\/i0.wp.com\/lyonelkaufmann.ch\/histoire\/wp-content\/uploads\/2016\/09\/RapportAuSavoir_Th%C3%A9ories.png?resize=700%2C400&ssl=1 2x, https:\/\/i0.wp.com\/lyonelkaufmann.ch\/histoire\/wp-content\/uploads\/2016\/09\/RapportAuSavoir_Th%C3%A9ories.png?resize=1050%2C600&ssl=1 3x, https:\/\/i0.wp.com\/lyonelkaufmann.ch\/histoire\/wp-content\/uploads\/2016\/09\/RapportAuSavoir_Th%C3%A9ories.png?resize=1400%2C800&ssl=1 4x"},"classes":[]},{"id":13819,"url":"https:\/\/lyonelkaufmann.ch\/histoire\/mes-cours\/bp22shs-dispositifs-didactiques-en-sciences-sociales\/","url_meta":{"origin":70,"position":4},"title":"BP22SHS &#8211; Dispositifs didactiques en sciences sociales","author":"Lyonel Kaufmann","date":"16 f\u00e9vrier 2018","format":false,"excerpt":"Ann\u00e9e acad\u00e9mique 2018-2019 - Semestre de printemps Calendrier des s\u00e9ances : Groupes 9, 10, 13 et 16\u00a0: les lundis 18 et 25 f\u00e9vrier, 4 et 11 mars 2019 Groupes 8 et 12\u00a0: les lundis 18 et 25 mars, 1eret 8 avril 2019 Groupes 7, 11, 14 et 15\u00a0: les lundis\u2026","rel":"","context":"Article similaire","block_context":{"text":"Article similaire","link":""},"img":{"alt_text":"","src":"https:\/\/i0.wp.com\/img.youtube.com\/vi\/rGW17rtGyEo\/0.jpg?resize=350%2C200","width":350,"height":200},"classes":[]},{"id":358,"url":"https:\/\/lyonelkaufmann.ch\/histoire\/mes-cours\/mshis31-didactique-de-lhistoire\/","url_meta":{"origin":70,"position":5},"title":"MSHIS31 &#8211; Didactique de l&rsquo;histoire I","author":"Lyonel Kaufmann","date":"7 septembre 2008","format":false,"excerpt":"S\u00e9minaire S1 - ann\u00e9e 2018-2019 Pour les conditions cadres et les \u00e9l\u00e9ments du cours 2017, je vous laisse le soin de consulter la plate forme eleaning (Moodle) de la HEP Vaud :\u00a0http:\/\/elearning.hepl.ch\/course\/view.php?id=75 La grille d'\u00e9valuation :\u00a0Evaluation MSHIS 31 2017 Liste des s\u00e9ances et th\u00e9matiques abord\u00e9es en s\u00e9minaire S1: 2.10.2018 :\u2026","rel":"","context":"Article similaire","block_context":{"text":"Article similaire","link":""},"img":{"alt_text":"cours_tenochtitlan","src":"https:\/\/i0.wp.com\/lyonelkaufmann.ch\/histoire\/wp-content\/uploads\/2008\/09\/Cours_Tenochtitlan-700x307.png?resize=350%2C200&ssl=1","width":350,"height":200,"srcset":"https:\/\/i0.wp.com\/lyonelkaufmann.ch\/histoire\/wp-content\/uploads\/2008\/09\/Cours_Tenochtitlan-700x307.png?resize=350%2C200&ssl=1 1x, https:\/\/i0.wp.com\/lyonelkaufmann.ch\/histoire\/wp-content\/uploads\/2008\/09\/Cours_Tenochtitlan-700x307.png?resize=525%2C300&ssl=1 1.5x, https:\/\/i0.wp.com\/lyonelkaufmann.ch\/histoire\/wp-content\/uploads\/2008\/09\/Cours_Tenochtitlan-700x307.png?resize=700%2C400&ssl=1 2x"},"classes":[]}],"_links":{"self":[{"href":"https:\/\/lyonelkaufmann.ch\/histoire\/wp-json\/wp\/v2\/pages\/70","targetHints":{"allow":["GET"]}}],"collection":[{"href":"https:\/\/lyonelkaufmann.ch\/histoire\/wp-json\/wp\/v2\/pages"}],"about":[{"href":"https:\/\/lyonelkaufmann.ch\/histoire\/wp-json\/wp\/v2\/types\/page"}],"author":[{"embeddable":true,"href":"https:\/\/lyonelkaufmann.ch\/histoire\/wp-json\/wp\/v2\/users\/1"}],"replies":[{"embeddable":true,"href":"https:\/\/lyonelkaufmann.ch\/histoire\/wp-json\/wp\/v2\/comments?post=70"}],"version-history":[{"count":0,"href":"https:\/\/lyonelkaufmann.ch\/histoire\/wp-json\/wp\/v2\/pages\/70\/revisions"}],"up":[{"embeddable":true,"href":"https:\/\/lyonelkaufmann.ch\/histoire\/wp-json\/wp\/v2\/pages\/55"}],"wp:featuredmedia":[{"embeddable":true,"href":"https:\/\/lyonelkaufmann.ch\/histoire\/wp-json\/wp\/v2\/media\/10926"}],"wp:attachment":[{"href":"https:\/\/lyonelkaufmann.ch\/histoire\/wp-json\/wp\/v2\/media?parent=70"}],"curies":[{"name":"wp","href":"https:\/\/api.w.org\/{rel}","templated":true}]}}