{"id":71,"date":"2006-04-14T22:38:26","date_gmt":"2006-04-14T22:38:26","guid":{"rendered":"https:\/\/lyonelkaufmann.ch\/histoire\/?page_id=101"},"modified":"2006-04-14T22:38:26","modified_gmt":"2006-04-14T22:38:26","slug":"chasse-au-tresor","status":"publish","type":"page","link":"https:\/\/lyonelkaufmann.ch\/histoire\/medias-technologies\/chasse-au-tresor\/","title":{"rendered":"Chasse au tr\u00e9sor"},"content":{"rendered":"<div align=\"justify\">\n<h3>Chasse au tr\u00e9sor &#8211; La R\u00e9volution fran\u00e7aise<\/h3>\n<p><b>Objectif : <\/b> Nous recherchons l&rsquo;image (extrait de tableau) repr\u00e9sent\u00e9 en bas de cette page. Elle correspond \u00e0 un \u00e9v\u00e9nement marquant (tournant) dans la vie de notre personnage.<\/p>\n<p><b><i>Piste:<\/i><\/b> Votre manuel propose une esquisse de ce tableau de David (p. 32 de votre manuel ou page 670 suivant les versions).<\/p>\n<p><b><i>Indices : <\/i><\/b>Vous \u00eates au bon endroit si :<br \/>\n1) la l\u00e9gende indique Sacre de l&rsquo;Empereur Napol\u00e9on Ier et couronnement de l&rsquo;Imp\u00e9ratrice Jos\u00e9phine dans la cath\u00e9drale Notre-dame de Paris le 2 d\u00e9cembre 1804 (d\u00e9tail)<\/p>\n<p>2) ce site est une fondation reconnue d&rsquo;utilit\u00e9 publique<\/p>\n<p><b>Questions : <\/b><br \/>\n1) Quelle est l\u2019adresse exacte de ce site ?<br \/>\n2) Quel est le nom de notre personnage ?<br \/>\n3) En quelle ann\u00e9e, notre personnage est devenu empereur ?<br \/>\n4) A l\u2019aide du site ainsi trouv\u00e9, je choisi trois autres documents iconographiques retra\u00e7ant la carri\u00e8re de notre personnage. Je les date et l\u00e9gende.<\/p>\n<p><b>Sites \u00e0 visiter :<\/b><br \/>\n\u2022 Napoleonica : <a href=\"http:\/\/www.napoleonica.org\/\">http:\/\/www.napoleonica.org\/<\/a><br \/>\n\u2022 Napol\u00e9on.org : <a href=\"http:\/\/www.napoleon.org\/fr\/home.asp\">http:\/\/www.napoleon.org\/fr\/home.asp<\/a><br \/>\n\u2022 Histoire de France par l&rsquo;image :  <a href=\"http:\/\/www.histoire-image.org\/\">http:\/\/www.histoire-image.org\/<\/a><br \/>\n\u2022 Le serment du Jeu de Paume <a href=\"http:\/\/www.multimania.com\/coll3\/quatrieme\/revofran\/sjp\/sjp.html\">http:\/\/www.multimania.com\/coll3\/quatrieme\/revofran\/sjp\/sjp.html<\/a><br \/>\n\u2022 Napol\u00e9on Ier: <a href=\"http:\/\/users.skynet.be\/napoleon\/\">http:\/\/users.skynet.be\/napoleon\/<\/a><\/p>\n<p><img data-recalc-dims=\"1\" decoding=\"async\" src=\"https:\/\/i0.wp.com\/lyonelkaufmann.ch\/histoire\/wp-content\/uploads\/2006\/04\/sacre_napoleon.jpg\" alt=\"Sacre de Napol\u00e9on\" \/><br \/>\nTableau de David, <i>Sacre de l&rsquo;Empereur Napol\u00e9on Ier et couronnement de l&rsquo;Imp\u00e9ratrice Jos\u00e9phine dans la cath\u00e9drale Notre-dame de Paris le 2 d\u00e9cembre 1804<\/i> (d\u00e9tail)<\/p>\n<h3>Guide : Organiser des chasses au tr\u00e9sor dans le Web<\/h3>\n<blockquote><p>Ce guide en format PDF explique comment parvenir \u00e0 lancer r\u00e9guli\u00e8rement durant la session d&rsquo;enseignement des chasses au tr\u00e9sor sur le Web : trouver rapidement et de mani\u00e8re autonome des ressources disponibles dans Internet au regard de questions donn\u00e9es et juger de la pertinence des documents.<\/p>\n<p>Le principe est simple : en dyade, les \u00e9tudiants doivent rep\u00e9rer un site Web o\u00f9 se trouvent les r\u00e9ponses \u00e0 des questions soumises par leur professeur.<\/p>\n<p>D\u00e8s qu&rsquo;ils ont trouv\u00e9 le \u00ab tr\u00e9sor \u00bb, ils exp\u00e9dient par courriel leurs r\u00e9ponses \u00e0 l&rsquo;enseignant qui leur retournera ses commentaires.<\/p>\n<p>Le classement des \u00e9tudiants est affich\u00e9 sur le site du professeur.<\/p>\n<p><a href=\"http:\/\/www.ccdmd.qc.ca\/ri\/perfectic\/medias\/scenarios\/chasse_ac.pdf\">Chasses au tr\u00e9sor dans le Web<\/a> (fichier .pdf) <\/p><\/blockquote>\n<\/div>\n","protected":false},"excerpt":{"rendered":"<p>Chasse au tr\u00e9sor &#8211; La R\u00e9volution fran\u00e7aise Objectif : Nous recherchons l&rsquo;image (extrait de tableau) repr\u00e9sent\u00e9 en bas de cette page. Elle correspond \u00e0 un \u00e9v\u00e9nement marquant (tournant) dans la vie de notre personnage. Piste: Votre manuel propose une esquisse de ce tableau de David (p. 32 de votre manuel ou page 670 suivant les [&hellip;]<\/p>\n","protected":false},"author":1,"featured_media":8389,"parent":55,"menu_order":1,"comment_status":"open","ping_status":"closed","template":"onecolumn-page.php","meta":{"_import_markdown_pro_load_document_selector":0,"_import_markdown_pro_submit_text_textarea":"","_genesis_hide_title":false,"_genesis_hide_breadcrumbs":false,"_genesis_hide_singular_image":false,"_genesis_hide_footer_widgets":false,"_genesis_custom_body_class":"","_genesis_custom_post_class":"","_genesis_layout":"","jetpack_post_was_ever_published":false,"footnotes":""},"class_list":{"0":"post-71","1":"page","2":"type-page","3":"status-publish","4":"has-post-thumbnail","6":"entry"},"featured_image_src":"https:\/\/i0.wp.com\/lyonelkaufmann.ch\/histoire\/wp-content\/uploads\/2014\/09\/sacre_napoleon1.jpg?resize=600%2C400&ssl=1","featured_image_src_square":"https:\/\/i0.wp.com\/lyonelkaufmann.ch\/histoire\/wp-content\/uploads\/2014\/09\/sacre_napoleon1.jpg?resize=600%2C600&ssl=1","jetpack_sharing_enabled":true,"jetpack_shortlink":"https:\/\/wp.me\/P1rJVM-19","jetpack_likes_enabled":true,"jetpack-related-posts":[{"id":55,"url":"https:\/\/lyonelkaufmann.ch\/histoire\/medias-technologies\/","url_meta":{"origin":71,"position":0},"title":"M\u00e9dias&amp;TIC","author":"Lyonel Kaufmann","date":"9 avril 2006","format":false,"excerpt":"Histoire et int\u00e9gration des m\u00e9dias et technologies dans l'enseignement Il s'agit ici de - r\u00e9flexions et d'outils concernant l'emploi et l'int\u00e9gration des m\u00e9dias et des technologies (m\u00e9diaTICE) dans l'enseignement de l'histoire; - r\u00e9flexions et d'outils concernant\u00a0l'emploi des m\u00e9dias et technologies (m\u00e9diaTICE) dans l'enseignement tout court; - de propositions d'activit\u00e9s relatives\u2026","rel":"","context":"Article similaire","block_context":{"text":"Article similaire","link":""},"img":{"alt_text":"","src":"","width":0,"height":0},"classes":[]},{"id":65,"url":"https:\/\/lyonelkaufmann.ch\/histoire\/medias-technologies\/autour-du-logiciel\/","url_meta":{"origin":71,"position":1},"title":"Logiciels","author":"Lyonel Kaufmann","date":"14 avril 2006","format":false,"excerpt":"Activit\u00e9s r\u00e9alis\u00e9es \u00e0 l'aide de logiciel standards (traitement de texte, tableur, base de donn\u00e9es, logiciel int\u00e9gr\u00e9, dessin vectoriel ou bitmap) ou utilisable \u00e0 l'aide d'un navigateur internet (mais en intranet ou sur un ordinateur). Image hypertexte La Cath\u00e9drale : Travail de stagiaire Un texte lacunaire Une image cliquable de la\u2026","rel":"","context":"Article similaire","block_context":{"text":"Article similaire","link":""},"img":{"alt_text":"","src":"https:\/\/i0.wp.com\/lyonelkaufmann.ch\/histoire\/wp-content\/uploads\/2012\/08\/les_etats_generaux1.gif?fit=538%2C298&ssl=1&resize=350%2C200","width":350,"height":200,"srcset":"https:\/\/i0.wp.com\/lyonelkaufmann.ch\/histoire\/wp-content\/uploads\/2012\/08\/les_etats_generaux1.gif?fit=538%2C298&ssl=1&resize=350%2C200 1x, https:\/\/i0.wp.com\/lyonelkaufmann.ch\/histoire\/wp-content\/uploads\/2012\/08\/les_etats_generaux1.gif?fit=538%2C298&ssl=1&resize=525%2C300 1.5x"},"classes":[]},{"id":66,"url":"https:\/\/lyonelkaufmann.ch\/histoire\/medias-technologies\/activites-web\/","url_meta":{"origin":71,"position":2},"title":"Web : Divers","author":"Lyonel Kaufmann","date":"14 avril 2006","format":false,"excerpt":"Sommaire: - Les Hi\u00e9roglyphes - Les Ch\u00e2teaux - 14-18 : La Couleur des larmes - Les \"Grandes D\u00e9couvertes\" - M\u00e9moire juive et \u00e9ducation Les Hi\u00e9roglyphes Faire \u00e9crire le nom des \u00e9l\u00e8ves en hi\u00e9roglyphes en classe. Proc\u00e9der \u00e0 la v\u00e9rification on-line. Est-ce que le r\u00e9sultat sera identique sur les diff\u00e9rents sites?\u2026","rel":"","context":"Article similaire","block_context":{"text":"Article similaire","link":""},"img":{"alt_text":"","src":"","width":0,"height":0},"classes":[]},{"id":68,"url":"https:\/\/lyonelkaufmann.ch\/histoire\/medias-technologies\/webquest\/","url_meta":{"origin":71,"position":3},"title":"Webquest | Cyberqu\u00eate","author":"Lyonel Kaufmann","date":"14 avril 2006","format":false,"excerpt":"Un WebQuest, ou Caberqu\u00eate, est une activit\u00e9 de recherche orient\u00e9e pour laquelle toutes, ou presque toutes, les informations requises par l'\u00e9l\u00e8ve sont tir\u00e9es de l'Internet.Elle est con\u00e7ue pour \u00e9viter les pertes de temps en amenant l'\u00e9l\u00e8ve \u00e0 passer plus de temps \u00e0 utiliser les informations qu'\u00e0 les chercher.Comme instrument de\u2026","rel":"","context":"Article similaire","block_context":{"text":"Article similaire","link":""},"img":{"alt_text":"","src":"","width":0,"height":0},"classes":[]},{"id":54,"url":"https:\/\/lyonelkaufmann.ch\/histoire\/support-de-cours\/","url_meta":{"origin":71,"position":4},"title":"Cours (Supports)","author":"Lyonel Kaufmann","date":"9 avril 2006","format":false,"excerpt":"Pr\u00e9sentation des supports de cours Cette page regroupe la pr\u00e9sentation succinctes des diff\u00e9rents supports de cours consultables \u00e0 partir des liens indiqu\u00e9s dans la colonne de droites sous \u00absupports de cours\u00bb. A noter que ces supports de cours appara\u00eetront dans une nouvelle fen\u00eatre et dans une autre mise en page.\u2026","rel":"","context":"Article similaire","block_context":{"text":"Article similaire","link":""},"img":{"alt_text":"","src":"","width":0,"height":0},"classes":[]},{"id":59,"url":"https:\/\/lyonelkaufmann.ch\/histoire\/film-histoire\/film-education-aux-medias\/","url_meta":{"origin":71,"position":5},"title":"Education m\u00e9dias","author":"Lyonel Kaufmann","date":"10 avril 2006","format":false,"excerpt":"Suggestions d\u2019activit\u00e9s \u2022 Diversifier les sources et documents de r\u00e9f\u00e9rence, leur appliquer les principes de la critique historique en consid\u00e9rant le contexte du document, les contraintes socio-\u00e9conomiques, les motivations de leur producteur, ainsi que le public vis\u00e9. \u2022 Inclure parmi les documents utilis\u00e9s des documents de fiction (bandes dessin\u00e9es, films,\u2026","rel":"","context":"Article similaire","block_context":{"text":"Article similaire","link":""},"img":{"alt_text":"","src":"","width":0,"height":0},"classes":[]}],"_links":{"self":[{"href":"https:\/\/lyonelkaufmann.ch\/histoire\/wp-json\/wp\/v2\/pages\/71","targetHints":{"allow":["GET"]}}],"collection":[{"href":"https:\/\/lyonelkaufmann.ch\/histoire\/wp-json\/wp\/v2\/pages"}],"about":[{"href":"https:\/\/lyonelkaufmann.ch\/histoire\/wp-json\/wp\/v2\/types\/page"}],"author":[{"embeddable":true,"href":"https:\/\/lyonelkaufmann.ch\/histoire\/wp-json\/wp\/v2\/users\/1"}],"replies":[{"embeddable":true,"href":"https:\/\/lyonelkaufmann.ch\/histoire\/wp-json\/wp\/v2\/comments?post=71"}],"version-history":[{"count":0,"href":"https:\/\/lyonelkaufmann.ch\/histoire\/wp-json\/wp\/v2\/pages\/71\/revisions"}],"up":[{"embeddable":true,"href":"https:\/\/lyonelkaufmann.ch\/histoire\/wp-json\/wp\/v2\/pages\/55"}],"wp:featuredmedia":[{"embeddable":true,"href":"https:\/\/lyonelkaufmann.ch\/histoire\/wp-json\/wp\/v2\/media\/8389"}],"wp:attachment":[{"href":"https:\/\/lyonelkaufmann.ch\/histoire\/wp-json\/wp\/v2\/media?parent=71"}],"curies":[{"name":"wp","href":"https:\/\/api.w.org\/{rel}","templated":true}]}}