{"id":72,"date":"2006-04-16T23:16:06","date_gmt":"2006-04-16T22:16:06","guid":{"rendered":"https:\/\/lyonelkaufmann.ch\/histoire\/?page_id=117"},"modified":"2006-04-16T23:16:06","modified_gmt":"2006-04-16T22:16:06","slug":"bibliographie-histoire","status":"publish","type":"page","link":"https:\/\/lyonelkaufmann.ch\/histoire\/bibliographie-histoire\/","title":{"rendered":"R\u00e9f\u00e9rences"},"content":{"rendered":"<ol>\n<li>\n<h3><a title=\"Carnets de liens\" href=\"..\/bibliographie-histoire\/carnets-de-liens\/\">Carnets de liens<\/a><\/h3>\n<\/li>\n<li>\n<h3>Bibliographie histoire, enseignement<\/h3>\n<\/li>\n<\/ol>\n<blockquote><p>Les ouvrages pr\u00e9sent\u00e9s compl\u00e8tent les r\u00e9f\u00e9rences bibliographiques des diff\u00e9rents cours et s\u00e9minaires ainsi que les ouvrages pr\u00e9sent\u00e9s dans le support de cours :<br \/>\n&#8211; <a href=\"https:\/\/lyonelkaufmann.ch\/histoire\/historiographie_sujets\/index.html\">Histoire savante : Antiquit\u00e9 -&gt; 20e si\u00e8cle<\/a> : r\u00e9f\u00e9rences, r\u00e9sum\u00e9s, bibliographies en rapport avec des sujets 5e \u00e0 9e ann\u00e9e<\/p><\/blockquote>\n<div class=\"index\">\n<ul>\n<li>\n<h3>Cat\u00e9gories :<\/h3>\n<\/li>\n<\/ul>\n<p><a href=\"https:\/\/lyonelkaufmann.ch\/histoire\/\/bibliographie\/page1.html\">Histoire, Antiquit\u00e9<\/a> | <a href=\"https:\/\/lyonelkaufmann.ch\/histoire\/\/bibliographie\/page2.html\">Histoire, Barbares<\/a> | <a href=\"https:\/\/lyonelkaufmann.ch\/histoire\/\/bibliographie\/page3.html\">Histoire, Cin\u00e9ma<\/a> | <a href=\"https:\/\/lyonelkaufmann.ch\/histoire\/\/bibliographie\/page4.html\">Histoire, Contemporain<\/a> | <a href=\"https:\/\/lyonelkaufmann.ch\/histoire\/\/bibliographie\/page5.html\">Histoire, D\u00e9couvertes<\/a> | <a href=\"https:\/\/lyonelkaufmann.ch\/histoire\/\/bibliographie\/page6.html\">Histoire, Didactique<\/a> | <a href=\"https:\/\/lyonelkaufmann.ch\/histoire\/\/bibliographie\/page7.html\">Histoire, documents<\/a> | <a href=\"https:\/\/lyonelkaufmann.ch\/histoire\/\/bibliographie\/page8.html\">Histoire, Essai<\/a> | <a href=\"https:\/\/lyonelkaufmann.ch\/histoire\/\/bibliographie\/page9.html\">Histoire, Images<\/a> | <a href=\"https:\/\/lyonelkaufmann.ch\/histoire\/\/bibliographie\/page10.html\">Histoire, Islam<\/a> | <a href=\"https:\/\/lyonelkaufmann.ch\/histoire\/\/bibliographie\/page11.html\">Histoire, M\u00e9dias<\/a> | <a href=\"https:\/\/lyonelkaufmann.ch\/histoire\/\/bibliographie\/page12.html\">Histoire, R\u00e9volutions<\/a> | <a href=\"https:\/\/lyonelkaufmann.ch\/histoire\/\/bibliographie\/page13.html\">P\u00e9dagogie<\/a> | <a href=\"https:\/\/lyonelkaufmann.ch\/histoire\/\/bibliographie\/page14.html\">Roman historique<\/a> | <a href=\"https:\/\/lyonelkaufmann.ch\/histoire\/\/bibliographie\/page15.html\">Sciences humaines, dictionnaires<\/a><\/p>\n<\/div>\n","protected":false},"excerpt":{"rendered":"<p>Carnets de liens Bibliographie histoire, enseignement Les ouvrages pr\u00e9sent\u00e9s compl\u00e8tent les r\u00e9f\u00e9rences bibliographiques des diff\u00e9rents cours et s\u00e9minaires ainsi que les ouvrages pr\u00e9sent\u00e9s dans le support de cours : &#8211; Histoire savante : Antiquit\u00e9 -&gt; 20e si\u00e8cle : r\u00e9f\u00e9rences, r\u00e9sum\u00e9s, bibliographies en rapport avec des sujets 5e \u00e0 9e ann\u00e9e Cat\u00e9gories : Histoire, Antiquit\u00e9 | [&hellip;]<\/p>\n","protected":false},"author":1,"featured_media":0,"parent":0,"menu_order":4,"comment_status":"open","ping_status":"open","template":"","meta":{"_import_markdown_pro_load_document_selector":0,"_import_markdown_pro_submit_text_textarea":"","_genesis_hide_title":false,"_genesis_hide_breadcrumbs":false,"_genesis_hide_singular_image":false,"_genesis_hide_footer_widgets":false,"_genesis_custom_body_class":"","_genesis_custom_post_class":"","_genesis_layout":"","jetpack_post_was_ever_published":false,"footnotes":""},"class_list":{"0":"post-72","1":"page","2":"type-page","3":"status-publish","5":"entry"},"featured_image_src":null,"featured_image_src_square":null,"jetpack_sharing_enabled":true,"jetpack_shortlink":"https:\/\/wp.me\/P1rJVM-1a","jetpack_likes_enabled":true,"jetpack-related-posts":[{"id":54,"url":"https:\/\/lyonelkaufmann.ch\/histoire\/support-de-cours\/","url_meta":{"origin":72,"position":0},"title":"Cours (Supports)","author":"Lyonel Kaufmann","date":"9 avril 2006","format":false,"excerpt":"Pr\u00e9sentation des supports de cours Cette page regroupe la pr\u00e9sentation succinctes des diff\u00e9rents supports de cours consultables \u00e0 partir des liens indiqu\u00e9s dans la colonne de droites sous \u00absupports de cours\u00bb. A noter que ces supports de cours appara\u00eetront dans une nouvelle fen\u00eatre et dans une autre mise en page.\u2026","rel":"","context":"Article similaire","block_context":{"text":"Article similaire","link":""},"img":{"alt_text":"","src":"","width":0,"height":0},"classes":[]},{"id":61,"url":"https:\/\/lyonelkaufmann.ch\/histoire\/film-histoire\/bibliographie\/","url_meta":{"origin":72,"position":1},"title":"Bibliographie cin\u00e9ma","author":"Lyonel Kaufmann","date":"11 avril 2006","format":false,"excerpt":"On consultera avec bonheur les dossiers et les fiches consacr\u00e9es aux rapports du Cin\u00e9ma et de l'Histoire et r\u00e9alis\u00e9es par le cin\u00e9-club de Caen. Vraiment incontournable. La consultation de l'index th\u00e9matique de Cin\u00e9ma et histoire de calindex.eu - le site des index de revues de cin\u00e9ma (45764 films, 44662 acteurs,\u2026","rel":"","context":"Article similaire","block_context":{"text":"Article similaire","link":""},"img":{"alt_text":"","src":"","width":0,"height":0},"classes":[]},{"id":201,"url":"https:\/\/lyonelkaufmann.ch\/histoire\/bibliographie-histoire\/carnets-de-liens\/","url_meta":{"origin":72,"position":2},"title":"Carnet de liens","author":"Lyonel Kaufmann","date":"28 mai 2007","format":false,"excerpt":"Mes 40 derniers liens avec le mot-cl\u00e9 \u00abhistoire\u00bb sur pinboard","rel":"","context":"Article similaire","block_context":{"text":"Article similaire","link":""},"img":{"alt_text":"","src":"","width":0,"height":0},"classes":[]},{"id":11992,"url":"https:\/\/lyonelkaufmann.ch\/histoire\/mes-cours\/msint11-1-10-seminaire-dintegration-s1\/","url_meta":{"origin":72,"position":3},"title":"MSINT S\u00e9minaire d&rsquo;int\u00e9gration Secondaire 1","author":"Lyonel Kaufmann","date":"20 septembre 2016","format":false,"excerpt":"Le s\u00e9minaire d\u2019int\u00e9gration a pour objectif central d\u2019accompagner l\u2019\u00e9tudiant[1] dans la construction de liens entre la th\u00e9orie et la pratique. Les apports de la didactique et des sciences de l\u2019\u00e9ducation ainsi que la prise en compte de l\u2019exp\u00e9rience et du parcours ant\u00e9rieur de l\u2019\u00e9tudiant sont mis en regard de la\u2026","rel":"","context":"Article similaire","block_context":{"text":"Article similaire","link":""},"img":{"alt_text":"","src":"https:\/\/i0.wp.com\/lyonelkaufmann.ch\/histoire\/wp-content\/uploads\/2016\/09\/RapportAuSavoir_Th%C3%A9ories.png?resize=350%2C200&ssl=1","width":350,"height":200,"srcset":"https:\/\/i0.wp.com\/lyonelkaufmann.ch\/histoire\/wp-content\/uploads\/2016\/09\/RapportAuSavoir_Th%C3%A9ories.png?resize=350%2C200&ssl=1 1x, https:\/\/i0.wp.com\/lyonelkaufmann.ch\/histoire\/wp-content\/uploads\/2016\/09\/RapportAuSavoir_Th%C3%A9ories.png?resize=525%2C300&ssl=1 1.5x, https:\/\/i0.wp.com\/lyonelkaufmann.ch\/histoire\/wp-content\/uploads\/2016\/09\/RapportAuSavoir_Th%C3%A9ories.png?resize=700%2C400&ssl=1 2x, https:\/\/i0.wp.com\/lyonelkaufmann.ch\/histoire\/wp-content\/uploads\/2016\/09\/RapportAuSavoir_Th%C3%A9ories.png?resize=1050%2C600&ssl=1 3x, https:\/\/i0.wp.com\/lyonelkaufmann.ch\/histoire\/wp-content\/uploads\/2016\/09\/RapportAuSavoir_Th%C3%A9ories.png?resize=1400%2C800&ssl=1 4x"},"classes":[]},{"id":97,"url":"https:\/\/lyonelkaufmann.ch\/histoire\/film-histoire\/films-periodes\/","url_meta":{"origin":72,"position":4},"title":"Films &amp; P\u00e9riodes","author":"Lyonel Kaufmann","date":"13 juillet 2006","format":false,"excerpt":"Comment le cin\u00e9ma a-t-il ou traite-t-il des diff\u00e9rentes p\u00e9riodes historiques ? Petit tour d'horizon et renvoi vers des ouvrages ou des sites sp\u00e9cifiques. P\u00e9riodes abord\u00e9es : \u00a0\u00a0 Films & Antiquit\u00e9 Films & Moyen \u00c2ge Films & Ancien R\u00e9gime Films & R\u00e9volutions Films & Premi\u00e8re guerre mondiale Film & Shoah Films\u2026","rel":"","context":"Article similaire","block_context":{"text":"Article similaire","link":""},"img":{"alt_text":"","src":"","width":0,"height":0},"classes":[]},{"id":12804,"url":"https:\/\/lyonelkaufmann.ch\/histoire\/mes-cours\/bp43mep-9-comment-penser-les-monde-daujourdhui-et-de-demain-par-lintermediaire-des-disciplines-des-sciences-humaines-et-sociales\/","url_meta":{"origin":72,"position":5},"title":"BP43MEP-9 \u00abComment penser le monde d&rsquo;aujourd&rsquo;hui et de demain, par l&rsquo;interm\u00e9diaire des disciplines des sciences humaines et sociales ?\u00bb","author":"Lyonel Kaufmann","date":"15 f\u00e9vrier 2017","format":false,"excerpt":"Pr\u00e9sentation du s\u00e9minaire Les finalit\u00e9s que l\u2019institution scolaire assigne aux disciplines des sciences humaines et sociales sont ambitieuses et convergent de mani\u00e8re explicite vers deux \u00ab\u00a0p\u00f4les\u00a0\u00bb : donner aux \u00e9l\u00e8ves les moyens de comprendre le monde actuel et contribuer \u00e0 ce que les \u00e9l\u00e8ves d\u2019aujourd\u2019hui deviennent demain des citoyens responsables.\u2026","rel":"","context":"Article similaire","block_context":{"text":"Article similaire","link":""},"img":{"alt_text":"","src":"https:\/\/i0.wp.com\/lyonelkaufmann.ch\/histoire\/wp-content\/uploads\/2017\/02\/M%C3%A9moire-professionnel-crit%C3%A8res-de-rigueur-700x812.png?resize=350%2C200&ssl=1","width":350,"height":200,"srcset":"https:\/\/i0.wp.com\/lyonelkaufmann.ch\/histoire\/wp-content\/uploads\/2017\/02\/M%C3%A9moire-professionnel-crit%C3%A8res-de-rigueur-700x812.png?resize=350%2C200&ssl=1 1x, https:\/\/i0.wp.com\/lyonelkaufmann.ch\/histoire\/wp-content\/uploads\/2017\/02\/M%C3%A9moire-professionnel-crit%C3%A8res-de-rigueur-700x812.png?resize=525%2C300&ssl=1 1.5x, https:\/\/i0.wp.com\/lyonelkaufmann.ch\/histoire\/wp-content\/uploads\/2017\/02\/M%C3%A9moire-professionnel-crit%C3%A8res-de-rigueur-700x812.png?resize=700%2C400&ssl=1 2x"},"classes":[]}],"_links":{"self":[{"href":"https:\/\/lyonelkaufmann.ch\/histoire\/wp-json\/wp\/v2\/pages\/72","targetHints":{"allow":["GET"]}}],"collection":[{"href":"https:\/\/lyonelkaufmann.ch\/histoire\/wp-json\/wp\/v2\/pages"}],"about":[{"href":"https:\/\/lyonelkaufmann.ch\/histoire\/wp-json\/wp\/v2\/types\/page"}],"author":[{"embeddable":true,"href":"https:\/\/lyonelkaufmann.ch\/histoire\/wp-json\/wp\/v2\/users\/1"}],"replies":[{"embeddable":true,"href":"https:\/\/lyonelkaufmann.ch\/histoire\/wp-json\/wp\/v2\/comments?post=72"}],"version-history":[{"count":0,"href":"https:\/\/lyonelkaufmann.ch\/histoire\/wp-json\/wp\/v2\/pages\/72\/revisions"}],"wp:attachment":[{"href":"https:\/\/lyonelkaufmann.ch\/histoire\/wp-json\/wp\/v2\/media?parent=72"}],"curies":[{"name":"wp","href":"https:\/\/api.w.org\/{rel}","templated":true}]}}