{"id":97,"date":"2006-07-13T23:41:54","date_gmt":"2006-07-13T23:41:54","guid":{"rendered":"https:\/\/lyonelkaufmann.ch\/histoire\/?page_id=164"},"modified":"2022-11-24T16:16:31","modified_gmt":"2022-11-24T15:16:31","slug":"films-periodes","status":"publish","type":"page","link":"https:\/\/lyonelkaufmann.ch\/histoire\/film-histoire\/films-periodes\/","title":{"rendered":"Films &amp; P\u00e9riodes"},"content":{"rendered":"<p>Comment le cin\u00e9ma a-t-il ou traite-t-il des diff\u00e9rentes p\u00e9riodes historiques ?<br \/>\nPetit tour d&rsquo;horizon et renvoi vers des ouvrages ou des sites sp\u00e9cifiques.<br \/>\nP\u00e9riodes abord\u00e9es :<br \/>\n<strong><strong>\u00a0\u00a0<\/strong><\/strong><\/p>\n<ol>\n<li><a href=\"#antiquite\">Films &amp; Antiquit\u00e9<\/a><\/li>\n<li><a href=\"#MoyenAge\">Films &amp; Moyen \u00c2ge<\/a><\/li>\n<li><a href=\"#AncienRegime\">Films &amp; Ancien R\u00e9gime<\/a><\/li>\n<li><a href=\"#Revolutions\">Films &amp; R\u00e9volutions<\/a><\/li>\n<li><a href=\"#14-18\">Films &amp; Premi\u00e8re guerre mondiale<\/a><\/li>\n<li><a href=\"#Shoah\">Film &amp; Shoah<\/a><\/li>\n<\/ol>\n<h3>Films &amp; Antiquit\u00e9<\/h3>\n<p>Les films sur l&rsquo;Antiquit\u00e9 appartiennent \u00e0 plusieurs familles.<br \/>\nLa principale est celle dont la source est <a href=\"http:\/\/www.cineclubdecaen.com\/analyse\/filmsbibliques.htm\">la Bible<\/a> et qui est le fait, le plus souvent, de cin\u00e9astes am\u00e9ricains.<br \/>\nLa deuxi\u00e8me famille porte sur les grandes heures de l&rsquo;Empire romain et elle pr\u00e9sente volontiers les m\u00eames traits que la pr\u00e9c\u00e9dente; ainsi abondent les C\u00e9sar et Cl\u00e9op\u00e2tre. Mais, l&rsquo;\u00e9vocation de l&rsquo;Empire romain est \u00e9galement une glorification de l&rsquo;Occident face aux Barbares. Principalement au travers des <a href=\"http:\/\/www.cineclubdecaen.com\/analyse\/cinemaethistoire022peplum.htm\">p\u00e9plums<\/a>.<br \/>\nSans doute est-ce contre ces clich\u00e9s que r\u00e9agissent Stanley Kubrick et Dalton Trumbo dans <em>Spartacus<\/em> (1960)<br \/>\nMais, sur l&rsquo;histoire de l&rsquo;Antiquit\u00e9 au cin\u00e9ma, la vraie rupture est celle qu&rsquo;op\u00e8re Frederico Fellini dans <em>Satyricon<\/em> (1969). Se lib\u00e9rant de la m\u00e9moire historique transmise par la tradition classique, il imagine la vie de ses personnages comme le ferait un reporter aujourd&rsquo;hui. Le tout \u00e9tant imagin\u00e9 pour nous d\u00e9payser et nous transporter dans un monde qui nous est alors \u00e9tranger.<\/p>\n<p>Tir\u00e9 et adapt\u00e9 de Ferro M. (2003). <em>Cin\u00e9ma, une vision de l&rsquo;histoire<\/em>. Paris: \u00e9d. du Ch\u00eane, pp. 18-20<\/p>\n<h3>Films et Moyen \u00c2ge<\/h3>\n<p>Comme l&rsquo;a montr\u00e9 Michel Zink, dans<em> Les Cahiers de la cin\u00e9math\u00e8que<\/em> (1985), la plupart des films d&rsquo;histoire sur le Moyen \u00c2ge constituent <em>\u00ab\u00a0une projection dans l&rsquo;enfance, une projection de l&rsquo;enfance.\u00a0\u00bb<\/em><\/p>\n<p>Tir\u00e9 et adapt\u00e9 de Ferro M. (2003). <em>Cin\u00e9ma, une vision de l&rsquo;histoire<\/em>. Paris: \u00e9d. du Ch\u00eane, pp. 18-20<\/p>\n<p>Dans le prolongement de l&rsquo;ouvrage de Ferro, <a href=\"http:\/\/www.cineclubdecaen.com\/analyse\/cinemaethistoire03moyenage.htm\">le cin\u00e9-club de Caen<\/a> vous propose un dossier reprenant les propos et la d\u00e9marche de Ferro, ainsi que des fiches de pr\u00e9sentation de divers films sur le moyen-\u00e2ge.<br \/>\nPour une filmographie th\u00e9matique tr\u00e8s compl\u00e8te, la consultation de <a href=\"http:\/\/www.fordham.edu\/halsall\/medfilms.html#feudalism\">Medieval History in the Movies<\/a> s&rsquo;av\u00e8re indispensable.<\/p>\n<p>Par ailleurs \u2014bas\u00e9 sur <em>\u00abLe Moyen-Age vu par le cin\u00e9ma europ\u00e9en\u00bb<\/em> des <em>Cahiers de Conques<\/em>, n\u00b03, avril 2001\u2014 l&rsquo;article <a href=\"http:\/\/chrysopee.net\/index.php?rub=0&amp;art=Affiche_Article&amp;ID=574\">Cin\u00e9ma et Moyen \u00c2ge<\/a> du site les <em>Sentiers de l&rsquo;imaginaire<\/em>, vous offrira une entr\u00e9e en mati\u00e8re tr\u00e8s utile au travers du Moyen \u00c2ge vu par Hollywood ou le cin\u00e9ma europ\u00e9en.<br \/>\nIl faut noter aussi la publication majeure de Fran\u00e7ois Amy De La Bret\u00e8que (2004), <em>L\u2019Imaginaire m\u00e9di\u00e9val dans le cin\u00e9ma occidental<\/em><em>. Paris: Champion, 1276 p. (Nouvelle Biblioth\u00e8que du Moyen Age, 70). ISBN : 2-7453-1064-X. Un compte-rendu de cet ouvrage a \u00e9t\u00e9 publi\u00e9 par la Revue <\/em><em>Le Moyen Age<\/em> no1 2005 [ISBN : 2-8041-4728-2] par Jean Dufournet \u00abLe Moyen \u00c2ge au cin\u00e9ma\u00bb p. 115 \u00e0 120.<\/p>\n<h3>Films &amp; Ancien R\u00e9gime<\/h3>\n<p>La repr\u00e9sentation de l&rsquo;Ancien R\u00e9gime au cin\u00e9ma a bien chang\u00e9, des \u00ab\u00a0films en dentelles\u00a0\u00bb r\u00e9alis\u00e9s dans l&rsquo;entre deux-guerres aux visions plus \u00ab\u00a0noires\u00a0\u00bb du cin\u00e9ma-histoire des ann\u00e9es 1970. Longtemps, le cin\u00e9ma de fiction pr\u00e9sente une version \u00ab\u00a0rose\u00a0\u00bb de l&rsquo;Ancien R\u00e9gime, qui convient parfaitement aux imp\u00e9ratifs des producteurs. Mais cette vision r\u00e9ductrice et pour tout dire r\u00e9actionnaire ne r\u00e9siste pas au temps, surtout en France o\u00f9 elle contredit de mani\u00e8re flagrante l&rsquo;enseignement r\u00e9publicain. D\u00e8s la fin des ann\u00e9es 1950, l&rsquo;Ancien R\u00e9gime est brocard\u00e9 par quelques jeunes insolents comme Fanfan la Tulipe ou Cartouche&#8230; Dans les ann\u00e9es 1970, le cin\u00e9ma se r\u00e9concilie avec l&rsquo;Histoire pour donner enfin une vision cr\u00e9dible de l&rsquo;\u00e9poque, au prix d&rsquo;un certain didactisme.<\/p>\n<p>Pascal Bauchard dans <a href=\"http:\/\/educine.chez-alice.fr\/analyses\/ancienreg.htm\">Educin\u00e9<\/a><\/p>\n<h2>a) Films de cape et d&rsquo;\u00e9p\u00e9e<\/h2>\n<p><em>Leur r\u00f4le est essentiellement conservateur, dans le sens o\u00f9 leur mission est de \u00ab\u00a0remettre de l&rsquo;ordre\u00a0\u00bb: la Monarchie n&rsquo;y est jamais critiqu\u00e9e et les \u00ab\u00a0Bons rois\u00a0\u00bb de Lavisse sont valoris\u00e9s. <\/em>(Bauchard)<\/p>\n<p><em>Le Bossu<\/em> (1959) de Andr\u00e9 Hunebelle avec Jean Marais et Bourvil<\/p>\n<h2>b) Le cin\u00e9ma-histoire<\/h2>\n<p>La Nouvelle histoire, alors en pleine ascension, inspirera beaucour de r\u00e9alisateurs \u00e0 partir des ann\u00e9es 1970.<br \/>\nL&rsquo;exemple type r\u00e9side dans le film de Ren\u00e9 Allio sur les Camisards. Elle n&rsquo;est pas sans poser certains probl\u00e8mes que Ren\u00e9 Allio r\u00e9sume clairement :<br \/>\n<em>\u00ab\u00a0Si vous d\u00e9cider de ne pas passer par un h\u00e9ros central, il ne peut y avoir de vedette donc il faut un autre financement. On peut facilement pr\u00e9senter les classes domnantes : il est beaucoup plus difficile de repr\u00e9senter les classes populaire.\u00a0\u00bb<\/em> (cit\u00e9 par Bauchard)<\/p>\n<p>Ce cin\u00e9ma \u00e9rudit a pu para\u00eetre aust\u00e8re \u00e0 certains. D&rsquo;ailleurs, certains de ces films n&rsquo;ont eu qu&rsquo;une audience r\u00e9duite et les r\u00e9alisateurs n&rsquo;ont trouv\u00e9 leur salut qu&rsquo;en travaillant pour la t\u00e9l\u00e9vision. Il est clair que ces cin\u00e9astes insistent sur les ombres de cette p\u00e9riode : l&rsquo;oppression f\u00e9odale dans<em> 1788<\/em>, l&rsquo;absolutisme religieux dans <em>Les Camisards<\/em>&#8230; M\u00eame quand ils \u00e9voquent la Cour, c&rsquo;est pour d\u00e9monter les strat\u00e9gies de repr\u00e9sentation du pouvoir monarchique ou souligner l&rsquo;ambiance corrompue et cynique qui y r\u00e8gne (<em>Que la f\u00eate commence<\/em> de Tavernier).<\/p>\n<p>Cette nouvelle vision de la p\u00e9riode s&rsquo;est maintenant suffisamment impos\u00e9e pour \u00eatre int\u00e9gr\u00e9e dans tous les films qui se d\u00e9roulent sous l&rsquo;Ancien R\u00e9gime.<\/p>\n<p><em>Les Camisards <\/em>(1972) de Ren\u00e9 Allio<br \/>\n<em>Que la f\u00eate commence <\/em>(1974) de Bertrand Tavernier<\/p>\n<h3>Films &amp; R\u00e9volutions<\/h3>\n<p><em>R\u00e9voltes, r\u00e9volutions, cin\u00e9ma<\/em><br \/>\nde Christian Delage, B\u00e9atrice Fleury-Vilatte, Marc Ferro, Centre national d&rsquo;art et de culture Georges-PompidouFrance<\/p>\n<p>Langue : Fran\u00e7ais \u00c9diteur : Editions du Centre Pompidou (15 juillet 1993)<br \/>\nCollection : Cin\u00e9ma pluriel<br \/>\nFormat : Broch\u00e9 &#8211; 311 pages<br \/>\nASIN : 2858505357<br \/>\nDimensions (en cm) : 2 x 20 x 24<\/p>\n<p><strong>Pr\u00e9sentation de l&rsquo;\u00e9diteur<\/strong><br \/>\nTextes de Christian Delage et B\u00e9atrice Fleury-Vilatte. Une r\u00e9flexion sur les rapports entre le cin\u00e9ma historique et l&rsquo;histoire des r\u00e9voltes et r\u00e9volutions dans le monde entier, selon qu&rsquo;il les reconstitue ou qu&rsquo;il les reconstruit. L&rsquo;ouvrage contient quatre-vingts synopsis de films. Cet ouvrage s&rsquo;int\u00e9resse aux films historiques, toute origine confondue, qui t\u00e9moignent des plus grandes r\u00e9voltes ou r\u00e9volutions (de la R\u00e9volution fran\u00e7aise \u00e0 la R\u00e9volution islamique de T\u00e9h\u00e9ran en passant par la R\u00e9volution russe et la guerre d&rsquo;Espagne). Il offre une analyse pr\u00e9cise de l&rsquo;\u00e9volution de ce genre suivant les pays et les \u00e9poques. Il interroge par ailleurs le sens m\u00eame de la notion d'\u00a0\u00bbaction r\u00e9volutionnaire\u00a0\u00bb men\u00e9e par les cin\u00e9astes. Autrement dit, il interroge la mani\u00e8re dont ces derniers ont su se d\u00e9tacher du r\u00e9cit de reconstitution pour d\u00e9couvrir, par l&rsquo;imaginaire, un syst\u00e8me de reconstruction qui permet de d\u00e9passer le degr\u00e9 z\u00e9ro de l&rsquo;analyse historique et de donner \u00e0 penser le rapport entre pass\u00e9 et pr\u00e9sent.<\/p>\n<p>Le dossier <a href=\"http:\/\/www.cinehig.clionautes.org\/spip.php?article168\" target=\"_blank\" rel=\"noopener\">La R\u00e9volution fran\u00e7aise \u00e0 l\u2019\u00e9cran<\/a> : int\u00e9r\u00eats et probl\u00e8mes pour l\u2019historien et l\u2019enseignant du site cinehig.<br \/>\nApr\u00e8s un article repla\u00e7ant dans le contexte historiographique et cin\u00e9matographique diff\u00e9rentes oeuvres de fiction, l&rsquo;article se conclut sur une s\u00e9rie de th\u00e8me\/sujets\/\u00e9v\u00e9nements pouvant \u00eatre travaill\u00e9s en classe. Chaque th\u00e8me est accompagn\u00e9 d&rsquo;un dossier p\u00e9dagogique.<\/p>\n<p>Voir aussi le billet:\u00a0<a title=\"Permanent link to \u201cR\u00e9volution fran\u00e7aise\u201d de Robert Enrico sur DailyMotion\" href=\"https:\/\/lyonelkaufmann.ch\/histoire\/2009\/02\/22\/extraits-du-film-revolution-francaise-de-robert-enrico-sur-dailymotion\/\" rel=\"bookmark\">\u201cR\u00e9volution fran\u00e7aise\u201d de Robert Enrico sur DailyMotion<\/a><\/p>\n<h3>Films &amp; Premi\u00e8re Guerre Mondiale<\/h3>\n<p><strong>Les trois configurations historiographiques de 14-18<\/strong><\/p>\n<p>Le traitement de 14-18 par les historiens a connu \u00abtrois configurations historiographiques\u00bb majeures.<br \/>\n&#8211; <strong>La premi\u00e8re<\/strong>, n\u00e9e au coeur m\u00eame de la guerre, est surtout d&rsquo;ordre militaire et diplomatique (politique). Une histoire \u201cvue d\u2019en haut\u201d. Il s&rsquo;agit surtout alors d&rsquo;\u00e9tablir l&rsquo;histoire du conflit, d&rsquo;en recenser les sources, d&rsquo;en arr\u00eater le sens. D&rsquo;o\u00f9 le poids \u00e9crasant de la question des \u00abresponsabilit\u00e9s\u00bb, celles du d\u00e9clenchement de la guerre, de sa conduite ou de son issue.<br \/>\n&#8211; <strong>Une deuxi\u00e8me \u00e9tape<\/strong> est perceptible \u00e0 la fin des ann\u00e9es 1950. Apr\u00e8s la guerre \u201cvue d\u2019en haut\u201d vient le temps de la guerre \u201cvue d\u2019en bas. C\u2019est le grand moment de l\u2019histoire \u00e9conomique et sociale, influenc\u00e9e par le marxisme et attentive aux conditions de vie et aux rapports de classes, aux contraintes \u00e9conomiques et aux effets politiques, notamment r\u00e9volutionnaires. La guerre devient mobilisation \u00e9conomique, \u201cguerre totale\u201d. La question de la \u201cr\u00e9volution\u201d est au coeur des probl\u00e9matiques.<br \/>\n&#8211;<strong>La derni\u00e8re s\u00e9quence<\/strong>, qui \u00e9merge dans la d\u00e9cennie 1980, cherche \u00e0 constituer la \u00abculture de guerre\u00bb \u2014sur les contraintes et l\u2019encadrement qui p\u00e8sent sur les individus ou leur adh\u00e9sion volontaire\u2014 et \u00e9tudie la \u201cbrutalisation\u201d qui r\u00e9sulte de l\u2019exp\u00e9rience de guerre.<br \/>\n<strong>R\u00e9f\u00e9rence : <\/strong>Prost, A. &amp; Winter, J. (2003). <em>Penser la Grande Guerre. Un essai d\u2019historiographie. <\/em>Paris: Seuil.<\/p>\n<p><strong>14-18 au cin\u00e9ma<\/strong><\/p>\n<p>Pour une recension des films sur 14-18 de 1916 \u00e0 2005, vous pouvez t\u00e9l\u00e9charger le fichier .doc \u201cCin\u00e9ma et premi\u00e8re guerre mondiale\u201d de l\u2019Acad\u00e9mie de Besan\u00e7on :<br \/>\n<a href=\"artic.ac-besancon.fr\/histoire_geographie\/HGFTP\/autres\/Cinema\/cine1418.doc\">artic.ac-besancon.fr\/histoire_geographie\/HGFTP\/autres\/Cinema\/cine1418.doc<\/a><\/p>\n<p><a href=\"http:\/\/www.cineclubdecaen.com\/analyse\/cinemaethistoire08guerre14.htm\">Le dossie<\/a>r relatif \u00e0 la guerre 14-18 du cin\u00e9-club de Caen. Il comprend \u00e9galement des fiches de films.<\/p>\n<p>Par ailleurs, le site \u00e9cran noir consacre un <em>Dossier \u00e0 la guerre 14-18 au cin\u00e9ma<\/em> : <a href=\"http:\/\/www.ecrannoir.fr\/dossiers\/14-18\/index.html\">http:\/\/www.ecrannoir.fr\/dossiers\/14-18\/index.html<\/a><\/p>\n<p>Dans les classiques ou r\u00e9cents, on peut signaler :<br \/>\n&#8211; Jean Renoir (1937) <em>La Grande Illusion<\/em><br \/>\n&#8211; Stanley Kubrick (1958) <em>Les sentiers de la gloire<\/em> [lire article <a href=\"http:\/\/www.cinehig.clionautes.org\/article.php3?id_article=69\">Les sentiers de la gloire, de l\u2019histoire \u00e0 l\u2019historicit\u00e9<\/a> de Cinehig et celui de T\u00e9l\u00e9doc <a href=\"http:\/\/www.cndp.fr\/tice\/teledoc\/dossiers\/dossier_sentiers.htm\">Les Sentiers de la Gloire<\/a>]<br \/>\n&#8211; Bertrand Tavernier (1989) <em>La Vie et rien d\u2019autre<\/em> et (1996) <em>Capitaine Conan<\/em>.<br \/>\n&#8211; Fran\u00e7ois Dupeyron (2001) <em>La Chambre des Officiers<\/em><br \/>\n&#8211; Jean-Pierre Jeunet (2004) <em>Un long dimanche de fian\u00e7ailles<\/em> [voir l&rsquo;article de l&rsquo;aphg de Caen <a href=\"http:\/\/aphgcaen.free.fr\/dossiers\/longdim.htm\">Un long dimanche de fian\u00e7ailles<\/a>]<br \/>\n&#8211; Christian Carion (2005) <em>Joyeux No\u00ebl<\/em><\/p>\n<h3>Films &amp; Shoah<\/h3>\n<p><a href=\"https:\/\/www.cineclubdecaen.com\/analyse\/shoahaucinema.htm\" target=\"_blank\" rel=\"noopener\">Le dossier et les fiches<\/a> relatives au Cin\u00e9ma et Histoire du Cin\u00e9-Club de Caen.<\/p>\n<p>Mon billet <a href=\"https:\/\/lyonelkaufmann.ch\/histoire\/2007\/02\/02\/nuit-et-brouillard-un-lieu-de-ma%c2%a9moire\/\">\u00ab\u00a0Nuit et brouillard, un lieu de m\u00e9moire\u00a0\u00bb<\/a>.<\/p>\n","protected":false},"excerpt":{"rendered":"<p>Comment le cin\u00e9ma a-t-il ou traite-t-il des diff\u00e9rentes p\u00e9riodes historiques ? Petit tour d&rsquo;horizon et renvoi vers des ouvrages ou des sites sp\u00e9cifiques. P\u00e9riodes abord\u00e9es : \u00a0\u00a0 Films &amp; Antiquit\u00e9 Films &amp; Moyen \u00c2ge Films &amp; Ancien R\u00e9gime Films &amp; R\u00e9volutions Films &amp; Premi\u00e8re guerre mondiale Film &amp; Shoah Films &amp; Antiquit\u00e9 Les films sur [&hellip;]<\/p>\n","protected":false},"author":1,"featured_media":0,"parent":53,"menu_order":0,"comment_status":"open","ping_status":"closed","template":"","meta":{"_import_markdown_pro_load_document_selector":0,"_import_markdown_pro_submit_text_textarea":"","_genesis_hide_title":false,"_genesis_hide_breadcrumbs":false,"_genesis_hide_singular_image":false,"_genesis_hide_footer_widgets":false,"_genesis_custom_body_class":"","_genesis_custom_post_class":"","_genesis_layout":"","jetpack_post_was_ever_published":false,"footnotes":""},"class_list":{"0":"post-97","1":"page","2":"type-page","3":"status-publish","5":"entry"},"featured_image_src":null,"featured_image_src_square":null,"jetpack_sharing_enabled":true,"jetpack_shortlink":"https:\/\/wp.me\/P1rJVM-1z","jetpack_likes_enabled":true,"jetpack-related-posts":[{"id":53,"url":"https:\/\/lyonelkaufmann.ch\/histoire\/film-histoire\/","url_meta":{"origin":97,"position":0},"title":"Film&amp;Histoire","author":"Lyonel Kaufmann","date":"9 avril 2006","format":false,"excerpt":"\"Un film historique est comparable \u00e0 un film de science fiction\" (Stanley Kubrick) Ressources, articles, r\u00e9flexions et choix raisonn\u00e9 de films pour l'enseignement de l'histoire. On consultera \u00e9galement \u00e0 profit les diff\u00e9rents articles r\u00e9dig\u00e9s comprenant le tag film&histoire. Les pages: Cin\u00e9astes & Historiens Education m\u00e9dias Films & P\u00e9riodes Vocabulaire filmique\u2026","rel":"","context":"Article similaire","block_context":{"text":"Article similaire","link":""},"img":{"alt_text":"","src":"","width":0,"height":0},"classes":[]},{"id":67,"url":"https:\/\/lyonelkaufmann.ch\/histoire\/medias-technologies\/projets-multimedias\/","url_meta":{"origin":97,"position":1},"title":"Multim\u00e9dia","author":"Lyonel Kaufmann","date":"14 avril 2006","format":false,"excerpt":"Projets utilisant les possibilit\u00e9s multim\u00e9dias pour organiser des apprentissages en histoire. Ces activit\u00e9s peuvent soit \u00eatre pr\u00e9par\u00e9es par les enseignants, soit faire l'objet d'un projet \u00e0 r\u00e9aliser par\/avec les \u00e9l\u00e8ves. Dans la plupart des cas, il s'agit d'une combinaison de l'utilisation d'une vid\u00e9o ou d'un appareil de photographie num\u00e9rique d'un\u2026","rel":"","context":"Article similaire","block_context":{"text":"Article similaire","link":""},"img":{"alt_text":"","src":"","width":0,"height":0},"classes":[]},{"id":61,"url":"https:\/\/lyonelkaufmann.ch\/histoire\/film-histoire\/bibliographie\/","url_meta":{"origin":97,"position":2},"title":"Bibliographie cin\u00e9ma","author":"Lyonel Kaufmann","date":"11 avril 2006","format":false,"excerpt":"On consultera avec bonheur les dossiers et les fiches consacr\u00e9es aux rapports du Cin\u00e9ma et de l'Histoire et r\u00e9alis\u00e9es par le cin\u00e9-club de Caen. Vraiment incontournable. La consultation de l'index th\u00e9matique de Cin\u00e9ma et histoire de calindex.eu - le site des index de revues de cin\u00e9ma (45764 films, 44662 acteurs,\u2026","rel":"","context":"Article similaire","block_context":{"text":"Article similaire","link":""},"img":{"alt_text":"","src":"","width":0,"height":0},"classes":[]},{"id":73,"url":"https:\/\/lyonelkaufmann.ch\/histoire\/film-histoire\/filmographie\/","url_meta":{"origin":97,"position":3},"title":"Filmographie","author":"Lyonel Kaufmann","date":"17 avril 2006","format":false,"excerpt":"S\u00e9lection de films historiques \u00a0 Gladiator R\u00e9alisateur: Ridley Scott Avec: Russell Crowe, Joaquin Phoenix Genre: 1. Antiquit\u00e9 Studio: Universal Pictures Mon classement: Classement: Appr\u00e9ciation: 5 (4 votes) Date de parution: Oct 2004 Emprunt\u00e9 par: \u00a0 \u00a0 \u00a0 \u00a0 Emprunt\u00e9 le: Commentaires: \"Gladiator\" marquait un double retour cin\u00e9matographique : celui du\u2026","rel":"","context":"Article similaire","block_context":{"text":"Article similaire","link":""},"img":{"alt_text":"","src":"Images\/star0.gif","width":350,"height":200},"classes":[]},{"id":58,"url":"https:\/\/lyonelkaufmann.ch\/histoire\/film-histoire\/vocabulaire-du-film\/","url_meta":{"origin":97,"position":4},"title":"Vocabulaire filmique","author":"Lyonel Kaufmann","date":"10 avril 2006","format":false,"excerpt":"Unit\u00e9s narratives Par convention, on d\u00e9cide qu'un film se d\u00e9coupe en s\u00e9quences, sc\u00e8nes et plans. Plan Mot polys\u00e9mique. a) Une unit\u00e9 de tournage d\u00e9signant une dur\u00e9e plus ou moins longue pendant laquelle la cam\u00e9ra enregistre les images sans interruption. Soit la portion de pellicule comprise entre deux coupes. b) La\u2026","rel":"","context":"Article similaire","block_context":{"text":"Article similaire","link":""},"img":{"alt_text":"","src":"","width":0,"height":0},"classes":[]},{"id":59,"url":"https:\/\/lyonelkaufmann.ch\/histoire\/film-histoire\/film-education-aux-medias\/","url_meta":{"origin":97,"position":5},"title":"Education m\u00e9dias","author":"Lyonel Kaufmann","date":"10 avril 2006","format":false,"excerpt":"Suggestions d\u2019activit\u00e9s \u2022 Diversifier les sources et documents de r\u00e9f\u00e9rence, leur appliquer les principes de la critique historique en consid\u00e9rant le contexte du document, les contraintes socio-\u00e9conomiques, les motivations de leur producteur, ainsi que le public vis\u00e9. \u2022 Inclure parmi les documents utilis\u00e9s des documents de fiction (bandes dessin\u00e9es, films,\u2026","rel":"","context":"Article similaire","block_context":{"text":"Article similaire","link":""},"img":{"alt_text":"","src":"","width":0,"height":0},"classes":[]}],"_links":{"self":[{"href":"https:\/\/lyonelkaufmann.ch\/histoire\/wp-json\/wp\/v2\/pages\/97","targetHints":{"allow":["GET"]}}],"collection":[{"href":"https:\/\/lyonelkaufmann.ch\/histoire\/wp-json\/wp\/v2\/pages"}],"about":[{"href":"https:\/\/lyonelkaufmann.ch\/histoire\/wp-json\/wp\/v2\/types\/page"}],"author":[{"embeddable":true,"href":"https:\/\/lyonelkaufmann.ch\/histoire\/wp-json\/wp\/v2\/users\/1"}],"replies":[{"embeddable":true,"href":"https:\/\/lyonelkaufmann.ch\/histoire\/wp-json\/wp\/v2\/comments?post=97"}],"version-history":[{"count":0,"href":"https:\/\/lyonelkaufmann.ch\/histoire\/wp-json\/wp\/v2\/pages\/97\/revisions"}],"up":[{"embeddable":true,"href":"https:\/\/lyonelkaufmann.ch\/histoire\/wp-json\/wp\/v2\/pages\/53"}],"wp:attachment":[{"href":"https:\/\/lyonelkaufmann.ch\/histoire\/wp-json\/wp\/v2\/media?parent=97"}],"curies":[{"name":"wp","href":"https:\/\/api.w.org\/{rel}","templated":true}]}}